{"id":486,"date":"2017-04-25T13:32:40","date_gmt":"2017-04-25T13:32:40","guid":{"rendered":"https:\/\/repagas.com\/?page_id=486"},"modified":"2017-10-17T07:54:55","modified_gmt":"2017-10-17T07:54:55","slug":"accueil","status":"publish","type":"page","link":"https:\/\/repagas.com\/fr\/","title":{"rendered":"Accueil"},"content":{"rendered":"<h2>Engagement vis-\u00e0-vis de la qualit\u00e9<\/h2>\n<p>Pour \u00eatre meilleurs, il faut embrasser le changement et l\u2019\u00e9volution continus et proposer des solutions et des engagements que d\u2019autres ne sont pas en mesure de fournir. Chez REPAGAS, nous mettons \u00e0 profit cette d\u00e9termination pour trouver des alternatives capables d\u2019am\u00e9liorer le comportement de nos \u00e9quipements et nous d\u00e9marquer pour atteindre l\u2019excellence.<\/p>\n<p>[devvn_ihotspot id=\u00a0\u00bb961&Prime;]<\/p>\n","protected":false},"excerpt":{"rendered":"<p>Engagement vis-\u00e0-vis de la qualit\u00e9 Pour \u00eatre meilleurs, il faut embrasser le changement et l\u2019\u00e9volution continus et proposer des solutions et des engagements que d\u2019autres ne sont pas en mesure de fournir. Chez REPAGAS, nous mettons \u00e0 profit cette d\u00e9termination pour trouver des alternatives capables d\u2019am\u00e9liorer le comportement de nos \u00e9quipements et nous d\u00e9marquer pour [&hellip;]<\/p>\n","protected":false},"author":1,"featured_media":0,"parent":0,"menu_order":0,"comment_status":"closed","ping_status":"closed","template":"elementor_header_footer","meta":{"footnotes":""},"class_list":["post-486","page","type-page","status-publish","hentry"],"yoast_head":"<!-- This site is optimized with the Yoast SEO plugin v27.2 - https:\/\/yoast.com\/product\/yoast-seo-wordpress\/ -->\n<title>Repagas, la cuisine est un espace primordial. \u00c9quipements de qualit\u00e9.<\/title>\n<meta name=\"description\" content=\"Pour Repagas la cuisine est un espace primordial. Nous l\u2019\u00e9quipons avec des \u00e9quipements de qualit\u00e9 pour que vous puissiez pr\u00e9parer tous vos meilleurs plats.\" \/>\n<meta name=\"robots\" content=\"index, follow, max-snippet:-1, max-image-preview:large, max-video-preview:-1\" \/>\n<link rel=\"canonical\" href=\"https:\/\/repagas.com\/accueil\/\" \/>\n<meta property=\"og:locale\" content=\"fr_FR\" \/>\n<meta property=\"og:type\" content=\"article\" \/>\n<meta property=\"og:title\" content=\"Repagas, la cuisine est un espace primordial. \u00c9quipements de qualit\u00e9.\" \/>\n<meta property=\"og:description\" content=\"Pour Repagas la cuisine est un espace primordial. Nous l\u2019\u00e9quipons avec des \u00e9quipements de qualit\u00e9 pour que vous puissiez pr\u00e9parer tous vos meilleurs plats.\" \/>\n<meta property=\"og:url\" content=\"https:\/\/repagas.com\/accueil\/\" \/>\n<meta property=\"og:site_name\" content=\"Repagas\" \/>\n<meta property=\"article:publisher\" content=\"https:\/\/www.facebook.com\/Repagas\/\" \/>\n<meta property=\"article:modified_time\" content=\"2017-10-17T07:54:55+00:00\" \/>\n<meta name=\"twitter:card\" content=\"summary_large_image\" \/>\n<meta name=\"twitter:site\" content=\"@Repagas\" \/>\n<script type=\"application\/ld+json\" class=\"yoast-schema-graph\">{\"@context\":\"https:\/\/schema.org\",\"@graph\":[{\"@type\":\"WebPage\",\"@id\":\"https:\/\/repagas.com\/accueil\/\",\"url\":\"https:\/\/repagas.com\/accueil\/\",\"name\":\"Repagas, la cuisine est un espace primordial. \u00c9quipements de qualit\u00e9.\",\"isPartOf\":{\"@id\":\"https:\/\/repagas.com\/#website\"},\"datePublished\":\"2017-04-25T13:32:40+00:00\",\"dateModified\":\"2017-10-17T07:54:55+00:00\",\"description\":\"Pour Repagas la cuisine est un espace primordial. Nous l\u2019\u00e9quipons avec des \u00e9quipements de qualit\u00e9 pour que vous puissiez pr\u00e9parer tous vos meilleurs plats.\",\"breadcrumb\":{\"@id\":\"https:\/\/repagas.com\/accueil\/#breadcrumb\"},\"inLanguage\":\"fr-FR\",\"potentialAction\":[{\"@type\":\"ReadAction\",\"target\":[\"https:\/\/repagas.com\/accueil\/\"]}]},{\"@type\":\"BreadcrumbList\",\"@id\":\"https:\/\/repagas.com\/accueil\/#breadcrumb\",\"itemListElement\":[{\"@type\":\"ListItem\",\"position\":1,\"name\":\"Portada\",\"item\":\"https:\/\/repagas.com\/accueil\/\"},{\"@type\":\"ListItem\",\"position\":2,\"name\":\"Accueil\"}]},{\"@type\":\"WebSite\",\"@id\":\"https:\/\/repagas.com\/#website\",\"url\":\"https:\/\/repagas.com\/\",\"name\":\"Repagas\",\"description\":\"Equipamientos para Hosteler\u00eda, Cocinas industriales para restaurantes, hoteles, bares, cafeter\u00edas, Equipamiento industrial\",\"publisher\":{\"@id\":\"https:\/\/repagas.com\/#organization\"},\"potentialAction\":[{\"@type\":\"SearchAction\",\"target\":{\"@type\":\"EntryPoint\",\"urlTemplate\":\"https:\/\/repagas.com\/?s={search_term_string}\"},\"query-input\":{\"@type\":\"PropertyValueSpecification\",\"valueRequired\":true,\"valueName\":\"search_term_string\"}}],\"inLanguage\":\"fr-FR\"},{\"@type\":\"Organization\",\"@id\":\"https:\/\/repagas.com\/#organization\",\"name\":\"REPAGAS\",\"url\":\"https:\/\/repagas.com\/\",\"logo\":{\"@type\":\"ImageObject\",\"inLanguage\":\"fr-FR\",\"@id\":\"https:\/\/repagas.com\/#\/schema\/logo\/image\/\",\"url\":\"\",\"contentUrl\":\"\",\"caption\":\"REPAGAS\"},\"image\":{\"@id\":\"https:\/\/repagas.com\/#\/schema\/logo\/image\/\"},\"sameAs\":[\"https:\/\/www.facebook.com\/Repagas\/\",\"https:\/\/x.com\/Repagas\"]}]}<\/script>\n<!-- \/ Yoast SEO plugin. -->","yoast_head_json":{"title":"Repagas, la cuisine est un espace primordial. \u00c9quipements de qualit\u00e9.","description":"Pour Repagas la cuisine est un espace primordial. Nous l\u2019\u00e9quipons avec des \u00e9quipements de qualit\u00e9 pour que vous puissiez pr\u00e9parer tous vos meilleurs plats.","robots":{"index":"index","follow":"follow","max-snippet":"max-snippet:-1","max-image-preview":"max-image-preview:large","max-video-preview":"max-video-preview:-1"},"canonical":"https:\/\/repagas.com\/accueil\/","og_locale":"fr_FR","og_type":"article","og_title":"Repagas, la cuisine est un espace primordial. \u00c9quipements de qualit\u00e9.","og_description":"Pour Repagas la cuisine est un espace primordial. Nous l\u2019\u00e9quipons avec des \u00e9quipements de qualit\u00e9 pour que vous puissiez pr\u00e9parer tous vos meilleurs plats.","og_url":"https:\/\/repagas.com\/accueil\/","og_site_name":"Repagas","article_publisher":"https:\/\/www.facebook.com\/Repagas\/","article_modified_time":"2017-10-17T07:54:55+00:00","twitter_card":"summary_large_image","twitter_site":"@Repagas","schema":{"@context":"https:\/\/schema.org","@graph":[{"@type":"WebPage","@id":"https:\/\/repagas.com\/accueil\/","url":"https:\/\/repagas.com\/accueil\/","name":"Repagas, la cuisine est un espace primordial. \u00c9quipements de qualit\u00e9.","isPartOf":{"@id":"https:\/\/repagas.com\/#website"},"datePublished":"2017-04-25T13:32:40+00:00","dateModified":"2017-10-17T07:54:55+00:00","description":"Pour Repagas la cuisine est un espace primordial. Nous l\u2019\u00e9quipons avec des \u00e9quipements de qualit\u00e9 pour que vous puissiez pr\u00e9parer tous vos meilleurs plats.","breadcrumb":{"@id":"https:\/\/repagas.com\/accueil\/#breadcrumb"},"inLanguage":"fr-FR","potentialAction":[{"@type":"ReadAction","target":["https:\/\/repagas.com\/accueil\/"]}]},{"@type":"BreadcrumbList","@id":"https:\/\/repagas.com\/accueil\/#breadcrumb","itemListElement":[{"@type":"ListItem","position":1,"name":"Portada","item":"https:\/\/repagas.com\/accueil\/"},{"@type":"ListItem","position":2,"name":"Accueil"}]},{"@type":"WebSite","@id":"https:\/\/repagas.com\/#website","url":"https:\/\/repagas.com\/","name":"Repagas","description":"Equipamientos para Hosteler\u00eda, Cocinas industriales para restaurantes, hoteles, bares, cafeter\u00edas, Equipamiento industrial","publisher":{"@id":"https:\/\/repagas.com\/#organization"},"potentialAction":[{"@type":"SearchAction","target":{"@type":"EntryPoint","urlTemplate":"https:\/\/repagas.com\/?s={search_term_string}"},"query-input":{"@type":"PropertyValueSpecification","valueRequired":true,"valueName":"search_term_string"}}],"inLanguage":"fr-FR"},{"@type":"Organization","@id":"https:\/\/repagas.com\/#organization","name":"REPAGAS","url":"https:\/\/repagas.com\/","logo":{"@type":"ImageObject","inLanguage":"fr-FR","@id":"https:\/\/repagas.com\/#\/schema\/logo\/image\/","url":"","contentUrl":"","caption":"REPAGAS"},"image":{"@id":"https:\/\/repagas.com\/#\/schema\/logo\/image\/"},"sameAs":["https:\/\/www.facebook.com\/Repagas\/","https:\/\/x.com\/Repagas"]}]}},"_links":{"self":[{"href":"https:\/\/repagas.com\/fr\/wp-json\/wp\/v2\/pages\/486","targetHints":{"allow":["GET"]}}],"collection":[{"href":"https:\/\/repagas.com\/fr\/wp-json\/wp\/v2\/pages"}],"about":[{"href":"https:\/\/repagas.com\/fr\/wp-json\/wp\/v2\/types\/page"}],"author":[{"embeddable":true,"href":"https:\/\/repagas.com\/fr\/wp-json\/wp\/v2\/users\/1"}],"replies":[{"embeddable":true,"href":"https:\/\/repagas.com\/fr\/wp-json\/wp\/v2\/comments?post=486"}],"version-history":[{"count":9,"href":"https:\/\/repagas.com\/fr\/wp-json\/wp\/v2\/pages\/486\/revisions"}],"predecessor-version":[{"id":5670,"href":"https:\/\/repagas.com\/fr\/wp-json\/wp\/v2\/pages\/486\/revisions\/5670"}],"wp:attachment":[{"href":"https:\/\/repagas.com\/fr\/wp-json\/wp\/v2\/media?parent=486"}],"curies":[{"name":"wp","href":"https:\/\/api.w.org\/{rel}","templated":true}]}}