{"id":594,"date":"2017-05-09T15:39:31","date_gmt":"2017-05-09T15:39:31","guid":{"rendered":"https:\/\/repagas.com\/conocenos\/"},"modified":"2019-10-10T08:56:23","modified_gmt":"2019-10-10T08:56:23","slug":"a-propos-de-nous","status":"publish","type":"page","link":"https:\/\/repagas.com\/fr\/a-propos-de-nous\/","title":{"rendered":"\u00c0 propos de nous"},"content":{"rendered":"<h2>Qui sommes-nous<\/h2>\n<p>Nous sommes une\u00a0<span style=\"color: #2d429b;\"><strong>entreprise familiale<\/strong><\/span>\u00a0leader dans la fabrication et\u00a0\u00a0<span style=\"color: #2d429b;\"><strong>commercialisation\u00a0 d\u2019\u00e9quipements professionnels pour le secteur de l\u2019h\u00f4tellerie.<\/strong><\/span> Depuis 1971 nous travaillons pour proposer sur le march\u00e9 espagnol et international des produits durables de premi\u00e8re qualit\u00e9. Forts de nos <span style=\"color: #2d429b;\"><strong>48 ans d\u2019exp\u00e9rience<\/strong><\/span>, nous sommes une r\u00e9f\u00e9rence claire du secteur et savons m\u00e9riter\u00a0 <span style=\"color: #2d429b;\"><strong>la confiance et la loyaut\u00e9 de nos clients.<\/strong><\/span><\/p>\n<p>Nous fabriquons une vaste gamme de produits pour satisfaire les besoins du secteur h\u00f4telier\u00a0: cuisini\u00e8res industrielles, friteuses industrielles, plaques de cuisson \u00e0 gaz, fry-tops et fours, entre autres. Nous proposons \u00e9galement un excellent service technique et des solutions de conseil int\u00e9grales pour l\u2019h\u00f4tellerie afin d\u2019orienter votre affaire vers la r\u00e9ussite.<\/p>\n","protected":false},"excerpt":{"rendered":"<p>Qui sommes-nous Nous sommes une\u00a0entreprise familiale\u00a0leader dans la fabrication et\u00a0\u00a0commercialisation\u00a0 d\u2019\u00e9quipements professionnels pour le secteur de l\u2019h\u00f4tellerie. Depuis 1971 nous travaillons pour proposer sur le march\u00e9 espagnol et international des produits durables de premi\u00e8re qualit\u00e9. Forts de nos 48 ans d\u2019exp\u00e9rience, nous sommes une r\u00e9f\u00e9rence claire du secteur et savons m\u00e9riter\u00a0 la confiance et la [&hellip;]<\/p>\n","protected":false},"author":1,"featured_media":0,"parent":0,"menu_order":1,"comment_status":"closed","ping_status":"closed","template":"elementor_header_footer","meta":{"footnotes":""},"class_list":["post-594","page","type-page","status-publish","hentry"],"yoast_head":"<!-- This site is optimized with the Yoast SEO plugin v27.2 - https:\/\/yoast.com\/product\/yoast-seo-wordpress\/ -->\n<title>Repagas, la cuisine est un espace primordial. Decouvrez qui sommes-nous<\/title>\n<meta name=\"description\" content=\"Nous sommes une entreprise familiale leader dans la fabrication et la commercialisation d\u2019\u00e9quipements professionnels pour le secteur de l\u2019h\u00f4tellerie\" \/>\n<meta name=\"robots\" content=\"index, follow, max-snippet:-1, max-image-preview:large, max-video-preview:-1\" \/>\n<link rel=\"canonical\" href=\"https:\/\/repagas.com\/a-propos-de-nous\/\" \/>\n<meta property=\"og:locale\" content=\"fr_FR\" \/>\n<meta property=\"og:type\" content=\"article\" \/>\n<meta property=\"og:title\" content=\"Repagas, la cuisine est un espace primordial. Decouvrez qui sommes-nous\" \/>\n<meta property=\"og:description\" content=\"Nous sommes une entreprise familiale leader dans la fabrication et la commercialisation d\u2019\u00e9quipements professionnels pour le secteur de l\u2019h\u00f4tellerie\" \/>\n<meta property=\"og:url\" content=\"https:\/\/repagas.com\/a-propos-de-nous\/\" \/>\n<meta property=\"og:site_name\" content=\"Repagas\" \/>\n<meta property=\"article:publisher\" content=\"https:\/\/www.facebook.com\/Repagas\/\" \/>\n<meta property=\"article:modified_time\" content=\"2019-10-10T08:56:23+00:00\" \/>\n<meta name=\"twitter:card\" content=\"summary_large_image\" \/>\n<meta name=\"twitter:site\" content=\"@Repagas\" \/>\n<meta name=\"twitter:label1\" content=\"Dur\u00e9e de lecture estim\u00e9e\" \/>\n\t<meta name=\"twitter:data1\" content=\"1 minute\" \/>\n<script type=\"application\/ld+json\" class=\"yoast-schema-graph\">{\"@context\":\"https:\/\/schema.org\",\"@graph\":[{\"@type\":\"WebPage\",\"@id\":\"https:\/\/repagas.com\/a-propos-de-nous\/\",\"url\":\"https:\/\/repagas.com\/a-propos-de-nous\/\",\"name\":\"Repagas, la cuisine est un espace primordial. Decouvrez qui sommes-nous\",\"isPartOf\":{\"@id\":\"https:\/\/repagas.com\/#website\"},\"datePublished\":\"2017-05-09T15:39:31+00:00\",\"dateModified\":\"2019-10-10T08:56:23+00:00\",\"description\":\"Nous sommes une entreprise familiale leader dans la fabrication et la commercialisation d\u2019\u00e9quipements professionnels pour le secteur de l\u2019h\u00f4tellerie\",\"breadcrumb\":{\"@id\":\"https:\/\/repagas.com\/a-propos-de-nous\/#breadcrumb\"},\"inLanguage\":\"fr-FR\",\"potentialAction\":[{\"@type\":\"ReadAction\",\"target\":[\"https:\/\/repagas.com\/a-propos-de-nous\/\"]}]},{\"@type\":\"BreadcrumbList\",\"@id\":\"https:\/\/repagas.com\/a-propos-de-nous\/#breadcrumb\",\"itemListElement\":[{\"@type\":\"ListItem\",\"position\":1,\"name\":\"Portada\",\"item\":\"https:\/\/repagas.com\/accueil\/\"},{\"@type\":\"ListItem\",\"position\":2,\"name\":\"\u00c0 propos de nous\"}]},{\"@type\":\"WebSite\",\"@id\":\"https:\/\/repagas.com\/#website\",\"url\":\"https:\/\/repagas.com\/\",\"name\":\"Repagas\",\"description\":\"Equipamientos para Hosteler\u00eda, Cocinas industriales para restaurantes, hoteles, bares, cafeter\u00edas, Equipamiento industrial\",\"publisher\":{\"@id\":\"https:\/\/repagas.com\/#organization\"},\"potentialAction\":[{\"@type\":\"SearchAction\",\"target\":{\"@type\":\"EntryPoint\",\"urlTemplate\":\"https:\/\/repagas.com\/?s={search_term_string}\"},\"query-input\":{\"@type\":\"PropertyValueSpecification\",\"valueRequired\":true,\"valueName\":\"search_term_string\"}}],\"inLanguage\":\"fr-FR\"},{\"@type\":\"Organization\",\"@id\":\"https:\/\/repagas.com\/#organization\",\"name\":\"REPAGAS\",\"url\":\"https:\/\/repagas.com\/\",\"logo\":{\"@type\":\"ImageObject\",\"inLanguage\":\"fr-FR\",\"@id\":\"https:\/\/repagas.com\/#\/schema\/logo\/image\/\",\"url\":\"\",\"contentUrl\":\"\",\"caption\":\"REPAGAS\"},\"image\":{\"@id\":\"https:\/\/repagas.com\/#\/schema\/logo\/image\/\"},\"sameAs\":[\"https:\/\/www.facebook.com\/Repagas\/\",\"https:\/\/x.com\/Repagas\"]}]}<\/script>\n<!-- \/ Yoast SEO plugin. -->","yoast_head_json":{"title":"Repagas, la cuisine est un espace primordial. Decouvrez qui sommes-nous","description":"Nous sommes une entreprise familiale leader dans la fabrication et la commercialisation d\u2019\u00e9quipements professionnels pour le secteur de l\u2019h\u00f4tellerie","robots":{"index":"index","follow":"follow","max-snippet":"max-snippet:-1","max-image-preview":"max-image-preview:large","max-video-preview":"max-video-preview:-1"},"canonical":"https:\/\/repagas.com\/a-propos-de-nous\/","og_locale":"fr_FR","og_type":"article","og_title":"Repagas, la cuisine est un espace primordial. Decouvrez qui sommes-nous","og_description":"Nous sommes une entreprise familiale leader dans la fabrication et la commercialisation d\u2019\u00e9quipements professionnels pour le secteur de l\u2019h\u00f4tellerie","og_url":"https:\/\/repagas.com\/a-propos-de-nous\/","og_site_name":"Repagas","article_publisher":"https:\/\/www.facebook.com\/Repagas\/","article_modified_time":"2019-10-10T08:56:23+00:00","twitter_card":"summary_large_image","twitter_site":"@Repagas","twitter_misc":{"Dur\u00e9e de lecture estim\u00e9e":"1 minute"},"schema":{"@context":"https:\/\/schema.org","@graph":[{"@type":"WebPage","@id":"https:\/\/repagas.com\/a-propos-de-nous\/","url":"https:\/\/repagas.com\/a-propos-de-nous\/","name":"Repagas, la cuisine est un espace primordial. Decouvrez qui sommes-nous","isPartOf":{"@id":"https:\/\/repagas.com\/#website"},"datePublished":"2017-05-09T15:39:31+00:00","dateModified":"2019-10-10T08:56:23+00:00","description":"Nous sommes une entreprise familiale leader dans la fabrication et la commercialisation d\u2019\u00e9quipements professionnels pour le secteur de l\u2019h\u00f4tellerie","breadcrumb":{"@id":"https:\/\/repagas.com\/a-propos-de-nous\/#breadcrumb"},"inLanguage":"fr-FR","potentialAction":[{"@type":"ReadAction","target":["https:\/\/repagas.com\/a-propos-de-nous\/"]}]},{"@type":"BreadcrumbList","@id":"https:\/\/repagas.com\/a-propos-de-nous\/#breadcrumb","itemListElement":[{"@type":"ListItem","position":1,"name":"Portada","item":"https:\/\/repagas.com\/accueil\/"},{"@type":"ListItem","position":2,"name":"\u00c0 propos de nous"}]},{"@type":"WebSite","@id":"https:\/\/repagas.com\/#website","url":"https:\/\/repagas.com\/","name":"Repagas","description":"Equipamientos para Hosteler\u00eda, Cocinas industriales para restaurantes, hoteles, bares, cafeter\u00edas, Equipamiento industrial","publisher":{"@id":"https:\/\/repagas.com\/#organization"},"potentialAction":[{"@type":"SearchAction","target":{"@type":"EntryPoint","urlTemplate":"https:\/\/repagas.com\/?s={search_term_string}"},"query-input":{"@type":"PropertyValueSpecification","valueRequired":true,"valueName":"search_term_string"}}],"inLanguage":"fr-FR"},{"@type":"Organization","@id":"https:\/\/repagas.com\/#organization","name":"REPAGAS","url":"https:\/\/repagas.com\/","logo":{"@type":"ImageObject","inLanguage":"fr-FR","@id":"https:\/\/repagas.com\/#\/schema\/logo\/image\/","url":"","contentUrl":"","caption":"REPAGAS"},"image":{"@id":"https:\/\/repagas.com\/#\/schema\/logo\/image\/"},"sameAs":["https:\/\/www.facebook.com\/Repagas\/","https:\/\/x.com\/Repagas"]}]}},"_links":{"self":[{"href":"https:\/\/repagas.com\/fr\/wp-json\/wp\/v2\/pages\/594","targetHints":{"allow":["GET"]}}],"collection":[{"href":"https:\/\/repagas.com\/fr\/wp-json\/wp\/v2\/pages"}],"about":[{"href":"https:\/\/repagas.com\/fr\/wp-json\/wp\/v2\/types\/page"}],"author":[{"embeddable":true,"href":"https:\/\/repagas.com\/fr\/wp-json\/wp\/v2\/users\/1"}],"replies":[{"embeddable":true,"href":"https:\/\/repagas.com\/fr\/wp-json\/wp\/v2\/comments?post=594"}],"version-history":[{"count":68,"href":"https:\/\/repagas.com\/fr\/wp-json\/wp\/v2\/pages\/594\/revisions"}],"predecessor-version":[{"id":5673,"href":"https:\/\/repagas.com\/fr\/wp-json\/wp\/v2\/pages\/594\/revisions\/5673"}],"wp:attachment":[{"href":"https:\/\/repagas.com\/fr\/wp-json\/wp\/v2\/media?parent=594"}],"curies":[{"name":"wp","href":"https:\/\/api.w.org\/{rel}","templated":true}]}}