{"id":799,"date":"2017-05-08T16:22:45","date_gmt":"2017-05-08T16:22:45","guid":{"rendered":"https:\/\/repagas.com\/contacto\/"},"modified":"2017-10-17T08:48:36","modified_gmt":"2017-10-17T08:48:36","slug":"contact","status":"publish","type":"page","link":"https:\/\/repagas.com\/fr\/contact\/","title":{"rendered":"Contact"},"content":{"rendered":"<p style=\"text-align: left;\">Outre notre vaste offre de produits d\u2019excellente qualit\u00e9, nous sommes conscients que vous devez prendre soin de beaucoup d\u2019autres aspects de votre activit\u00e9 afin d\u2019\u00eatre en mesure de proposer \u00e0 vos clients ce qu\u2019ils m\u00e9ritent:\u00a0<span style=\"color: #e04c4c;\"><strong>l\u2019excellence professionnelle.<\/strong><\/span><\/p>\n<p>C\u2019est pourquoi nous mettons \u00e0 votre disposition une \u00e9quipe exp\u00e9riment\u00e9e qui veillera \u00e0 vos int\u00e9r\u00eats et vous orientera dans l\u2019obtention de vos objectifs.<\/p>\n<h3>D\u00e9l\u00e9gations<\/h3>\n<p>Nous disposons de\u00a0<span style=\"color: #e04c4c;\"><strong>17 d\u00e9l\u00e9gations r\u00e9parties sur tout le territoire national et international,<\/strong><\/span>\u00a0toutes men\u00e9es par des professionnels jouissant d\u2019une solide exp\u00e9rience dans le secteur qui vous conseilleront selon vos besoins. Trouvez-nous\u00a0!<\/p>\n","protected":false},"excerpt":{"rendered":"<p>Outre notre vaste offre de produits d\u2019excellente qualit\u00e9, nous sommes conscients que vous devez prendre soin de beaucoup d\u2019autres aspects de votre activit\u00e9 afin d\u2019\u00eatre en mesure de proposer \u00e0 vos clients ce qu\u2019ils m\u00e9ritent:\u00a0l\u2019excellence professionnelle. C\u2019est pourquoi nous mettons \u00e0 votre disposition une \u00e9quipe exp\u00e9riment\u00e9e qui veillera \u00e0 vos int\u00e9r\u00eats et vous orientera dans [&hellip;]<\/p>\n","protected":false},"author":1,"featured_media":0,"parent":0,"menu_order":9,"comment_status":"closed","ping_status":"closed","template":"elementor_header_footer","meta":{"footnotes":""},"class_list":["post-799","page","type-page","status-publish","hentry"],"yoast_head":"<!-- This site is optimized with the Yoast SEO plugin v27.2 - https:\/\/yoast.com\/product\/yoast-seo-wordpress\/ -->\n<title>Contact Repagas. Nous veillerons \u00e0 vos int\u00e9r\u00eats toujours.<\/title>\n<meta name=\"description\" content=\"Contact Repagas. Nous mettons \u00e0 votre disposition une \u00e9quipe exp\u00e9riment\u00e9e qui veillera \u00e0 vos int\u00e9r\u00eats et vous orientera dans l\u2019obtention de vos objectifs.\" \/>\n<meta name=\"robots\" content=\"index, follow, max-snippet:-1, max-image-preview:large, max-video-preview:-1\" \/>\n<link rel=\"canonical\" href=\"https:\/\/repagas.com\/contact\/\" \/>\n<meta property=\"og:locale\" content=\"fr_FR\" \/>\n<meta property=\"og:type\" content=\"article\" \/>\n<meta property=\"og:title\" content=\"Contact Repagas. Nous veillerons \u00e0 vos int\u00e9r\u00eats toujours.\" \/>\n<meta property=\"og:description\" content=\"Contact Repagas. Nous mettons \u00e0 votre disposition une \u00e9quipe exp\u00e9riment\u00e9e qui veillera \u00e0 vos int\u00e9r\u00eats et vous orientera dans l\u2019obtention de vos objectifs.\" \/>\n<meta property=\"og:url\" content=\"https:\/\/repagas.com\/contact\/\" \/>\n<meta property=\"og:site_name\" content=\"Repagas\" \/>\n<meta property=\"article:publisher\" content=\"https:\/\/www.facebook.com\/Repagas\/\" \/>\n<meta property=\"article:modified_time\" content=\"2017-10-17T08:48:36+00:00\" \/>\n<meta name=\"twitter:card\" content=\"summary_large_image\" \/>\n<meta name=\"twitter:site\" content=\"@Repagas\" \/>\n<meta name=\"twitter:label1\" content=\"Dur\u00e9e de lecture estim\u00e9e\" \/>\n\t<meta name=\"twitter:data1\" content=\"1 minute\" \/>\n<script type=\"application\/ld+json\" class=\"yoast-schema-graph\">{\"@context\":\"https:\/\/schema.org\",\"@graph\":[{\"@type\":\"WebPage\",\"@id\":\"https:\/\/repagas.com\/contact\/\",\"url\":\"https:\/\/repagas.com\/contact\/\",\"name\":\"Contact Repagas. Nous veillerons \u00e0 vos int\u00e9r\u00eats toujours.\",\"isPartOf\":{\"@id\":\"https:\/\/repagas.com\/#website\"},\"datePublished\":\"2017-05-08T16:22:45+00:00\",\"dateModified\":\"2017-10-17T08:48:36+00:00\",\"description\":\"Contact Repagas. Nous mettons \u00e0 votre disposition une \u00e9quipe exp\u00e9riment\u00e9e qui veillera \u00e0 vos int\u00e9r\u00eats et vous orientera dans l\u2019obtention de vos objectifs.\",\"breadcrumb\":{\"@id\":\"https:\/\/repagas.com\/contact\/#breadcrumb\"},\"inLanguage\":\"fr-FR\",\"potentialAction\":[{\"@type\":\"ReadAction\",\"target\":[\"https:\/\/repagas.com\/contact\/\"]}]},{\"@type\":\"BreadcrumbList\",\"@id\":\"https:\/\/repagas.com\/contact\/#breadcrumb\",\"itemListElement\":[{\"@type\":\"ListItem\",\"position\":1,\"name\":\"Portada\",\"item\":\"https:\/\/repagas.com\/accueil\/\"},{\"@type\":\"ListItem\",\"position\":2,\"name\":\"Contact\"}]},{\"@type\":\"WebSite\",\"@id\":\"https:\/\/repagas.com\/#website\",\"url\":\"https:\/\/repagas.com\/\",\"name\":\"Repagas\",\"description\":\"Equipamientos para Hosteler\u00eda, Cocinas industriales para restaurantes, hoteles, bares, cafeter\u00edas, Equipamiento industrial\",\"publisher\":{\"@id\":\"https:\/\/repagas.com\/#organization\"},\"potentialAction\":[{\"@type\":\"SearchAction\",\"target\":{\"@type\":\"EntryPoint\",\"urlTemplate\":\"https:\/\/repagas.com\/?s={search_term_string}\"},\"query-input\":{\"@type\":\"PropertyValueSpecification\",\"valueRequired\":true,\"valueName\":\"search_term_string\"}}],\"inLanguage\":\"fr-FR\"},{\"@type\":\"Organization\",\"@id\":\"https:\/\/repagas.com\/#organization\",\"name\":\"REPAGAS\",\"url\":\"https:\/\/repagas.com\/\",\"logo\":{\"@type\":\"ImageObject\",\"inLanguage\":\"fr-FR\",\"@id\":\"https:\/\/repagas.com\/#\/schema\/logo\/image\/\",\"url\":\"\",\"contentUrl\":\"\",\"caption\":\"REPAGAS\"},\"image\":{\"@id\":\"https:\/\/repagas.com\/#\/schema\/logo\/image\/\"},\"sameAs\":[\"https:\/\/www.facebook.com\/Repagas\/\",\"https:\/\/x.com\/Repagas\"]}]}<\/script>\n<!-- \/ Yoast SEO plugin. -->","yoast_head_json":{"title":"Contact Repagas. Nous veillerons \u00e0 vos int\u00e9r\u00eats toujours.","description":"Contact Repagas. Nous mettons \u00e0 votre disposition une \u00e9quipe exp\u00e9riment\u00e9e qui veillera \u00e0 vos int\u00e9r\u00eats et vous orientera dans l\u2019obtention de vos objectifs.","robots":{"index":"index","follow":"follow","max-snippet":"max-snippet:-1","max-image-preview":"max-image-preview:large","max-video-preview":"max-video-preview:-1"},"canonical":"https:\/\/repagas.com\/contact\/","og_locale":"fr_FR","og_type":"article","og_title":"Contact Repagas. Nous veillerons \u00e0 vos int\u00e9r\u00eats toujours.","og_description":"Contact Repagas. Nous mettons \u00e0 votre disposition une \u00e9quipe exp\u00e9riment\u00e9e qui veillera \u00e0 vos int\u00e9r\u00eats et vous orientera dans l\u2019obtention de vos objectifs.","og_url":"https:\/\/repagas.com\/contact\/","og_site_name":"Repagas","article_publisher":"https:\/\/www.facebook.com\/Repagas\/","article_modified_time":"2017-10-17T08:48:36+00:00","twitter_card":"summary_large_image","twitter_site":"@Repagas","twitter_misc":{"Dur\u00e9e de lecture estim\u00e9e":"1 minute"},"schema":{"@context":"https:\/\/schema.org","@graph":[{"@type":"WebPage","@id":"https:\/\/repagas.com\/contact\/","url":"https:\/\/repagas.com\/contact\/","name":"Contact Repagas. Nous veillerons \u00e0 vos int\u00e9r\u00eats toujours.","isPartOf":{"@id":"https:\/\/repagas.com\/#website"},"datePublished":"2017-05-08T16:22:45+00:00","dateModified":"2017-10-17T08:48:36+00:00","description":"Contact Repagas. Nous mettons \u00e0 votre disposition une \u00e9quipe exp\u00e9riment\u00e9e qui veillera \u00e0 vos int\u00e9r\u00eats et vous orientera dans l\u2019obtention de vos objectifs.","breadcrumb":{"@id":"https:\/\/repagas.com\/contact\/#breadcrumb"},"inLanguage":"fr-FR","potentialAction":[{"@type":"ReadAction","target":["https:\/\/repagas.com\/contact\/"]}]},{"@type":"BreadcrumbList","@id":"https:\/\/repagas.com\/contact\/#breadcrumb","itemListElement":[{"@type":"ListItem","position":1,"name":"Portada","item":"https:\/\/repagas.com\/accueil\/"},{"@type":"ListItem","position":2,"name":"Contact"}]},{"@type":"WebSite","@id":"https:\/\/repagas.com\/#website","url":"https:\/\/repagas.com\/","name":"Repagas","description":"Equipamientos para Hosteler\u00eda, Cocinas industriales para restaurantes, hoteles, bares, cafeter\u00edas, Equipamiento industrial","publisher":{"@id":"https:\/\/repagas.com\/#organization"},"potentialAction":[{"@type":"SearchAction","target":{"@type":"EntryPoint","urlTemplate":"https:\/\/repagas.com\/?s={search_term_string}"},"query-input":{"@type":"PropertyValueSpecification","valueRequired":true,"valueName":"search_term_string"}}],"inLanguage":"fr-FR"},{"@type":"Organization","@id":"https:\/\/repagas.com\/#organization","name":"REPAGAS","url":"https:\/\/repagas.com\/","logo":{"@type":"ImageObject","inLanguage":"fr-FR","@id":"https:\/\/repagas.com\/#\/schema\/logo\/image\/","url":"","contentUrl":"","caption":"REPAGAS"},"image":{"@id":"https:\/\/repagas.com\/#\/schema\/logo\/image\/"},"sameAs":["https:\/\/www.facebook.com\/Repagas\/","https:\/\/x.com\/Repagas"]}]}},"_links":{"self":[{"href":"https:\/\/repagas.com\/fr\/wp-json\/wp\/v2\/pages\/799","targetHints":{"allow":["GET"]}}],"collection":[{"href":"https:\/\/repagas.com\/fr\/wp-json\/wp\/v2\/pages"}],"about":[{"href":"https:\/\/repagas.com\/fr\/wp-json\/wp\/v2\/types\/page"}],"author":[{"embeddable":true,"href":"https:\/\/repagas.com\/fr\/wp-json\/wp\/v2\/users\/1"}],"replies":[{"embeddable":true,"href":"https:\/\/repagas.com\/fr\/wp-json\/wp\/v2\/comments?post=799"}],"version-history":[{"count":6,"href":"https:\/\/repagas.com\/fr\/wp-json\/wp\/v2\/pages\/799\/revisions"}],"predecessor-version":[{"id":5749,"href":"https:\/\/repagas.com\/fr\/wp-json\/wp\/v2\/pages\/799\/revisions\/5749"}],"wp:attachment":[{"href":"https:\/\/repagas.com\/fr\/wp-json\/wp\/v2\/media?parent=799"}],"curies":[{"name":"wp","href":"https:\/\/api.w.org\/{rel}","templated":true}]}}