{"id":812,"date":"2017-05-11T08:38:56","date_gmt":"2017-05-11T08:38:56","guid":{"rendered":"https:\/\/repagas.com\/politica-de-cookies\/"},"modified":"2017-11-28T18:05:13","modified_gmt":"2017-11-28T18:05:13","slug":"politique-de-cookies","status":"publish","type":"page","link":"https:\/\/repagas.com\/fr\/politique-de-cookies\/","title":{"rendered":"Politique de cookies"},"content":{"rendered":"<p>Nous d\u00e9sirons vous informer que notre site internet utilise les cookies afin d&rsquo;obtenir des informations g\u00e9n\u00e9rales sur votre navigation Internet.<\/p>\n<p>Les cookies sont des fichiers texte enregistr\u00e9s sur l\u2019ordinateur et duquel vous acc\u00e9der \u00e0 notre web avec les finalit\u00e9s qu\u2019on d\u00e9crit \u00e0 cette page.<\/p>\n<p>L\u2019application qu\u2019on utilice pour obtener et analyser l\u2019information de la navigation est:\u00a0<strong>Google Analytics<\/strong>:\u00a0<a href=\"http:\/\/www.google.com\/analytics\/\" target=\"_blank\" rel=\"noopener\">www.google.com\/analytics\/<\/a>\u00a0y\u00a0<a href=\"https:\/\/www.google.com\/intl\/es\/policies\/privacy\/\">https:\/\/www.google.com\/intl\/es\/policies\/privacy\/<\/a>.<\/p>\n<p>Cette entreprise peut utiliser ces donn\u00e9es pour am\u00e9liorer leurs propres services et pour offrir des services \u00e0 d\u2019autres entreprises. Puedes conocer esos otros usos desde los enlaces indicados.<\/p>\n<p>Cet outil n\u2019obtient pas des donn\u00e9es relatives aux noms ou pr\u00e9noms des Utilisateurs ni de l\u2019adresse postale de laquelle ils se connectent. L\u2019information qu\u2019il obtient est en relation par exemple avec le num\u00e9ro de pages visit\u00e9es, la langue, le r\u00e9seau social auquel on publie nos informations, la ville \u00e0 laquelle est attribu\u00e9e l\u2019adresse IP d&rsquo;o\u00f9 viennent nos visiteurs, la p\u00e9riodicit\u00e9 et fr\u00e9quence des visites, le temps de la visite, le navigateur qu&rsquo;ils utilisent, l\u2019op\u00e9rateur ou le type de terminal duquel on r\u00e9alise la visite.<\/p>\n<p><strong>On utilise cette information pour am\u00e9liorer notre site Internet,\u00a0<\/strong>cerner les nouvelles exigences et \u00e9valuer les am\u00e9liorations \u00e0 introduire avec le but de pr\u00eater un meilleur service aux Utilisateurs qui nous visitent.<\/p>\n<p><strong>Pour autoriser, conna\u00eetre, bloquer ou \u00e9liminer les cookies configur\u00e9s \u00e0 votre ordinateur, vous pouvez le faire en configurant les param\u00e8tres du navigateur install\u00e9 \u00e0 votre ordinateur.<\/strong><\/p>\n<p>Par exemple, vous pouvez trouvez de l\u2019information sur la d\u00e9marche \u00e0 suivre au cas o\u00f9 vous utilisez comme navigateur\u00a0:<\/p>\n<p>Firefox d\u2019ici:\u00a0<a href=\"http:\/\/support.mozilla.org\/es\/products\/firefox\/cookies\" target=\"_blank\" rel=\"noopener\">http:\/\/support.mozilla.org\/es\/products\/firefox\/cookies<\/a><br \/>\nChrome d\u2019ici:\u00a0<a href=\"http:\/\/support.google.com\/chrome\/bin\/answer.py?hl=es&amp;answer=95647\" target=\"_blank\" rel=\"noopener\">http:\/\/support.google.com\/chrome\/bin\/answer.py?hl=es&amp;answer=95647<\/a><br \/>\nExplorer d\u2019ici:\u00a0<a href=\"http:\/\/windows.microsoft.com\/es-es\/windows7\/how-to-manage-cookies-in-internet-explorer-9\" target=\"_blank\" rel=\"noopener\">http:\/\/windows.microsoft.com\/es-es\/windows7\/how-to-manage-cookies-in-internet-explorer-9<\/a><br \/>\nSafari d\u2019ici:\u00a0<a href=\"http:\/\/support.apple.com\/kb\/ph5042\" target=\"_blank\" rel=\"noopener\">http:\/\/support.apple.com\/kb\/ph5042<\/a><\/p>\n<p>Opera d\u2019ici:\u00a0<a href=\"http:\/\/help.opera.com\/Windows\/11.50\/es-ES\/cookies.html\" target=\"_blank\" rel=\"noopener\">http:\/\/help.opera.com\/Windows\/11.50\/es-ES\/cookies.html<\/a><\/p>\n","protected":false},"excerpt":{"rendered":"<p>Nous d\u00e9sirons vous informer que notre site internet utilise les cookies afin d&rsquo;obtenir des informations g\u00e9n\u00e9rales sur votre navigation Internet. Les cookies sont des fichiers texte enregistr\u00e9s sur l\u2019ordinateur et duquel vous acc\u00e9der \u00e0 notre web avec les finalit\u00e9s qu\u2019on d\u00e9crit \u00e0 cette page. L\u2019application qu\u2019on utilice pour obtener et analyser l\u2019information de la navigation [&hellip;]<\/p>\n","protected":false},"author":1,"featured_media":0,"parent":0,"menu_order":0,"comment_status":"closed","ping_status":"closed","template":"","meta":{"footnotes":""},"class_list":["post-812","page","type-page","status-publish","hentry"],"yoast_head":"<!-- This site is optimized with the Yoast SEO plugin v27.2 - https:\/\/yoast.com\/product\/yoast-seo-wordpress\/ -->\n<title>Repagas, \u00e9quipements secteur de l\u2019h\u00f4tellerie. Politique de cookies<\/title>\n<meta name=\"description\" content=\"Nous d\u00e9sirons vous informer que notre site internet utilise les cookies afin d&#039;obtenir des informations g\u00e9n\u00e9rales sur votre navigation Internet.\" \/>\n<meta name=\"robots\" content=\"index, follow, max-snippet:-1, max-image-preview:large, max-video-preview:-1\" \/>\n<link rel=\"canonical\" href=\"https:\/\/repagas.com\/politique-de-cookies\/\" \/>\n<meta property=\"og:locale\" content=\"fr_FR\" \/>\n<meta property=\"og:type\" content=\"article\" \/>\n<meta property=\"og:title\" content=\"Repagas, \u00e9quipements secteur de l\u2019h\u00f4tellerie. Politique de cookies\" \/>\n<meta property=\"og:description\" content=\"Nous d\u00e9sirons vous informer que notre site internet utilise les cookies afin d&#039;obtenir des informations g\u00e9n\u00e9rales sur votre navigation Internet.\" \/>\n<meta property=\"og:url\" content=\"https:\/\/repagas.com\/politique-de-cookies\/\" \/>\n<meta property=\"og:site_name\" content=\"Repagas\" \/>\n<meta property=\"article:publisher\" content=\"https:\/\/www.facebook.com\/Repagas\/\" \/>\n<meta property=\"article:modified_time\" content=\"2017-11-28T18:05:13+00:00\" \/>\n<meta name=\"twitter:card\" content=\"summary_large_image\" \/>\n<meta name=\"twitter:site\" content=\"@Repagas\" \/>\n<meta name=\"twitter:label1\" content=\"Dur\u00e9e de lecture estim\u00e9e\" \/>\n\t<meta name=\"twitter:data1\" content=\"2 minutes\" \/>\n<script type=\"application\/ld+json\" class=\"yoast-schema-graph\">{\"@context\":\"https:\/\/schema.org\",\"@graph\":[{\"@type\":\"WebPage\",\"@id\":\"https:\/\/repagas.com\/politique-de-cookies\/\",\"url\":\"https:\/\/repagas.com\/politique-de-cookies\/\",\"name\":\"Repagas, \u00e9quipements secteur de l\u2019h\u00f4tellerie. Politique de cookies\",\"isPartOf\":{\"@id\":\"https:\/\/repagas.com\/#website\"},\"datePublished\":\"2017-05-11T08:38:56+00:00\",\"dateModified\":\"2017-11-28T18:05:13+00:00\",\"description\":\"Nous d\u00e9sirons vous informer que notre site internet utilise les cookies afin d'obtenir des informations g\u00e9n\u00e9rales sur votre navigation Internet.\",\"breadcrumb\":{\"@id\":\"https:\/\/repagas.com\/politique-de-cookies\/#breadcrumb\"},\"inLanguage\":\"fr-FR\",\"potentialAction\":[{\"@type\":\"ReadAction\",\"target\":[\"https:\/\/repagas.com\/politique-de-cookies\/\"]}]},{\"@type\":\"BreadcrumbList\",\"@id\":\"https:\/\/repagas.com\/politique-de-cookies\/#breadcrumb\",\"itemListElement\":[{\"@type\":\"ListItem\",\"position\":1,\"name\":\"Portada\",\"item\":\"https:\/\/repagas.com\/accueil\/\"},{\"@type\":\"ListItem\",\"position\":2,\"name\":\"Politique de cookies\"}]},{\"@type\":\"WebSite\",\"@id\":\"https:\/\/repagas.com\/#website\",\"url\":\"https:\/\/repagas.com\/\",\"name\":\"Repagas\",\"description\":\"Equipamientos para Hosteler\u00eda, Cocinas industriales para restaurantes, hoteles, bares, cafeter\u00edas, Equipamiento industrial\",\"publisher\":{\"@id\":\"https:\/\/repagas.com\/#organization\"},\"potentialAction\":[{\"@type\":\"SearchAction\",\"target\":{\"@type\":\"EntryPoint\",\"urlTemplate\":\"https:\/\/repagas.com\/?s={search_term_string}\"},\"query-input\":{\"@type\":\"PropertyValueSpecification\",\"valueRequired\":true,\"valueName\":\"search_term_string\"}}],\"inLanguage\":\"fr-FR\"},{\"@type\":\"Organization\",\"@id\":\"https:\/\/repagas.com\/#organization\",\"name\":\"REPAGAS\",\"url\":\"https:\/\/repagas.com\/\",\"logo\":{\"@type\":\"ImageObject\",\"inLanguage\":\"fr-FR\",\"@id\":\"https:\/\/repagas.com\/#\/schema\/logo\/image\/\",\"url\":\"\",\"contentUrl\":\"\",\"caption\":\"REPAGAS\"},\"image\":{\"@id\":\"https:\/\/repagas.com\/#\/schema\/logo\/image\/\"},\"sameAs\":[\"https:\/\/www.facebook.com\/Repagas\/\",\"https:\/\/x.com\/Repagas\"]}]}<\/script>\n<!-- \/ Yoast SEO plugin. -->","yoast_head_json":{"title":"Repagas, \u00e9quipements secteur de l\u2019h\u00f4tellerie. Politique de cookies","description":"Nous d\u00e9sirons vous informer que notre site internet utilise les cookies afin d'obtenir des informations g\u00e9n\u00e9rales sur votre navigation Internet.","robots":{"index":"index","follow":"follow","max-snippet":"max-snippet:-1","max-image-preview":"max-image-preview:large","max-video-preview":"max-video-preview:-1"},"canonical":"https:\/\/repagas.com\/politique-de-cookies\/","og_locale":"fr_FR","og_type":"article","og_title":"Repagas, \u00e9quipements secteur de l\u2019h\u00f4tellerie. Politique de cookies","og_description":"Nous d\u00e9sirons vous informer que notre site internet utilise les cookies afin d'obtenir des informations g\u00e9n\u00e9rales sur votre navigation Internet.","og_url":"https:\/\/repagas.com\/politique-de-cookies\/","og_site_name":"Repagas","article_publisher":"https:\/\/www.facebook.com\/Repagas\/","article_modified_time":"2017-11-28T18:05:13+00:00","twitter_card":"summary_large_image","twitter_site":"@Repagas","twitter_misc":{"Dur\u00e9e de lecture estim\u00e9e":"2 minutes"},"schema":{"@context":"https:\/\/schema.org","@graph":[{"@type":"WebPage","@id":"https:\/\/repagas.com\/politique-de-cookies\/","url":"https:\/\/repagas.com\/politique-de-cookies\/","name":"Repagas, \u00e9quipements secteur de l\u2019h\u00f4tellerie. Politique de cookies","isPartOf":{"@id":"https:\/\/repagas.com\/#website"},"datePublished":"2017-05-11T08:38:56+00:00","dateModified":"2017-11-28T18:05:13+00:00","description":"Nous d\u00e9sirons vous informer que notre site internet utilise les cookies afin d'obtenir des informations g\u00e9n\u00e9rales sur votre navigation Internet.","breadcrumb":{"@id":"https:\/\/repagas.com\/politique-de-cookies\/#breadcrumb"},"inLanguage":"fr-FR","potentialAction":[{"@type":"ReadAction","target":["https:\/\/repagas.com\/politique-de-cookies\/"]}]},{"@type":"BreadcrumbList","@id":"https:\/\/repagas.com\/politique-de-cookies\/#breadcrumb","itemListElement":[{"@type":"ListItem","position":1,"name":"Portada","item":"https:\/\/repagas.com\/accueil\/"},{"@type":"ListItem","position":2,"name":"Politique de cookies"}]},{"@type":"WebSite","@id":"https:\/\/repagas.com\/#website","url":"https:\/\/repagas.com\/","name":"Repagas","description":"Equipamientos para Hosteler\u00eda, Cocinas industriales para restaurantes, hoteles, bares, cafeter\u00edas, Equipamiento industrial","publisher":{"@id":"https:\/\/repagas.com\/#organization"},"potentialAction":[{"@type":"SearchAction","target":{"@type":"EntryPoint","urlTemplate":"https:\/\/repagas.com\/?s={search_term_string}"},"query-input":{"@type":"PropertyValueSpecification","valueRequired":true,"valueName":"search_term_string"}}],"inLanguage":"fr-FR"},{"@type":"Organization","@id":"https:\/\/repagas.com\/#organization","name":"REPAGAS","url":"https:\/\/repagas.com\/","logo":{"@type":"ImageObject","inLanguage":"fr-FR","@id":"https:\/\/repagas.com\/#\/schema\/logo\/image\/","url":"","contentUrl":"","caption":"REPAGAS"},"image":{"@id":"https:\/\/repagas.com\/#\/schema\/logo\/image\/"},"sameAs":["https:\/\/www.facebook.com\/Repagas\/","https:\/\/x.com\/Repagas"]}]}},"_links":{"self":[{"href":"https:\/\/repagas.com\/fr\/wp-json\/wp\/v2\/pages\/812","targetHints":{"allow":["GET"]}}],"collection":[{"href":"https:\/\/repagas.com\/fr\/wp-json\/wp\/v2\/pages"}],"about":[{"href":"https:\/\/repagas.com\/fr\/wp-json\/wp\/v2\/types\/page"}],"author":[{"embeddable":true,"href":"https:\/\/repagas.com\/fr\/wp-json\/wp\/v2\/users\/1"}],"replies":[{"embeddable":true,"href":"https:\/\/repagas.com\/fr\/wp-json\/wp\/v2\/comments?post=812"}],"version-history":[{"count":4,"href":"https:\/\/repagas.com\/fr\/wp-json\/wp\/v2\/pages\/812\/revisions"}],"predecessor-version":[{"id":7118,"href":"https:\/\/repagas.com\/fr\/wp-json\/wp\/v2\/pages\/812\/revisions\/7118"}],"wp:attachment":[{"href":"https:\/\/repagas.com\/fr\/wp-json\/wp\/v2\/media?parent=812"}],"curies":[{"name":"wp","href":"https:\/\/api.w.org\/{rel}","templated":true}]}}