{"id":819,"date":"2017-07-13T08:17:28","date_gmt":"2017-07-13T08:17:28","guid":{"rendered":"https:\/\/repagas.com\/politica-de-privacidad\/"},"modified":"2017-10-17T07:58:07","modified_gmt":"2017-10-17T07:58:07","slug":"politique-de-confidentialite","status":"publish","type":"page","link":"https:\/\/repagas.com\/fr\/politique-de-confidentialite\/","title":{"rendered":"Politique de confidentialit\u00e9"},"content":{"rendered":"<p>En conformit\u00e9 avec les dispositions de la loi 15\/1999 du 13 D\u00e9cembre sur la protection des donn\u00e9es \u00e0 caract\u00e8re personnel (LOPD), et ses r\u00e8glements d&rsquo;application, nous sommes heureux de vous informer quant \u00e0 l&rsquo;existence du traitement de vos donn\u00e9es \u00e0 caract\u00e8re personnel (\u00ab\u00a0Donn\u00e9es\u00a0\u00bb)<\/p>\n<p>Les donn\u00e9es personnelles que vous nous fournissez maintenant ou \u00e0 l\u2019avenir, en raison de notre relation commerciale, seront int\u00e9gr\u00e9es dans un fichier duquel est responsable REPAGAS, S.A., ayant son si\u00e8ge \u00e0 Avenida de Fuenlabrada, 12-Humanes de Madrid (ci-apr\u00e8s \u00ab\u00a0Responsable\u00a0\u00bb).<\/p>\n<p>Toutes les donn\u00e9es\u00a0 que nous sollicitons ont un caract\u00e8re obligatoire, alors l\u2019inobservance de quelques unes peut emp\u00eacher la prestation des services que nous vous offrons.<\/p>\n<p>Vos donn\u00e9es vont \u00eatre trait\u00e9es par le Responsable en vue de maintenir, d\u00e9velopper et contr\u00f4ler notre relation commerciale, ce qui inclue l\u2019attention \u00e0 vos consultations ou demandes d\u2019information ou documentation, pendant son h\u00e9bergement et \u00e0 titre ult\u00e9rieur, ainsi que pour pouvoir vous adresser les informations que vous nous demandez.<\/p>\n<p>Les Donn\u00e9es que vous nous fournissez doivent \u00eatre correctes et \u00eatre actualis\u00e9es au moment o\u00f9 vous nous facilitez l\u2019information, alors vous garantissez l\u2019authenticit\u00e9 et la v\u00e9racit\u00e9. En outre, nous vous prions de nous communiquer toute modification concernant vos donn\u00e9es \u00e0 caract\u00e8re personnel, rapidement et de mani\u00e8re rigoureuse, afin que les renseignements contenus dans nos fichiers soient exactes et mises \u00e0 jour et sans aucun erreur en relation \u00e0 vos Donne\u00e9s.<\/p>\n<p>Vous acceptez express\u00e9ment que vos donn\u00e9es personnelles puissent \u00eatre trait\u00e9es par le Responsable pour vous remettre une information commerciale sur nos services ou produits, par voie postale, courrier \u00e9lectronique, SMS, ou par tout autre moyen de communication \u00e9lectronique \u00e9quivalente, aussi que vos Donn\u00e9es soient trait\u00e9es pour r\u00e9aliser des segmentations et\/ou \u00e9laborer des profils avec une finalit\u00e9 identique.<\/p>\n<p><strong>Conservation\u00a0<\/strong><strong>des donn\u00e9es \u00e0 caract\u00e8re personnel<\/strong><\/p>\n<p>Vos donn\u00e9es seront conserv\u00e9es dans nos fichiers dans la mesure o\u00f9 notre relation commerciale soit maintenue, durant le laps de temps pr\u00e9vu par les dispositions l\u00e9gales applicables pour l\u2019exercice de n\u2019importe quelle action par vous ou le Responsable.<\/p>\n<p>Une fois achev\u00e9e notre relation commerciale, vos Donn\u00e9es seront d\u00fbment gel\u00e9es, conform\u00e9ment \u00e0 la r\u00e9glementation applicable.<\/p>\n<p>Nonobstant ce qui pr\u00e9c\u00e8de, une fois termin\u00e9e notre relation, on pourra continuer \u00e0 utiliser vous donn\u00e9es \u00e0 des fins commerciales, dans les conditions \u00e9tablies aux pr\u00e9ceptes ant\u00e9rieurs jusqu\u2019\u00e0 ce que vous ne r\u00e9voquez pas le consentement que vous nous avez donn\u00e9.<\/p>\n<p><strong>Acc\u00e8s aux\u00a0 Donn\u00e9es par des tiers<\/strong><\/p>\n<p>Nous vous informons que certaines soci\u00e9t\u00e9s pourraient acc\u00e9der \u00e0 vos Donn\u00e9es avec le but exclusif de pr\u00eater au Responsable un service de traitement, telles que des prestataires de services administratifs, pr\u00eateurs de services informatiques, etc. sans qu\u2019en aucun cas, ces prestataires puissent utiliser vos Donn\u00e9es pour d\u2019autres fins ou en int\u00e9r\u00eat propre.<\/p>\n<p>Ces entreprises pourraient \u00eatre \u00e9tablies \u00e0 des pays qui se trouvent en dehors de l&rsquo;Espace \u00e9conomique europ\u00e9en et qui n&rsquo;apportent pas un niveau de protection comparable \u00e0 celui de la LOPD.<\/p>\n<p><strong>Confidentialit\u00e9 et mesures de s\u00e9curit\u00e9<\/strong><\/p>\n<p>Enfin, nous vous informons que le Responsable traitera \u00e0 tout moment vos donn\u00e9es en toute confidentialit\u00e9 et conform\u00e9ment aux utilisations et finalit\u00e9s express\u00e9ment pr\u00e9vues dans chaque cas.<\/p>\n<p>Nous vous informons par ailleurs que le Responsable a introduit les mesures de s\u00e9curit\u00e9 de type technique et organisationnel n\u00e9cessaires pour garantir la s\u00e9curit\u00e9 de vos donn\u00e9es personnelles et \u00e9viter leur alt\u00e9ration, perte, traitement et\/ou acc\u00e8s non autoris\u00e9, compte tenu de l&rsquo;\u00e9tat de la technique, de la nature des donn\u00e9es stock\u00e9es et les risques auxquels elles sont expos\u00e9es, tout ceci conform\u00e9ment aux stipulations de l&rsquo;Article 9 de la LOPD et au Chapitre VIII du D\u00e9cret Royal 1720\/2007.<\/p>\n<p><strong>Exercice de droits<\/strong><\/p>\n<p>Vous pourrez exercer \u00e0 tout moment le droit d&rsquo;acc\u00e8s, de rectification d&rsquo;annulation et d&rsquo;opposition au traitement de vos Donn\u00e9es, dans les termes pr\u00e9vus par la l\u00e9gislation, en vous adressant \u00e0 l\u2019adresse postale du Responsable indiqu\u00e9e ant\u00e9rieurement, en y joignant une copie du document qui prouve son identit\u00e9.<\/p>\n<p>Vous pourrez r\u00e9voquer comme il est indiqu\u00e9 ci-dessus et \u00e0 n\u2019importe quel moment, les consentements particuliers qu\u2019on vous sollicite dans cette clause, sans effet r\u00e9troactif et selon les termes pr\u00e9vus l\u00e9galement.<\/p>\n","protected":false},"excerpt":{"rendered":"<p>En conformit\u00e9 avec les dispositions de la loi 15\/1999 du 13 D\u00e9cembre sur la protection des donn\u00e9es \u00e0 caract\u00e8re personnel (LOPD), et ses r\u00e8glements d&rsquo;application, nous sommes heureux de vous informer quant \u00e0 l&rsquo;existence du traitement de vos donn\u00e9es \u00e0 caract\u00e8re personnel (\u00ab\u00a0Donn\u00e9es\u00a0\u00bb) Les donn\u00e9es personnelles que vous nous fournissez maintenant ou \u00e0 l\u2019avenir, en [&hellip;]<\/p>\n","protected":false},"author":1,"featured_media":0,"parent":0,"menu_order":0,"comment_status":"closed","ping_status":"closed","template":"","meta":{"footnotes":""},"class_list":["post-819","page","type-page","status-publish","hentry"],"yoast_head":"<!-- This site is optimized with the Yoast SEO plugin v27.2 - https:\/\/yoast.com\/product\/yoast-seo-wordpress\/ -->\n<title>Repagas, \u00e9quipements secteur de l\u2019h\u00f4tellerie. Politique de confidentialit\u00e9.<\/title>\n<meta name=\"description\" content=\"Les donn\u00e9es personnelles que vous nous fournissez maintenant ou \u00e0 l\u2019avenir seront int\u00e9gr\u00e9es dans un fichier duquel est responsable REPAGAS, S.A.\" \/>\n<meta name=\"robots\" content=\"index, follow, max-snippet:-1, max-image-preview:large, max-video-preview:-1\" \/>\n<link rel=\"canonical\" href=\"https:\/\/repagas.com\/politique-de-confidentialite\/\" \/>\n<meta property=\"og:locale\" content=\"fr_FR\" \/>\n<meta property=\"og:type\" content=\"article\" \/>\n<meta property=\"og:title\" content=\"Repagas, \u00e9quipements secteur de l\u2019h\u00f4tellerie. Politique de confidentialit\u00e9.\" \/>\n<meta property=\"og:description\" content=\"Les donn\u00e9es personnelles que vous nous fournissez maintenant ou \u00e0 l\u2019avenir seront int\u00e9gr\u00e9es dans un fichier duquel est responsable REPAGAS, S.A.\" \/>\n<meta property=\"og:url\" content=\"https:\/\/repagas.com\/politique-de-confidentialite\/\" \/>\n<meta property=\"og:site_name\" content=\"Repagas\" \/>\n<meta property=\"article:publisher\" content=\"https:\/\/www.facebook.com\/Repagas\/\" \/>\n<meta property=\"article:modified_time\" content=\"2017-10-17T07:58:07+00:00\" \/>\n<meta name=\"twitter:card\" content=\"summary_large_image\" \/>\n<meta name=\"twitter:site\" content=\"@Repagas\" \/>\n<meta name=\"twitter:label1\" content=\"Dur\u00e9e de lecture estim\u00e9e\" \/>\n\t<meta name=\"twitter:data1\" content=\"4 minutes\" \/>\n<script type=\"application\/ld+json\" class=\"yoast-schema-graph\">{\"@context\":\"https:\/\/schema.org\",\"@graph\":[{\"@type\":\"WebPage\",\"@id\":\"https:\/\/repagas.com\/politique-de-confidentialite\/\",\"url\":\"https:\/\/repagas.com\/politique-de-confidentialite\/\",\"name\":\"Repagas, \u00e9quipements secteur de l\u2019h\u00f4tellerie. Politique de confidentialit\u00e9.\",\"isPartOf\":{\"@id\":\"https:\/\/repagas.com\/#website\"},\"datePublished\":\"2017-07-13T08:17:28+00:00\",\"dateModified\":\"2017-10-17T07:58:07+00:00\",\"description\":\"Les donn\u00e9es personnelles que vous nous fournissez maintenant ou \u00e0 l\u2019avenir seront int\u00e9gr\u00e9es dans un fichier duquel est responsable REPAGAS, S.A.\",\"breadcrumb\":{\"@id\":\"https:\/\/repagas.com\/politique-de-confidentialite\/#breadcrumb\"},\"inLanguage\":\"fr-FR\",\"potentialAction\":[{\"@type\":\"ReadAction\",\"target\":[\"https:\/\/repagas.com\/politique-de-confidentialite\/\"]}]},{\"@type\":\"BreadcrumbList\",\"@id\":\"https:\/\/repagas.com\/politique-de-confidentialite\/#breadcrumb\",\"itemListElement\":[{\"@type\":\"ListItem\",\"position\":1,\"name\":\"Portada\",\"item\":\"https:\/\/repagas.com\/accueil\/\"},{\"@type\":\"ListItem\",\"position\":2,\"name\":\"Politique de confidentialit\u00e9\"}]},{\"@type\":\"WebSite\",\"@id\":\"https:\/\/repagas.com\/#website\",\"url\":\"https:\/\/repagas.com\/\",\"name\":\"Repagas\",\"description\":\"Equipamientos para Hosteler\u00eda, Cocinas industriales para restaurantes, hoteles, bares, cafeter\u00edas, Equipamiento industrial\",\"publisher\":{\"@id\":\"https:\/\/repagas.com\/#organization\"},\"potentialAction\":[{\"@type\":\"SearchAction\",\"target\":{\"@type\":\"EntryPoint\",\"urlTemplate\":\"https:\/\/repagas.com\/?s={search_term_string}\"},\"query-input\":{\"@type\":\"PropertyValueSpecification\",\"valueRequired\":true,\"valueName\":\"search_term_string\"}}],\"inLanguage\":\"fr-FR\"},{\"@type\":\"Organization\",\"@id\":\"https:\/\/repagas.com\/#organization\",\"name\":\"REPAGAS\",\"url\":\"https:\/\/repagas.com\/\",\"logo\":{\"@type\":\"ImageObject\",\"inLanguage\":\"fr-FR\",\"@id\":\"https:\/\/repagas.com\/#\/schema\/logo\/image\/\",\"url\":\"\",\"contentUrl\":\"\",\"caption\":\"REPAGAS\"},\"image\":{\"@id\":\"https:\/\/repagas.com\/#\/schema\/logo\/image\/\"},\"sameAs\":[\"https:\/\/www.facebook.com\/Repagas\/\",\"https:\/\/x.com\/Repagas\"]}]}<\/script>\n<!-- \/ Yoast SEO plugin. -->","yoast_head_json":{"title":"Repagas, \u00e9quipements secteur de l\u2019h\u00f4tellerie. Politique de confidentialit\u00e9.","description":"Les donn\u00e9es personnelles que vous nous fournissez maintenant ou \u00e0 l\u2019avenir seront int\u00e9gr\u00e9es dans un fichier duquel est responsable REPAGAS, S.A.","robots":{"index":"index","follow":"follow","max-snippet":"max-snippet:-1","max-image-preview":"max-image-preview:large","max-video-preview":"max-video-preview:-1"},"canonical":"https:\/\/repagas.com\/politique-de-confidentialite\/","og_locale":"fr_FR","og_type":"article","og_title":"Repagas, \u00e9quipements secteur de l\u2019h\u00f4tellerie. Politique de confidentialit\u00e9.","og_description":"Les donn\u00e9es personnelles que vous nous fournissez maintenant ou \u00e0 l\u2019avenir seront int\u00e9gr\u00e9es dans un fichier duquel est responsable REPAGAS, S.A.","og_url":"https:\/\/repagas.com\/politique-de-confidentialite\/","og_site_name":"Repagas","article_publisher":"https:\/\/www.facebook.com\/Repagas\/","article_modified_time":"2017-10-17T07:58:07+00:00","twitter_card":"summary_large_image","twitter_site":"@Repagas","twitter_misc":{"Dur\u00e9e de lecture estim\u00e9e":"4 minutes"},"schema":{"@context":"https:\/\/schema.org","@graph":[{"@type":"WebPage","@id":"https:\/\/repagas.com\/politique-de-confidentialite\/","url":"https:\/\/repagas.com\/politique-de-confidentialite\/","name":"Repagas, \u00e9quipements secteur de l\u2019h\u00f4tellerie. Politique de confidentialit\u00e9.","isPartOf":{"@id":"https:\/\/repagas.com\/#website"},"datePublished":"2017-07-13T08:17:28+00:00","dateModified":"2017-10-17T07:58:07+00:00","description":"Les donn\u00e9es personnelles que vous nous fournissez maintenant ou \u00e0 l\u2019avenir seront int\u00e9gr\u00e9es dans un fichier duquel est responsable REPAGAS, S.A.","breadcrumb":{"@id":"https:\/\/repagas.com\/politique-de-confidentialite\/#breadcrumb"},"inLanguage":"fr-FR","potentialAction":[{"@type":"ReadAction","target":["https:\/\/repagas.com\/politique-de-confidentialite\/"]}]},{"@type":"BreadcrumbList","@id":"https:\/\/repagas.com\/politique-de-confidentialite\/#breadcrumb","itemListElement":[{"@type":"ListItem","position":1,"name":"Portada","item":"https:\/\/repagas.com\/accueil\/"},{"@type":"ListItem","position":2,"name":"Politique de confidentialit\u00e9"}]},{"@type":"WebSite","@id":"https:\/\/repagas.com\/#website","url":"https:\/\/repagas.com\/","name":"Repagas","description":"Equipamientos para Hosteler\u00eda, Cocinas industriales para restaurantes, hoteles, bares, cafeter\u00edas, Equipamiento industrial","publisher":{"@id":"https:\/\/repagas.com\/#organization"},"potentialAction":[{"@type":"SearchAction","target":{"@type":"EntryPoint","urlTemplate":"https:\/\/repagas.com\/?s={search_term_string}"},"query-input":{"@type":"PropertyValueSpecification","valueRequired":true,"valueName":"search_term_string"}}],"inLanguage":"fr-FR"},{"@type":"Organization","@id":"https:\/\/repagas.com\/#organization","name":"REPAGAS","url":"https:\/\/repagas.com\/","logo":{"@type":"ImageObject","inLanguage":"fr-FR","@id":"https:\/\/repagas.com\/#\/schema\/logo\/image\/","url":"","contentUrl":"","caption":"REPAGAS"},"image":{"@id":"https:\/\/repagas.com\/#\/schema\/logo\/image\/"},"sameAs":["https:\/\/www.facebook.com\/Repagas\/","https:\/\/x.com\/Repagas"]}]}},"_links":{"self":[{"href":"https:\/\/repagas.com\/fr\/wp-json\/wp\/v2\/pages\/819","targetHints":{"allow":["GET"]}}],"collection":[{"href":"https:\/\/repagas.com\/fr\/wp-json\/wp\/v2\/pages"}],"about":[{"href":"https:\/\/repagas.com\/fr\/wp-json\/wp\/v2\/types\/page"}],"author":[{"embeddable":true,"href":"https:\/\/repagas.com\/fr\/wp-json\/wp\/v2\/users\/1"}],"replies":[{"embeddable":true,"href":"https:\/\/repagas.com\/fr\/wp-json\/wp\/v2\/comments?post=819"}],"version-history":[{"count":7,"href":"https:\/\/repagas.com\/fr\/wp-json\/wp\/v2\/pages\/819\/revisions"}],"predecessor-version":[{"id":5671,"href":"https:\/\/repagas.com\/fr\/wp-json\/wp\/v2\/pages\/819\/revisions\/5671"}],"wp:attachment":[{"href":"https:\/\/repagas.com\/fr\/wp-json\/wp\/v2\/media?parent=819"}],"curies":[{"name":"wp","href":"https:\/\/api.w.org\/{rel}","templated":true}]}}