{"id":838,"date":"2017-05-08T14:27:52","date_gmt":"2017-05-08T14:27:52","guid":{"rendered":"https:\/\/repagas.com\/cocinas-profesionales\/disenador-de-cocinas\/"},"modified":"2017-10-18T07:44:09","modified_gmt":"2017-10-18T07:44:09","slug":"concepteur-de-cuisines","status":"publish","type":"page","link":"https:\/\/repagas.com\/fr\/produits\/concepteur-de-cuisines\/","title":{"rendered":"Concepteur de cuisines"},"content":{"rendered":"<p><span style=\"color: #e04c4c;\"><strong>Virtual Planner<\/strong><strong>\u00ae Repagas<\/strong><\/span><\/p>\n<p>Concevez votre cuisine Repagas Concept de mani\u00e8re simple et intuitive gr\u00e2ce \u00e0 Virtual Planner\u00ae Kitchen Edition. Cette application met \u00e0 votre disposition les outils n\u00e9cessaires pour personnaliser votre cuisine dans les moindres d\u00e9tails en fonction de vos besoins, puis de r\u00e9aliser une visite virtuelle 3D de celle-ci.<\/p>\n<p>Gr\u00e2ce \u00e0 Repagas, concevoir la cuisine parfaite est tr\u00e8s simple\u00a0; si vous disposez d\u2019un plan, l\u2019application permet de l\u2019importer pour travailler \u00e0 partir du plan. En l\u2019absence de plan, vous pouvez r\u00e9aliser un dessin approximatif de l\u2019espace, ajouter des portes et des fen\u00eatres, modifier les couleurs et les mat\u00e9riels.<\/p>\n<p>Et tr\u00e8s important\u00a0: Vous pourrez ajouter tout l\u2019\u00e9quipement que Repagas vous propose\u00a0! Une infinit\u00e9 de possibilit\u00e9s \u00e0 votre service pour vous aider \u00e0 faire les bons choix.<\/p>\n<p>Une fois con\u00e7ue, vous pourrez sauvegarder votre cuisine et envoyer une demande d\u2019offre accompagn\u00e9e de la configuration souhait\u00e9e et nous vous contacterons pour affiner les d\u00e9tails.<\/p>\n<p style=\"text-align: center;\"><a class=\"btn btn-primary\" href=\"http:\/\/repagas.virtualplanner.com\/Repagas\/BETA\/V3\/\" target=\"_blank\" rel=\"noopener\">Aller au Cocepteur de Cuisines<\/a><\/p>\n","protected":false},"excerpt":{"rendered":"<p>Virtual Planner\u00ae Repagas Concevez votre cuisine Repagas Concept de mani\u00e8re simple et intuitive gr\u00e2ce \u00e0 Virtual Planner\u00ae Kitchen Edition. Cette application met \u00e0 votre disposition les outils n\u00e9cessaires pour personnaliser votre cuisine dans les moindres d\u00e9tails en fonction de vos besoins, puis de r\u00e9aliser une visite virtuelle 3D de celle-ci. Gr\u00e2ce \u00e0 Repagas, concevoir la [&hellip;]<\/p>\n","protected":false},"author":1,"featured_media":6533,"parent":835,"menu_order":3,"comment_status":"closed","ping_status":"closed","template":"page-disenadorCocinas.php","meta":{"footnotes":""},"class_list":["post-838","page","type-page","status-publish","has-post-thumbnail","hentry"],"yoast_head":"<!-- This site is optimized with the Yoast SEO plugin v27.2 - https:\/\/yoast.com\/product\/yoast-seo-wordpress\/ -->\n<title>Concepteur de cuisines Repagas. Concevez votre cuisine ideal.<\/title>\n<meta name=\"description\" content=\"Ce condepteur de cuisines Repagas met \u00e0 votre disposition les outils n\u00e9cessaires pour personnaliser votre cuisine industrielle\" \/>\n<meta name=\"robots\" content=\"index, follow, max-snippet:-1, max-image-preview:large, max-video-preview:-1\" \/>\n<link rel=\"canonical\" href=\"https:\/\/repagas.com\/produits\/concepteur-de-cuisines\/\" \/>\n<meta property=\"og:locale\" content=\"fr_FR\" \/>\n<meta property=\"og:type\" content=\"article\" \/>\n<meta property=\"og:title\" content=\"Concepteur de cuisines Repagas. Concevez votre cuisine ideal.\" \/>\n<meta property=\"og:description\" content=\"Ce condepteur de cuisines Repagas met \u00e0 votre disposition les outils n\u00e9cessaires pour personnaliser votre cuisine industrielle\" \/>\n<meta property=\"og:url\" content=\"https:\/\/repagas.com\/produits\/concepteur-de-cuisines\/\" \/>\n<meta property=\"og:site_name\" content=\"Repagas\" \/>\n<meta property=\"article:publisher\" content=\"https:\/\/www.facebook.com\/Repagas\/\" \/>\n<meta property=\"article:modified_time\" content=\"2017-10-18T07:44:09+00:00\" \/>\n<meta property=\"og:image\" content=\"https:\/\/repagas.com\/wp-content\/uploads\/2017\/05\/VirtualPlannerRepagasFr.jpg\" \/>\n\t<meta property=\"og:image:width\" content=\"1400\" \/>\n\t<meta property=\"og:image:height\" content=\"900\" \/>\n\t<meta property=\"og:image:type\" content=\"image\/jpeg\" \/>\n<meta name=\"twitter:card\" content=\"summary_large_image\" \/>\n<meta name=\"twitter:site\" content=\"@Repagas\" \/>\n<meta name=\"twitter:label1\" content=\"Dur\u00e9e de lecture estim\u00e9e\" \/>\n\t<meta name=\"twitter:data1\" content=\"1 minute\" \/>\n<script type=\"application\/ld+json\" class=\"yoast-schema-graph\">{\"@context\":\"https:\/\/schema.org\",\"@graph\":[{\"@type\":\"WebPage\",\"@id\":\"https:\/\/repagas.com\/produits\/concepteur-de-cuisines\/\",\"url\":\"https:\/\/repagas.com\/produits\/concepteur-de-cuisines\/\",\"name\":\"Concepteur de cuisines Repagas. Concevez votre cuisine ideal.\",\"isPartOf\":{\"@id\":\"https:\/\/repagas.com\/#website\"},\"primaryImageOfPage\":{\"@id\":\"https:\/\/repagas.com\/produits\/concepteur-de-cuisines\/#primaryimage\"},\"image\":{\"@id\":\"https:\/\/repagas.com\/produits\/concepteur-de-cuisines\/#primaryimage\"},\"thumbnailUrl\":\"https:\/\/repagas.com\/wp-content\/uploads\/2017\/05\/VirtualPlannerRepagasFr.jpg\",\"datePublished\":\"2017-05-08T14:27:52+00:00\",\"dateModified\":\"2017-10-18T07:44:09+00:00\",\"description\":\"Ce condepteur de cuisines Repagas met \u00e0 votre disposition les outils n\u00e9cessaires pour personnaliser votre cuisine industrielle\",\"breadcrumb\":{\"@id\":\"https:\/\/repagas.com\/produits\/concepteur-de-cuisines\/#breadcrumb\"},\"inLanguage\":\"fr-FR\",\"potentialAction\":[{\"@type\":\"ReadAction\",\"target\":[\"https:\/\/repagas.com\/produits\/concepteur-de-cuisines\/\"]}]},{\"@type\":\"ImageObject\",\"inLanguage\":\"fr-FR\",\"@id\":\"https:\/\/repagas.com\/produits\/concepteur-de-cuisines\/#primaryimage\",\"url\":\"https:\/\/repagas.com\/wp-content\/uploads\/2017\/05\/VirtualPlannerRepagasFr.jpg\",\"contentUrl\":\"https:\/\/repagas.com\/wp-content\/uploads\/2017\/05\/VirtualPlannerRepagasFr.jpg\",\"width\":1400,\"height\":900},{\"@type\":\"BreadcrumbList\",\"@id\":\"https:\/\/repagas.com\/produits\/concepteur-de-cuisines\/#breadcrumb\",\"itemListElement\":[{\"@type\":\"ListItem\",\"position\":1,\"name\":\"Portada\",\"item\":\"https:\/\/repagas.com\/accueil\/\"},{\"@type\":\"ListItem\",\"position\":2,\"name\":\"Produits\",\"item\":\"https:\/\/repagas.com\/produits\/\"},{\"@type\":\"ListItem\",\"position\":3,\"name\":\"Concepteur de cuisines\"}]},{\"@type\":\"WebSite\",\"@id\":\"https:\/\/repagas.com\/#website\",\"url\":\"https:\/\/repagas.com\/\",\"name\":\"Repagas\",\"description\":\"Equipamientos para Hosteler\u00eda, Cocinas industriales para restaurantes, hoteles, bares, cafeter\u00edas, Equipamiento industrial\",\"publisher\":{\"@id\":\"https:\/\/repagas.com\/#organization\"},\"potentialAction\":[{\"@type\":\"SearchAction\",\"target\":{\"@type\":\"EntryPoint\",\"urlTemplate\":\"https:\/\/repagas.com\/?s={search_term_string}\"},\"query-input\":{\"@type\":\"PropertyValueSpecification\",\"valueRequired\":true,\"valueName\":\"search_term_string\"}}],\"inLanguage\":\"fr-FR\"},{\"@type\":\"Organization\",\"@id\":\"https:\/\/repagas.com\/#organization\",\"name\":\"REPAGAS\",\"url\":\"https:\/\/repagas.com\/\",\"logo\":{\"@type\":\"ImageObject\",\"inLanguage\":\"fr-FR\",\"@id\":\"https:\/\/repagas.com\/#\/schema\/logo\/image\/\",\"url\":\"\",\"contentUrl\":\"\",\"caption\":\"REPAGAS\"},\"image\":{\"@id\":\"https:\/\/repagas.com\/#\/schema\/logo\/image\/\"},\"sameAs\":[\"https:\/\/www.facebook.com\/Repagas\/\",\"https:\/\/x.com\/Repagas\"]}]}<\/script>\n<!-- \/ Yoast SEO plugin. -->","yoast_head_json":{"title":"Concepteur de cuisines Repagas. Concevez votre cuisine ideal.","description":"Ce condepteur de cuisines Repagas met \u00e0 votre disposition les outils n\u00e9cessaires pour personnaliser votre cuisine industrielle","robots":{"index":"index","follow":"follow","max-snippet":"max-snippet:-1","max-image-preview":"max-image-preview:large","max-video-preview":"max-video-preview:-1"},"canonical":"https:\/\/repagas.com\/produits\/concepteur-de-cuisines\/","og_locale":"fr_FR","og_type":"article","og_title":"Concepteur de cuisines Repagas. Concevez votre cuisine ideal.","og_description":"Ce condepteur de cuisines Repagas met \u00e0 votre disposition les outils n\u00e9cessaires pour personnaliser votre cuisine industrielle","og_url":"https:\/\/repagas.com\/produits\/concepteur-de-cuisines\/","og_site_name":"Repagas","article_publisher":"https:\/\/www.facebook.com\/Repagas\/","article_modified_time":"2017-10-18T07:44:09+00:00","og_image":[{"width":1400,"height":900,"url":"https:\/\/repagas.com\/wp-content\/uploads\/2017\/05\/VirtualPlannerRepagasFr.jpg","type":"image\/jpeg"}],"twitter_card":"summary_large_image","twitter_site":"@Repagas","twitter_misc":{"Dur\u00e9e de lecture estim\u00e9e":"1 minute"},"schema":{"@context":"https:\/\/schema.org","@graph":[{"@type":"WebPage","@id":"https:\/\/repagas.com\/produits\/concepteur-de-cuisines\/","url":"https:\/\/repagas.com\/produits\/concepteur-de-cuisines\/","name":"Concepteur de cuisines Repagas. Concevez votre cuisine ideal.","isPartOf":{"@id":"https:\/\/repagas.com\/#website"},"primaryImageOfPage":{"@id":"https:\/\/repagas.com\/produits\/concepteur-de-cuisines\/#primaryimage"},"image":{"@id":"https:\/\/repagas.com\/produits\/concepteur-de-cuisines\/#primaryimage"},"thumbnailUrl":"https:\/\/repagas.com\/wp-content\/uploads\/2017\/05\/VirtualPlannerRepagasFr.jpg","datePublished":"2017-05-08T14:27:52+00:00","dateModified":"2017-10-18T07:44:09+00:00","description":"Ce condepteur de cuisines Repagas met \u00e0 votre disposition les outils n\u00e9cessaires pour personnaliser votre cuisine industrielle","breadcrumb":{"@id":"https:\/\/repagas.com\/produits\/concepteur-de-cuisines\/#breadcrumb"},"inLanguage":"fr-FR","potentialAction":[{"@type":"ReadAction","target":["https:\/\/repagas.com\/produits\/concepteur-de-cuisines\/"]}]},{"@type":"ImageObject","inLanguage":"fr-FR","@id":"https:\/\/repagas.com\/produits\/concepteur-de-cuisines\/#primaryimage","url":"https:\/\/repagas.com\/wp-content\/uploads\/2017\/05\/VirtualPlannerRepagasFr.jpg","contentUrl":"https:\/\/repagas.com\/wp-content\/uploads\/2017\/05\/VirtualPlannerRepagasFr.jpg","width":1400,"height":900},{"@type":"BreadcrumbList","@id":"https:\/\/repagas.com\/produits\/concepteur-de-cuisines\/#breadcrumb","itemListElement":[{"@type":"ListItem","position":1,"name":"Portada","item":"https:\/\/repagas.com\/accueil\/"},{"@type":"ListItem","position":2,"name":"Produits","item":"https:\/\/repagas.com\/produits\/"},{"@type":"ListItem","position":3,"name":"Concepteur de cuisines"}]},{"@type":"WebSite","@id":"https:\/\/repagas.com\/#website","url":"https:\/\/repagas.com\/","name":"Repagas","description":"Equipamientos para Hosteler\u00eda, Cocinas industriales para restaurantes, hoteles, bares, cafeter\u00edas, Equipamiento industrial","publisher":{"@id":"https:\/\/repagas.com\/#organization"},"potentialAction":[{"@type":"SearchAction","target":{"@type":"EntryPoint","urlTemplate":"https:\/\/repagas.com\/?s={search_term_string}"},"query-input":{"@type":"PropertyValueSpecification","valueRequired":true,"valueName":"search_term_string"}}],"inLanguage":"fr-FR"},{"@type":"Organization","@id":"https:\/\/repagas.com\/#organization","name":"REPAGAS","url":"https:\/\/repagas.com\/","logo":{"@type":"ImageObject","inLanguage":"fr-FR","@id":"https:\/\/repagas.com\/#\/schema\/logo\/image\/","url":"","contentUrl":"","caption":"REPAGAS"},"image":{"@id":"https:\/\/repagas.com\/#\/schema\/logo\/image\/"},"sameAs":["https:\/\/www.facebook.com\/Repagas\/","https:\/\/x.com\/Repagas"]}]}},"_links":{"self":[{"href":"https:\/\/repagas.com\/fr\/wp-json\/wp\/v2\/pages\/838","targetHints":{"allow":["GET"]}}],"collection":[{"href":"https:\/\/repagas.com\/fr\/wp-json\/wp\/v2\/pages"}],"about":[{"href":"https:\/\/repagas.com\/fr\/wp-json\/wp\/v2\/types\/page"}],"author":[{"embeddable":true,"href":"https:\/\/repagas.com\/fr\/wp-json\/wp\/v2\/users\/1"}],"replies":[{"embeddable":true,"href":"https:\/\/repagas.com\/fr\/wp-json\/wp\/v2\/comments?post=838"}],"version-history":[{"count":0,"href":"https:\/\/repagas.com\/fr\/wp-json\/wp\/v2\/pages\/838\/revisions"}],"up":[{"embeddable":true,"href":"https:\/\/repagas.com\/fr\/wp-json\/wp\/v2\/pages\/835"}],"wp:featuredmedia":[{"embeddable":true,"href":"https:\/\/repagas.com\/fr\/wp-json\/wp\/v2\/media\/6533"}],"wp:attachment":[{"href":"https:\/\/repagas.com\/fr\/wp-json\/wp\/v2\/media?parent=838"}],"curies":[{"name":"wp","href":"https:\/\/api.w.org\/{rel}","templated":true}]}}