{"id":841,"date":"2017-05-09T15:40:53","date_gmt":"2017-05-09T15:40:53","guid":{"rendered":"https:\/\/repagas.com\/te-asesoramos\/"},"modified":"2017-10-17T08:37:12","modified_gmt":"2017-10-17T08:37:12","slug":"nous-vous-conseillons","status":"publish","type":"page","link":"https:\/\/repagas.com\/fr\/nous-vous-conseillons\/","title":{"rendered":"Conseil"},"content":{"rendered":"<h2>Nous faisons en sorte que votre affaire soit rentable, attrayante et viable.<\/h2>\n<p>Avant de commencer \u00e0 dessiner les premi\u00e8res \u00e9bauches de votre future cuisine, vous devez savoir exactement quelle sera votre orientation\u00a0: l\u2019offre gastronomique, le type de service, la pr\u00e9vision de croissance et m\u00eame le lieu d\u2019entr\u00e9e des mati\u00e8res premi\u00e8res&#8230; Tous ces facteurs sont d\u00e9cisifs au moment de concevoir une cuisine efficace, mais ce travail est souvent p\u00e9nible et jonch\u00e9 d\u2019obstacles. C\u2019est pourquoi Repagas veut avancer \u00e0 vos c\u00f4t\u00e9s et vous aider \u00e0 concevoir votre projet gr\u00e2ce \u00e0 notre service\u00a0<strong><span style=\"color: #e04c4c;\">Repagas Concept et notre Chefconsulting<\/span><\/strong>.<\/p>\n<p>Chez Repagas nous vous accompagnerons dans tous les aspects de votre mod\u00e8le d\u2019affaire, car plus ils seront nombreux pour interagir entre eux et plus la proc\u00e9dure d\u2019implantation, de mise en marche et de d\u00e9veloppement sera viable et mesurable. La combinaison de tous ces facteurs assurera la rentabilit\u00e9 de votre activit\u00e9.<\/p>\n","protected":false},"excerpt":{"rendered":"<p>Nous faisons en sorte que votre affaire soit rentable, attrayante et viable. Avant de commencer \u00e0 dessiner les premi\u00e8res \u00e9bauches de votre future cuisine, vous devez savoir exactement quelle sera votre orientation\u00a0: l\u2019offre gastronomique, le type de service, la pr\u00e9vision de croissance et m\u00eame le lieu d\u2019entr\u00e9e des mati\u00e8res premi\u00e8res&#8230; Tous ces facteurs sont d\u00e9cisifs [&hellip;]<\/p>\n","protected":false},"author":1,"featured_media":200,"parent":0,"menu_order":4,"comment_status":"closed","ping_status":"closed","template":"page-asesoramiento.php","meta":{"footnotes":""},"class_list":["post-841","page","type-page","status-publish","has-post-thumbnail","hentry"],"yoast_head":"<!-- This site is optimized with the Yoast SEO plugin v27.2 - https:\/\/yoast.com\/product\/yoast-seo-wordpress\/ -->\n<title>Repagas, la cuisine est un espace primordial. Nous vous conseillons<\/title>\n<meta name=\"description\" content=\"Chez Repagas nous vous accompagnerons dans tous les aspects de votre mod\u00e8le d\u2019affaire, car plus ils seront nombreux pour interagir entre eux.\" \/>\n<meta name=\"robots\" content=\"index, follow, max-snippet:-1, max-image-preview:large, max-video-preview:-1\" \/>\n<link rel=\"canonical\" href=\"https:\/\/repagas.com\/nous-vous-conseillons\/\" \/>\n<meta property=\"og:locale\" content=\"fr_FR\" \/>\n<meta property=\"og:type\" content=\"article\" \/>\n<meta property=\"og:title\" content=\"Repagas, la cuisine est un espace primordial. Nous vous conseillons\" \/>\n<meta property=\"og:description\" content=\"Chez Repagas nous vous accompagnerons dans tous les aspects de votre mod\u00e8le d\u2019affaire, car plus ils seront nombreux pour interagir entre eux.\" \/>\n<meta property=\"og:url\" content=\"https:\/\/repagas.com\/nous-vous-conseillons\/\" \/>\n<meta property=\"og:site_name\" content=\"Repagas\" \/>\n<meta property=\"article:publisher\" content=\"https:\/\/www.facebook.com\/Repagas\/\" \/>\n<meta property=\"article:modified_time\" content=\"2017-10-17T08:37:12+00:00\" \/>\n<meta property=\"og:image\" content=\"https:\/\/repagas.com\/wp-content\/uploads\/2017\/05\/infogra.jpg\" \/>\n\t<meta property=\"og:image:width\" content=\"1060\" \/>\n\t<meta property=\"og:image:height\" content=\"495\" \/>\n\t<meta property=\"og:image:type\" content=\"image\/jpeg\" \/>\n<meta name=\"twitter:card\" content=\"summary_large_image\" \/>\n<meta name=\"twitter:site\" content=\"@Repagas\" \/>\n<meta name=\"twitter:label1\" content=\"Dur\u00e9e de lecture estim\u00e9e\" \/>\n\t<meta name=\"twitter:data1\" content=\"1 minute\" \/>\n<script type=\"application\/ld+json\" class=\"yoast-schema-graph\">{\"@context\":\"https:\/\/schema.org\",\"@graph\":[{\"@type\":\"WebPage\",\"@id\":\"https:\/\/repagas.com\/nous-vous-conseillons\/\",\"url\":\"https:\/\/repagas.com\/nous-vous-conseillons\/\",\"name\":\"Repagas, la cuisine est un espace primordial. Nous vous conseillons\",\"isPartOf\":{\"@id\":\"https:\/\/repagas.com\/#website\"},\"primaryImageOfPage\":{\"@id\":\"https:\/\/repagas.com\/nous-vous-conseillons\/#primaryimage\"},\"image\":{\"@id\":\"https:\/\/repagas.com\/nous-vous-conseillons\/#primaryimage\"},\"thumbnailUrl\":\"https:\/\/repagas.com\/wp-content\/uploads\/2017\/05\/infogra.jpg\",\"datePublished\":\"2017-05-09T15:40:53+00:00\",\"dateModified\":\"2017-10-17T08:37:12+00:00\",\"description\":\"Chez Repagas nous vous accompagnerons dans tous les aspects de votre mod\u00e8le d\u2019affaire, car plus ils seront nombreux pour interagir entre eux.\",\"breadcrumb\":{\"@id\":\"https:\/\/repagas.com\/nous-vous-conseillons\/#breadcrumb\"},\"inLanguage\":\"fr-FR\",\"potentialAction\":[{\"@type\":\"ReadAction\",\"target\":[\"https:\/\/repagas.com\/nous-vous-conseillons\/\"]}]},{\"@type\":\"ImageObject\",\"inLanguage\":\"fr-FR\",\"@id\":\"https:\/\/repagas.com\/nous-vous-conseillons\/#primaryimage\",\"url\":\"https:\/\/repagas.com\/wp-content\/uploads\/2017\/05\/infogra.jpg\",\"contentUrl\":\"https:\/\/repagas.com\/wp-content\/uploads\/2017\/05\/infogra.jpg\",\"width\":1060,\"height\":495},{\"@type\":\"BreadcrumbList\",\"@id\":\"https:\/\/repagas.com\/nous-vous-conseillons\/#breadcrumb\",\"itemListElement\":[{\"@type\":\"ListItem\",\"position\":1,\"name\":\"Portada\",\"item\":\"https:\/\/repagas.com\/accueil\/\"},{\"@type\":\"ListItem\",\"position\":2,\"name\":\"Conseil\"}]},{\"@type\":\"WebSite\",\"@id\":\"https:\/\/repagas.com\/#website\",\"url\":\"https:\/\/repagas.com\/\",\"name\":\"Repagas\",\"description\":\"Equipamientos para Hosteler\u00eda, Cocinas industriales para restaurantes, hoteles, bares, cafeter\u00edas, Equipamiento industrial\",\"publisher\":{\"@id\":\"https:\/\/repagas.com\/#organization\"},\"potentialAction\":[{\"@type\":\"SearchAction\",\"target\":{\"@type\":\"EntryPoint\",\"urlTemplate\":\"https:\/\/repagas.com\/?s={search_term_string}\"},\"query-input\":{\"@type\":\"PropertyValueSpecification\",\"valueRequired\":true,\"valueName\":\"search_term_string\"}}],\"inLanguage\":\"fr-FR\"},{\"@type\":\"Organization\",\"@id\":\"https:\/\/repagas.com\/#organization\",\"name\":\"REPAGAS\",\"url\":\"https:\/\/repagas.com\/\",\"logo\":{\"@type\":\"ImageObject\",\"inLanguage\":\"fr-FR\",\"@id\":\"https:\/\/repagas.com\/#\/schema\/logo\/image\/\",\"url\":\"\",\"contentUrl\":\"\",\"caption\":\"REPAGAS\"},\"image\":{\"@id\":\"https:\/\/repagas.com\/#\/schema\/logo\/image\/\"},\"sameAs\":[\"https:\/\/www.facebook.com\/Repagas\/\",\"https:\/\/x.com\/Repagas\"]}]}<\/script>\n<!-- \/ Yoast SEO plugin. -->","yoast_head_json":{"title":"Repagas, la cuisine est un espace primordial. Nous vous conseillons","description":"Chez Repagas nous vous accompagnerons dans tous les aspects de votre mod\u00e8le d\u2019affaire, car plus ils seront nombreux pour interagir entre eux.","robots":{"index":"index","follow":"follow","max-snippet":"max-snippet:-1","max-image-preview":"max-image-preview:large","max-video-preview":"max-video-preview:-1"},"canonical":"https:\/\/repagas.com\/nous-vous-conseillons\/","og_locale":"fr_FR","og_type":"article","og_title":"Repagas, la cuisine est un espace primordial. Nous vous conseillons","og_description":"Chez Repagas nous vous accompagnerons dans tous les aspects de votre mod\u00e8le d\u2019affaire, car plus ils seront nombreux pour interagir entre eux.","og_url":"https:\/\/repagas.com\/nous-vous-conseillons\/","og_site_name":"Repagas","article_publisher":"https:\/\/www.facebook.com\/Repagas\/","article_modified_time":"2017-10-17T08:37:12+00:00","og_image":[{"width":1060,"height":495,"url":"https:\/\/repagas.com\/wp-content\/uploads\/2017\/05\/infogra.jpg","type":"image\/jpeg"}],"twitter_card":"summary_large_image","twitter_site":"@Repagas","twitter_misc":{"Dur\u00e9e de lecture estim\u00e9e":"1 minute"},"schema":{"@context":"https:\/\/schema.org","@graph":[{"@type":"WebPage","@id":"https:\/\/repagas.com\/nous-vous-conseillons\/","url":"https:\/\/repagas.com\/nous-vous-conseillons\/","name":"Repagas, la cuisine est un espace primordial. Nous vous conseillons","isPartOf":{"@id":"https:\/\/repagas.com\/#website"},"primaryImageOfPage":{"@id":"https:\/\/repagas.com\/nous-vous-conseillons\/#primaryimage"},"image":{"@id":"https:\/\/repagas.com\/nous-vous-conseillons\/#primaryimage"},"thumbnailUrl":"https:\/\/repagas.com\/wp-content\/uploads\/2017\/05\/infogra.jpg","datePublished":"2017-05-09T15:40:53+00:00","dateModified":"2017-10-17T08:37:12+00:00","description":"Chez Repagas nous vous accompagnerons dans tous les aspects de votre mod\u00e8le d\u2019affaire, car plus ils seront nombreux pour interagir entre eux.","breadcrumb":{"@id":"https:\/\/repagas.com\/nous-vous-conseillons\/#breadcrumb"},"inLanguage":"fr-FR","potentialAction":[{"@type":"ReadAction","target":["https:\/\/repagas.com\/nous-vous-conseillons\/"]}]},{"@type":"ImageObject","inLanguage":"fr-FR","@id":"https:\/\/repagas.com\/nous-vous-conseillons\/#primaryimage","url":"https:\/\/repagas.com\/wp-content\/uploads\/2017\/05\/infogra.jpg","contentUrl":"https:\/\/repagas.com\/wp-content\/uploads\/2017\/05\/infogra.jpg","width":1060,"height":495},{"@type":"BreadcrumbList","@id":"https:\/\/repagas.com\/nous-vous-conseillons\/#breadcrumb","itemListElement":[{"@type":"ListItem","position":1,"name":"Portada","item":"https:\/\/repagas.com\/accueil\/"},{"@type":"ListItem","position":2,"name":"Conseil"}]},{"@type":"WebSite","@id":"https:\/\/repagas.com\/#website","url":"https:\/\/repagas.com\/","name":"Repagas","description":"Equipamientos para Hosteler\u00eda, Cocinas industriales para restaurantes, hoteles, bares, cafeter\u00edas, Equipamiento industrial","publisher":{"@id":"https:\/\/repagas.com\/#organization"},"potentialAction":[{"@type":"SearchAction","target":{"@type":"EntryPoint","urlTemplate":"https:\/\/repagas.com\/?s={search_term_string}"},"query-input":{"@type":"PropertyValueSpecification","valueRequired":true,"valueName":"search_term_string"}}],"inLanguage":"fr-FR"},{"@type":"Organization","@id":"https:\/\/repagas.com\/#organization","name":"REPAGAS","url":"https:\/\/repagas.com\/","logo":{"@type":"ImageObject","inLanguage":"fr-FR","@id":"https:\/\/repagas.com\/#\/schema\/logo\/image\/","url":"","contentUrl":"","caption":"REPAGAS"},"image":{"@id":"https:\/\/repagas.com\/#\/schema\/logo\/image\/"},"sameAs":["https:\/\/www.facebook.com\/Repagas\/","https:\/\/x.com\/Repagas"]}]}},"_links":{"self":[{"href":"https:\/\/repagas.com\/fr\/wp-json\/wp\/v2\/pages\/841","targetHints":{"allow":["GET"]}}],"collection":[{"href":"https:\/\/repagas.com\/fr\/wp-json\/wp\/v2\/pages"}],"about":[{"href":"https:\/\/repagas.com\/fr\/wp-json\/wp\/v2\/types\/page"}],"author":[{"embeddable":true,"href":"https:\/\/repagas.com\/fr\/wp-json\/wp\/v2\/users\/1"}],"replies":[{"embeddable":true,"href":"https:\/\/repagas.com\/fr\/wp-json\/wp\/v2\/comments?post=841"}],"version-history":[{"count":32,"href":"https:\/\/repagas.com\/fr\/wp-json\/wp\/v2\/pages\/841\/revisions"}],"predecessor-version":[{"id":5819,"href":"https:\/\/repagas.com\/fr\/wp-json\/wp\/v2\/pages\/841\/revisions\/5819"}],"wp:featuredmedia":[{"embeddable":true,"href":"https:\/\/repagas.com\/fr\/wp-json\/wp\/v2\/media\/200"}],"wp:attachment":[{"href":"https:\/\/repagas.com\/fr\/wp-json\/wp\/v2\/media?parent=841"}],"curies":[{"name":"wp","href":"https:\/\/api.w.org\/{rel}","templated":true}]}}