{"id":845,"date":"2017-05-08T14:30:17","date_gmt":"2017-05-08T14:30:17","guid":{"rendered":"https:\/\/repagas.com\/repagas-contigo\/solicita-asistencia\/"},"modified":"2017-10-17T08:41:51","modified_gmt":"2017-10-17T08:41:51","slug":"assistance","status":"publish","type":"page","link":"https:\/\/repagas.com\/fr\/assistance\/","title":{"rendered":"Assistance"},"content":{"rendered":"<p>Gr\u00e2ce \u00e0 Repagas vous aurez la meilleure assistance technique \u00e0 votre disposition. Tout commence par une assistance personnalis\u00e9e qui vous guidera jusqu\u2019\u00e0 la r\u00e9solution de votre probl\u00e8me. Nous mettons tout en \u0153uvre pour vous assurer le meilleur service pour votre cuisine, de mani\u00e8re attentive, pr\u00e9cise, rapide et directe.<\/p>\n<p>Besoin d\u2019aide avec votre \u00e9quipement Repagas? Nous pouvons vous aider!<\/p>\n","protected":false},"excerpt":{"rendered":"<p>Gr\u00e2ce \u00e0 Repagas vous aurez la meilleure assistance technique \u00e0 votre disposition. Tout commence par une assistance personnalis\u00e9e qui vous guidera jusqu\u2019\u00e0 la r\u00e9solution de votre probl\u00e8me. Nous mettons tout en \u0153uvre pour vous assurer le meilleur service pour votre cuisine, de mani\u00e8re attentive, pr\u00e9cise, rapide et directe. Besoin d\u2019aide avec votre \u00e9quipement Repagas? Nous [&hellip;]<\/p>\n","protected":false},"author":1,"featured_media":0,"parent":0,"menu_order":6,"comment_status":"closed","ping_status":"closed","template":"elementor_header_footer","meta":{"footnotes":""},"class_list":["post-845","page","type-page","status-publish","hentry"],"yoast_head":"<!-- This site is optimized with the Yoast SEO plugin v27.2 - https:\/\/yoast.com\/product\/yoast-seo-wordpress\/ -->\n<title>Besoin d\u2019aide avec votre \u00e9quipement Repagas ? Nous pouvons vous aider!<\/title>\n<meta name=\"description\" content=\"Gr\u00e2ce \u00e0 Repagas vous aurez la meilleure assistance technique \u00e0 votre disposition. Une assistance personnalis\u00e9e pour la r\u00e9solution de votre probl\u00e8me.\" \/>\n<meta name=\"robots\" content=\"index, follow, max-snippet:-1, max-image-preview:large, max-video-preview:-1\" \/>\n<link rel=\"canonical\" href=\"https:\/\/repagas.com\/assistance\/\" \/>\n<meta property=\"og:locale\" content=\"fr_FR\" \/>\n<meta property=\"og:type\" content=\"article\" \/>\n<meta property=\"og:title\" content=\"Besoin d\u2019aide avec votre \u00e9quipement Repagas ? Nous pouvons vous aider!\" \/>\n<meta property=\"og:description\" content=\"Gr\u00e2ce \u00e0 Repagas vous aurez la meilleure assistance technique \u00e0 votre disposition. Une assistance personnalis\u00e9e pour la r\u00e9solution de votre probl\u00e8me.\" \/>\n<meta property=\"og:url\" content=\"https:\/\/repagas.com\/assistance\/\" \/>\n<meta property=\"og:site_name\" content=\"Repagas\" \/>\n<meta property=\"article:publisher\" content=\"https:\/\/www.facebook.com\/Repagas\/\" \/>\n<meta property=\"article:modified_time\" content=\"2017-10-17T08:41:51+00:00\" \/>\n<meta name=\"twitter:card\" content=\"summary_large_image\" \/>\n<meta name=\"twitter:site\" content=\"@Repagas\" \/>\n<script type=\"application\/ld+json\" class=\"yoast-schema-graph\">{\"@context\":\"https:\/\/schema.org\",\"@graph\":[{\"@type\":\"WebPage\",\"@id\":\"https:\/\/repagas.com\/assistance\/\",\"url\":\"https:\/\/repagas.com\/assistance\/\",\"name\":\"Besoin d\u2019aide avec votre \u00e9quipement Repagas ? Nous pouvons vous aider!\",\"isPartOf\":{\"@id\":\"https:\/\/repagas.com\/#website\"},\"datePublished\":\"2017-05-08T14:30:17+00:00\",\"dateModified\":\"2017-10-17T08:41:51+00:00\",\"description\":\"Gr\u00e2ce \u00e0 Repagas vous aurez la meilleure assistance technique \u00e0 votre disposition. Une assistance personnalis\u00e9e pour la r\u00e9solution de votre probl\u00e8me.\",\"breadcrumb\":{\"@id\":\"https:\/\/repagas.com\/assistance\/#breadcrumb\"},\"inLanguage\":\"fr-FR\",\"potentialAction\":[{\"@type\":\"ReadAction\",\"target\":[\"https:\/\/repagas.com\/assistance\/\"]}]},{\"@type\":\"BreadcrumbList\",\"@id\":\"https:\/\/repagas.com\/assistance\/#breadcrumb\",\"itemListElement\":[{\"@type\":\"ListItem\",\"position\":1,\"name\":\"Portada\",\"item\":\"https:\/\/repagas.com\/accueil\/\"},{\"@type\":\"ListItem\",\"position\":2,\"name\":\"Assistance\"}]},{\"@type\":\"WebSite\",\"@id\":\"https:\/\/repagas.com\/#website\",\"url\":\"https:\/\/repagas.com\/\",\"name\":\"Repagas\",\"description\":\"Equipamientos para Hosteler\u00eda, Cocinas industriales para restaurantes, hoteles, bares, cafeter\u00edas, Equipamiento industrial\",\"publisher\":{\"@id\":\"https:\/\/repagas.com\/#organization\"},\"potentialAction\":[{\"@type\":\"SearchAction\",\"target\":{\"@type\":\"EntryPoint\",\"urlTemplate\":\"https:\/\/repagas.com\/?s={search_term_string}\"},\"query-input\":{\"@type\":\"PropertyValueSpecification\",\"valueRequired\":true,\"valueName\":\"search_term_string\"}}],\"inLanguage\":\"fr-FR\"},{\"@type\":\"Organization\",\"@id\":\"https:\/\/repagas.com\/#organization\",\"name\":\"REPAGAS\",\"url\":\"https:\/\/repagas.com\/\",\"logo\":{\"@type\":\"ImageObject\",\"inLanguage\":\"fr-FR\",\"@id\":\"https:\/\/repagas.com\/#\/schema\/logo\/image\/\",\"url\":\"\",\"contentUrl\":\"\",\"caption\":\"REPAGAS\"},\"image\":{\"@id\":\"https:\/\/repagas.com\/#\/schema\/logo\/image\/\"},\"sameAs\":[\"https:\/\/www.facebook.com\/Repagas\/\",\"https:\/\/x.com\/Repagas\"]}]}<\/script>\n<!-- \/ Yoast SEO plugin. -->","yoast_head_json":{"title":"Besoin d\u2019aide avec votre \u00e9quipement Repagas ? Nous pouvons vous aider!","description":"Gr\u00e2ce \u00e0 Repagas vous aurez la meilleure assistance technique \u00e0 votre disposition. Une assistance personnalis\u00e9e pour la r\u00e9solution de votre probl\u00e8me.","robots":{"index":"index","follow":"follow","max-snippet":"max-snippet:-1","max-image-preview":"max-image-preview:large","max-video-preview":"max-video-preview:-1"},"canonical":"https:\/\/repagas.com\/assistance\/","og_locale":"fr_FR","og_type":"article","og_title":"Besoin d\u2019aide avec votre \u00e9quipement Repagas ? Nous pouvons vous aider!","og_description":"Gr\u00e2ce \u00e0 Repagas vous aurez la meilleure assistance technique \u00e0 votre disposition. Une assistance personnalis\u00e9e pour la r\u00e9solution de votre probl\u00e8me.","og_url":"https:\/\/repagas.com\/assistance\/","og_site_name":"Repagas","article_publisher":"https:\/\/www.facebook.com\/Repagas\/","article_modified_time":"2017-10-17T08:41:51+00:00","twitter_card":"summary_large_image","twitter_site":"@Repagas","schema":{"@context":"https:\/\/schema.org","@graph":[{"@type":"WebPage","@id":"https:\/\/repagas.com\/assistance\/","url":"https:\/\/repagas.com\/assistance\/","name":"Besoin d\u2019aide avec votre \u00e9quipement Repagas ? Nous pouvons vous aider!","isPartOf":{"@id":"https:\/\/repagas.com\/#website"},"datePublished":"2017-05-08T14:30:17+00:00","dateModified":"2017-10-17T08:41:51+00:00","description":"Gr\u00e2ce \u00e0 Repagas vous aurez la meilleure assistance technique \u00e0 votre disposition. Une assistance personnalis\u00e9e pour la r\u00e9solution de votre probl\u00e8me.","breadcrumb":{"@id":"https:\/\/repagas.com\/assistance\/#breadcrumb"},"inLanguage":"fr-FR","potentialAction":[{"@type":"ReadAction","target":["https:\/\/repagas.com\/assistance\/"]}]},{"@type":"BreadcrumbList","@id":"https:\/\/repagas.com\/assistance\/#breadcrumb","itemListElement":[{"@type":"ListItem","position":1,"name":"Portada","item":"https:\/\/repagas.com\/accueil\/"},{"@type":"ListItem","position":2,"name":"Assistance"}]},{"@type":"WebSite","@id":"https:\/\/repagas.com\/#website","url":"https:\/\/repagas.com\/","name":"Repagas","description":"Equipamientos para Hosteler\u00eda, Cocinas industriales para restaurantes, hoteles, bares, cafeter\u00edas, Equipamiento industrial","publisher":{"@id":"https:\/\/repagas.com\/#organization"},"potentialAction":[{"@type":"SearchAction","target":{"@type":"EntryPoint","urlTemplate":"https:\/\/repagas.com\/?s={search_term_string}"},"query-input":{"@type":"PropertyValueSpecification","valueRequired":true,"valueName":"search_term_string"}}],"inLanguage":"fr-FR"},{"@type":"Organization","@id":"https:\/\/repagas.com\/#organization","name":"REPAGAS","url":"https:\/\/repagas.com\/","logo":{"@type":"ImageObject","inLanguage":"fr-FR","@id":"https:\/\/repagas.com\/#\/schema\/logo\/image\/","url":"","contentUrl":"","caption":"REPAGAS"},"image":{"@id":"https:\/\/repagas.com\/#\/schema\/logo\/image\/"},"sameAs":["https:\/\/www.facebook.com\/Repagas\/","https:\/\/x.com\/Repagas"]}]}},"_links":{"self":[{"href":"https:\/\/repagas.com\/fr\/wp-json\/wp\/v2\/pages\/845","targetHints":{"allow":["GET"]}}],"collection":[{"href":"https:\/\/repagas.com\/fr\/wp-json\/wp\/v2\/pages"}],"about":[{"href":"https:\/\/repagas.com\/fr\/wp-json\/wp\/v2\/types\/page"}],"author":[{"embeddable":true,"href":"https:\/\/repagas.com\/fr\/wp-json\/wp\/v2\/users\/1"}],"replies":[{"embeddable":true,"href":"https:\/\/repagas.com\/fr\/wp-json\/wp\/v2\/comments?post=845"}],"version-history":[{"count":7,"href":"https:\/\/repagas.com\/fr\/wp-json\/wp\/v2\/pages\/845\/revisions"}],"predecessor-version":[{"id":5740,"href":"https:\/\/repagas.com\/fr\/wp-json\/wp\/v2\/pages\/845\/revisions\/5740"}],"wp:attachment":[{"href":"https:\/\/repagas.com\/fr\/wp-json\/wp\/v2\/media?parent=845"}],"curies":[{"name":"wp","href":"https:\/\/api.w.org\/{rel}","templated":true}]}}