{"id":9674,"date":"2017-07-13T09:09:06","date_gmt":"2017-07-13T09:09:06","guid":{"rendered":"https:\/\/repagas.com\/politica-de-calidad\/"},"modified":"2017-07-13T09:09:06","modified_gmt":"2017-07-13T09:09:06","slug":"politica-de-calidad","status":"publish","type":"page","link":"https:\/\/repagas.com\/fr\/politica-de-calidad\/","title":{"rendered":"Pol\u00edtica de Calidad"},"content":{"rendered":"<p>Julio 2017<\/p>\n<h2><strong>Pol\u00edtica de Calidad de Repagas S.A.<\/strong><\/h2>\n<p>&nbsp;<\/p>\n<p>REPAGAS, empresa con fuerte liderazgo dedicada al dise\u00f1o, fabricaci\u00f3n, venta y servicio posventa de aparatos de equipos de hosteler\u00eda de gas y el\u00e9ctricos, se ha posicionado como una de las empresas de gran relevancia en el sector y como referente en el mercado, tanto nacional como internacional manteniendo la confianza y lealtad de nuestros clientes.<\/p>\n<p>&nbsp;<\/p>\n<p><strong>MISI\u00d3N<\/strong><\/p>\n<p>Nuestra misi\u00f3n es fabricar y comercializar m\u00e1quinas de gran calidad y durabilidad para comercios hosteleros, estableciendo objetivos de calidad medibles y cuantificables. Nuestra se\u00f1a de identidad es la alta calidad de nuestros productos y servicios y el compromiso por mejorar continuamente el Sistema de gesti\u00f3n de la calidad implantado y mantener nuestra conciencia de responsabilidad ambiental y social.<\/p>\n<p>&nbsp;<\/p>\n<p><strong>VISI\u00d3N<\/strong><\/p>\n<p>Pretendemos continuar con la innovaci\u00f3n en el producto y en los procesos de fabricaci\u00f3n, as\u00ed como en la manera en la que nos relacionamos con proveedores, clientes y trabajadores. Queremos que Repagas sea un sitio donde querer trabajar, un proveedor al que querer comprar y un cliente al que querer vender.<\/p>\n<p>&nbsp;<\/p>\n<p><strong>VALORES<\/strong><\/p>\n<p>&#8211; <strong>Orientaci\u00f3n al cliente<\/strong>, ya que nos permite conocer de manera continua las nuevas tendencias del sector y satisfacer las necesidades de los clientes.<\/p>\n<p>&#8211; Nos <strong>comprometemos <\/strong>a cumplir con todos los requisitos aplicables.<\/p>\n<p>&#8211; <strong>Trabajo en equipo<\/strong>, las personas que forman Repagas marcan la diferencia y es el activo m\u00e1s valioso de la compa\u00f1\u00eda.<\/p>\n<p>&#8211; <strong>Calidad<\/strong> en el dise\u00f1o y compromiso con el servicio que ofrecemos.<\/p>\n<p>&#8211; <strong>Innovaci\u00f3n<\/strong>, con un objetivo claro de transformaci\u00f3n continua, con el fin de adaptarnos a las necesidades del mercado.<\/p>\n<p>&nbsp;<\/p>\n<p><strong>La Direcci\u00f3n.\u00a0<\/strong><\/p>\n<p>&nbsp;<\/p>\n<p>&nbsp;<\/p>\n<p>&nbsp;<\/p>\n","protected":false},"excerpt":{"rendered":"<p>Julio 2017 Pol\u00edtica de Calidad de Repagas S.A. &nbsp; REPAGAS, empresa con fuerte liderazgo dedicada al dise\u00f1o, fabricaci\u00f3n, venta y servicio posventa de aparatos de equipos de hosteler\u00eda de gas y el\u00e9ctricos, se ha posicionado como una de las empresas de gran relevancia en el sector y como referente en el mercado, tanto nacional como [&hellip;]<\/p>\n","protected":false},"author":1,"featured_media":0,"parent":0,"menu_order":0,"comment_status":"closed","ping_status":"closed","template":"","meta":{"footnotes":""},"class_list":["post-9674","page","type-page","status-publish","hentry"],"yoast_head":"<!-- This site is optimized with the Yoast SEO plugin v27.2 - https:\/\/yoast.com\/product\/yoast-seo-wordpress\/ -->\n<title>Equipamiento de Hosteler\u00eda Repagas - Pol\u00edtica de Calidad<\/title>\n<meta name=\"description\" content=\"Pol\u00edtica de calidad de la empresa Repagas S.A. donde se establece su misi\u00f3n, visi\u00f3n y valores y el compromiso con la calidad de sus productos y servicios.\" \/>\n<meta name=\"robots\" content=\"index, follow, max-snippet:-1, max-image-preview:large, max-video-preview:-1\" \/>\n<link rel=\"canonical\" href=\"https:\/\/repagas.com\/politica-de-calidad\/\" \/>\n<meta property=\"og:locale\" content=\"fr_FR\" \/>\n<meta property=\"og:type\" content=\"article\" \/>\n<meta property=\"og:title\" content=\"Equipamiento de Hosteler\u00eda Repagas - Pol\u00edtica de Calidad\" \/>\n<meta property=\"og:description\" content=\"Pol\u00edtica de calidad de la empresa Repagas S.A. donde se establece su misi\u00f3n, visi\u00f3n y valores y el compromiso con la calidad de sus productos y servicios.\" \/>\n<meta property=\"og:url\" content=\"https:\/\/repagas.com\/politica-de-calidad\/\" \/>\n<meta property=\"og:site_name\" content=\"Repagas\" \/>\n<meta property=\"article:publisher\" content=\"https:\/\/www.facebook.com\/Repagas\/\" \/>\n<meta name=\"twitter:card\" content=\"summary_large_image\" \/>\n<meta name=\"twitter:site\" content=\"@Repagas\" \/>\n<meta name=\"twitter:label1\" content=\"Dur\u00e9e de lecture estim\u00e9e\" \/>\n\t<meta name=\"twitter:data1\" content=\"1 minute\" \/>\n<script type=\"application\/ld+json\" class=\"yoast-schema-graph\">{\"@context\":\"https:\/\/schema.org\",\"@graph\":[{\"@type\":\"WebPage\",\"@id\":\"https:\/\/repagas.com\/politica-de-calidad\/\",\"url\":\"https:\/\/repagas.com\/politica-de-calidad\/\",\"name\":\"Equipamiento de Hosteler\u00eda Repagas - Pol\u00edtica de Calidad\",\"isPartOf\":{\"@id\":\"https:\/\/repagas.com\/#website\"},\"datePublished\":\"2017-07-13T09:09:06+00:00\",\"description\":\"Pol\u00edtica de calidad de la empresa Repagas S.A. donde se establece su misi\u00f3n, visi\u00f3n y valores y el compromiso con la calidad de sus productos y servicios.\",\"breadcrumb\":{\"@id\":\"https:\/\/repagas.com\/politica-de-calidad\/#breadcrumb\"},\"inLanguage\":\"fr-FR\",\"potentialAction\":[{\"@type\":\"ReadAction\",\"target\":[\"https:\/\/repagas.com\/politica-de-calidad\/\"]}]},{\"@type\":\"BreadcrumbList\",\"@id\":\"https:\/\/repagas.com\/politica-de-calidad\/#breadcrumb\",\"itemListElement\":[{\"@type\":\"ListItem\",\"position\":1,\"name\":\"Portada\",\"item\":\"https:\/\/repagas.com\/accueil\/\"},{\"@type\":\"ListItem\",\"position\":2,\"name\":\"Pol\u00edtica de Calidad\"}]},{\"@type\":\"WebSite\",\"@id\":\"https:\/\/repagas.com\/#website\",\"url\":\"https:\/\/repagas.com\/\",\"name\":\"Repagas\",\"description\":\"Equipamientos para Hosteler\u00eda, Cocinas industriales para restaurantes, hoteles, bares, cafeter\u00edas, Equipamiento industrial\",\"publisher\":{\"@id\":\"https:\/\/repagas.com\/#organization\"},\"potentialAction\":[{\"@type\":\"SearchAction\",\"target\":{\"@type\":\"EntryPoint\",\"urlTemplate\":\"https:\/\/repagas.com\/?s={search_term_string}\"},\"query-input\":{\"@type\":\"PropertyValueSpecification\",\"valueRequired\":true,\"valueName\":\"search_term_string\"}}],\"inLanguage\":\"fr-FR\"},{\"@type\":\"Organization\",\"@id\":\"https:\/\/repagas.com\/#organization\",\"name\":\"REPAGAS\",\"url\":\"https:\/\/repagas.com\/\",\"logo\":{\"@type\":\"ImageObject\",\"inLanguage\":\"fr-FR\",\"@id\":\"https:\/\/repagas.com\/#\/schema\/logo\/image\/\",\"url\":\"\",\"contentUrl\":\"\",\"caption\":\"REPAGAS\"},\"image\":{\"@id\":\"https:\/\/repagas.com\/#\/schema\/logo\/image\/\"},\"sameAs\":[\"https:\/\/www.facebook.com\/Repagas\/\",\"https:\/\/x.com\/Repagas\"]}]}<\/script>\n<!-- \/ Yoast SEO plugin. -->","yoast_head_json":{"title":"Equipamiento de Hosteler\u00eda Repagas - Pol\u00edtica de Calidad","description":"Pol\u00edtica de calidad de la empresa Repagas S.A. donde se establece su misi\u00f3n, visi\u00f3n y valores y el compromiso con la calidad de sus productos y servicios.","robots":{"index":"index","follow":"follow","max-snippet":"max-snippet:-1","max-image-preview":"max-image-preview:large","max-video-preview":"max-video-preview:-1"},"canonical":"https:\/\/repagas.com\/politica-de-calidad\/","og_locale":"fr_FR","og_type":"article","og_title":"Equipamiento de Hosteler\u00eda Repagas - Pol\u00edtica de Calidad","og_description":"Pol\u00edtica de calidad de la empresa Repagas S.A. donde se establece su misi\u00f3n, visi\u00f3n y valores y el compromiso con la calidad de sus productos y servicios.","og_url":"https:\/\/repagas.com\/politica-de-calidad\/","og_site_name":"Repagas","article_publisher":"https:\/\/www.facebook.com\/Repagas\/","twitter_card":"summary_large_image","twitter_site":"@Repagas","twitter_misc":{"Dur\u00e9e de lecture estim\u00e9e":"1 minute"},"schema":{"@context":"https:\/\/schema.org","@graph":[{"@type":"WebPage","@id":"https:\/\/repagas.com\/politica-de-calidad\/","url":"https:\/\/repagas.com\/politica-de-calidad\/","name":"Equipamiento de Hosteler\u00eda Repagas - Pol\u00edtica de Calidad","isPartOf":{"@id":"https:\/\/repagas.com\/#website"},"datePublished":"2017-07-13T09:09:06+00:00","description":"Pol\u00edtica de calidad de la empresa Repagas S.A. donde se establece su misi\u00f3n, visi\u00f3n y valores y el compromiso con la calidad de sus productos y servicios.","breadcrumb":{"@id":"https:\/\/repagas.com\/politica-de-calidad\/#breadcrumb"},"inLanguage":"fr-FR","potentialAction":[{"@type":"ReadAction","target":["https:\/\/repagas.com\/politica-de-calidad\/"]}]},{"@type":"BreadcrumbList","@id":"https:\/\/repagas.com\/politica-de-calidad\/#breadcrumb","itemListElement":[{"@type":"ListItem","position":1,"name":"Portada","item":"https:\/\/repagas.com\/accueil\/"},{"@type":"ListItem","position":2,"name":"Pol\u00edtica de Calidad"}]},{"@type":"WebSite","@id":"https:\/\/repagas.com\/#website","url":"https:\/\/repagas.com\/","name":"Repagas","description":"Equipamientos para Hosteler\u00eda, Cocinas industriales para restaurantes, hoteles, bares, cafeter\u00edas, Equipamiento industrial","publisher":{"@id":"https:\/\/repagas.com\/#organization"},"potentialAction":[{"@type":"SearchAction","target":{"@type":"EntryPoint","urlTemplate":"https:\/\/repagas.com\/?s={search_term_string}"},"query-input":{"@type":"PropertyValueSpecification","valueRequired":true,"valueName":"search_term_string"}}],"inLanguage":"fr-FR"},{"@type":"Organization","@id":"https:\/\/repagas.com\/#organization","name":"REPAGAS","url":"https:\/\/repagas.com\/","logo":{"@type":"ImageObject","inLanguage":"fr-FR","@id":"https:\/\/repagas.com\/#\/schema\/logo\/image\/","url":"","contentUrl":"","caption":"REPAGAS"},"image":{"@id":"https:\/\/repagas.com\/#\/schema\/logo\/image\/"},"sameAs":["https:\/\/www.facebook.com\/Repagas\/","https:\/\/x.com\/Repagas"]}]}},"_links":{"self":[{"href":"https:\/\/repagas.com\/fr\/wp-json\/wp\/v2\/pages\/9674","targetHints":{"allow":["GET"]}}],"collection":[{"href":"https:\/\/repagas.com\/fr\/wp-json\/wp\/v2\/pages"}],"about":[{"href":"https:\/\/repagas.com\/fr\/wp-json\/wp\/v2\/types\/page"}],"author":[{"embeddable":true,"href":"https:\/\/repagas.com\/fr\/wp-json\/wp\/v2\/users\/1"}],"replies":[{"embeddable":true,"href":"https:\/\/repagas.com\/fr\/wp-json\/wp\/v2\/comments?post=9674"}],"version-history":[{"count":0,"href":"https:\/\/repagas.com\/fr\/wp-json\/wp\/v2\/pages\/9674\/revisions"}],"wp:attachment":[{"href":"https:\/\/repagas.com\/fr\/wp-json\/wp\/v2\/media?parent=9674"}],"curies":[{"name":"wp","href":"https:\/\/api.w.org\/{rel}","templated":true}]}}