{"id":800,"date":"2017-05-08T16:22:45","date_gmt":"2017-05-08T16:22:45","guid":{"rendered":"https:\/\/repagas.com\/contacto\/"},"modified":"2017-10-16T12:00:38","modified_gmt":"2017-10-16T12:00:38","slug":"contatto","status":"publish","type":"page","link":"https:\/\/repagas.com\/it\/contatto\/","title":{"rendered":"Contatto"},"content":{"rendered":"<p>Nell&#8217;ambito della nostra vasta gamma di prodotti di qualit\u00e0, sappiamo che dovrai anche curare molti altri aspetti della tua attivit\u00e0, affinch\u00e9 possa offrire ai tuoi clienti quello che meritano: <span style=\"color: #e04c4c;\"><strong>l&#8217;eccellenza professionale.<\/strong><\/span><\/p>\n<p>Perci\u00f2, ti mettiamo disposizione una team completo per curare i tuoi interessi e aiutarti a raggiungere i tuoi obiettivi.<\/p>\n<h3>Delegazioni<\/h3>\n<p>Disponiamo di <strong><span style=\"color: #e04c4c;\">17 delegazioni distribuite in tutto il territorio nazionale e internazionale<\/span><\/strong>, tutte gestite da professionisti con una vasta esperienza nel settore, che ti consiglieranno in base alle tue esigenze. Vieni a trovarci!<\/p>\n","protected":false},"excerpt":{"rendered":"<p>Nell&#8217;ambito della nostra vasta gamma di prodotti di qualit\u00e0, sappiamo che dovrai anche curare molti altri aspetti della tua attivit\u00e0, affinch\u00e9 possa offrire ai tuoi clienti quello che meritano: l&#8217;eccellenza professionale. Perci\u00f2, ti mettiamo disposizione una team completo per curare i tuoi interessi e aiutarti a raggiungere i tuoi obiettivi. Delegazioni Disponiamo di 17 delegazioni [&hellip;]<\/p>\n","protected":false},"author":1,"featured_media":0,"parent":0,"menu_order":9,"comment_status":"closed","ping_status":"closed","template":"elementor_header_footer","meta":{"footnotes":""},"class_list":["post-800","page","type-page","status-publish","hentry"],"yoast_head":"<!-- This site is optimized with the Yoast SEO plugin v27.2 - https:\/\/yoast.com\/product\/yoast-seo-wordpress\/ -->\n<title>Contatto Repagas - Il nostro team vi assister\u00e0 per eventuali incidenze<\/title>\n<meta name=\"description\" content=\"Mettiti in contatto con Repagas e risolveremo tutti i tuoi dubbi e vi aiuteremo a trovare le migliori attrezzature alberghiere per il tuo business.\" \/>\n<meta name=\"robots\" content=\"index, follow, max-snippet:-1, max-image-preview:large, max-video-preview:-1\" \/>\n<link rel=\"canonical\" href=\"https:\/\/repagas.com\/contatto\/\" \/>\n<meta property=\"og:locale\" content=\"it_IT\" \/>\n<meta property=\"og:type\" content=\"article\" \/>\n<meta property=\"og:title\" content=\"Contatto Repagas - Il nostro team vi assister\u00e0 per eventuali incidenze\" \/>\n<meta property=\"og:description\" content=\"Mettiti in contatto con Repagas e risolveremo tutti i tuoi dubbi e vi aiuteremo a trovare le migliori attrezzature alberghiere per il tuo business.\" \/>\n<meta property=\"og:url\" content=\"https:\/\/repagas.com\/contatto\/\" \/>\n<meta property=\"og:site_name\" content=\"Repagas\" \/>\n<meta property=\"article:publisher\" content=\"https:\/\/www.facebook.com\/Repagas\/\" \/>\n<meta property=\"article:modified_time\" content=\"2017-10-16T12:00:38+00:00\" \/>\n<meta name=\"twitter:card\" content=\"summary_large_image\" \/>\n<meta name=\"twitter:site\" content=\"@Repagas\" \/>\n<script type=\"application\/ld+json\" class=\"yoast-schema-graph\">{\"@context\":\"https:\/\/schema.org\",\"@graph\":[{\"@type\":\"WebPage\",\"@id\":\"https:\/\/repagas.com\/contatto\/\",\"url\":\"https:\/\/repagas.com\/contatto\/\",\"name\":\"Contatto Repagas - Il nostro team vi assister\u00e0 per eventuali incidenze\",\"isPartOf\":{\"@id\":\"https:\/\/repagas.com\/#website\"},\"datePublished\":\"2017-05-08T16:22:45+00:00\",\"dateModified\":\"2017-10-16T12:00:38+00:00\",\"description\":\"Mettiti in contatto con Repagas e risolveremo tutti i tuoi dubbi e vi aiuteremo a trovare le migliori attrezzature alberghiere per il tuo business.\",\"breadcrumb\":{\"@id\":\"https:\/\/repagas.com\/contatto\/#breadcrumb\"},\"inLanguage\":\"it-IT\",\"potentialAction\":[{\"@type\":\"ReadAction\",\"target\":[\"https:\/\/repagas.com\/contatto\/\"]}]},{\"@type\":\"BreadcrumbList\",\"@id\":\"https:\/\/repagas.com\/contatto\/#breadcrumb\",\"itemListElement\":[{\"@type\":\"ListItem\",\"position\":1,\"name\":\"Portada\",\"item\":\"https:\/\/repagas.com\/home\/\"},{\"@type\":\"ListItem\",\"position\":2,\"name\":\"Contatto\"}]},{\"@type\":\"WebSite\",\"@id\":\"https:\/\/repagas.com\/#website\",\"url\":\"https:\/\/repagas.com\/\",\"name\":\"Repagas\",\"description\":\"Equipamientos para Hosteler\u00eda, Cocinas industriales para restaurantes, hoteles, bares, cafeter\u00edas, Equipamiento industrial\",\"publisher\":{\"@id\":\"https:\/\/repagas.com\/#organization\"},\"potentialAction\":[{\"@type\":\"SearchAction\",\"target\":{\"@type\":\"EntryPoint\",\"urlTemplate\":\"https:\/\/repagas.com\/?s={search_term_string}\"},\"query-input\":{\"@type\":\"PropertyValueSpecification\",\"valueRequired\":true,\"valueName\":\"search_term_string\"}}],\"inLanguage\":\"it-IT\"},{\"@type\":\"Organization\",\"@id\":\"https:\/\/repagas.com\/#organization\",\"name\":\"REPAGAS\",\"url\":\"https:\/\/repagas.com\/\",\"logo\":{\"@type\":\"ImageObject\",\"inLanguage\":\"it-IT\",\"@id\":\"https:\/\/repagas.com\/#\/schema\/logo\/image\/\",\"url\":\"\",\"contentUrl\":\"\",\"caption\":\"REPAGAS\"},\"image\":{\"@id\":\"https:\/\/repagas.com\/#\/schema\/logo\/image\/\"},\"sameAs\":[\"https:\/\/www.facebook.com\/Repagas\/\",\"https:\/\/x.com\/Repagas\"]}]}<\/script>\n<!-- \/ Yoast SEO plugin. -->","yoast_head_json":{"title":"Contatto Repagas - Il nostro team vi assister\u00e0 per eventuali incidenze","description":"Mettiti in contatto con Repagas e risolveremo tutti i tuoi dubbi e vi aiuteremo a trovare le migliori attrezzature alberghiere per il tuo business.","robots":{"index":"index","follow":"follow","max-snippet":"max-snippet:-1","max-image-preview":"max-image-preview:large","max-video-preview":"max-video-preview:-1"},"canonical":"https:\/\/repagas.com\/contatto\/","og_locale":"it_IT","og_type":"article","og_title":"Contatto Repagas - Il nostro team vi assister\u00e0 per eventuali incidenze","og_description":"Mettiti in contatto con Repagas e risolveremo tutti i tuoi dubbi e vi aiuteremo a trovare le migliori attrezzature alberghiere per il tuo business.","og_url":"https:\/\/repagas.com\/contatto\/","og_site_name":"Repagas","article_publisher":"https:\/\/www.facebook.com\/Repagas\/","article_modified_time":"2017-10-16T12:00:38+00:00","twitter_card":"summary_large_image","twitter_site":"@Repagas","schema":{"@context":"https:\/\/schema.org","@graph":[{"@type":"WebPage","@id":"https:\/\/repagas.com\/contatto\/","url":"https:\/\/repagas.com\/contatto\/","name":"Contatto Repagas - Il nostro team vi assister\u00e0 per eventuali incidenze","isPartOf":{"@id":"https:\/\/repagas.com\/#website"},"datePublished":"2017-05-08T16:22:45+00:00","dateModified":"2017-10-16T12:00:38+00:00","description":"Mettiti in contatto con Repagas e risolveremo tutti i tuoi dubbi e vi aiuteremo a trovare le migliori attrezzature alberghiere per il tuo business.","breadcrumb":{"@id":"https:\/\/repagas.com\/contatto\/#breadcrumb"},"inLanguage":"it-IT","potentialAction":[{"@type":"ReadAction","target":["https:\/\/repagas.com\/contatto\/"]}]},{"@type":"BreadcrumbList","@id":"https:\/\/repagas.com\/contatto\/#breadcrumb","itemListElement":[{"@type":"ListItem","position":1,"name":"Portada","item":"https:\/\/repagas.com\/home\/"},{"@type":"ListItem","position":2,"name":"Contatto"}]},{"@type":"WebSite","@id":"https:\/\/repagas.com\/#website","url":"https:\/\/repagas.com\/","name":"Repagas","description":"Equipamientos para Hosteler\u00eda, Cocinas industriales para restaurantes, hoteles, bares, cafeter\u00edas, Equipamiento industrial","publisher":{"@id":"https:\/\/repagas.com\/#organization"},"potentialAction":[{"@type":"SearchAction","target":{"@type":"EntryPoint","urlTemplate":"https:\/\/repagas.com\/?s={search_term_string}"},"query-input":{"@type":"PropertyValueSpecification","valueRequired":true,"valueName":"search_term_string"}}],"inLanguage":"it-IT"},{"@type":"Organization","@id":"https:\/\/repagas.com\/#organization","name":"REPAGAS","url":"https:\/\/repagas.com\/","logo":{"@type":"ImageObject","inLanguage":"it-IT","@id":"https:\/\/repagas.com\/#\/schema\/logo\/image\/","url":"","contentUrl":"","caption":"REPAGAS"},"image":{"@id":"https:\/\/repagas.com\/#\/schema\/logo\/image\/"},"sameAs":["https:\/\/www.facebook.com\/Repagas\/","https:\/\/x.com\/Repagas"]}]}},"_links":{"self":[{"href":"https:\/\/repagas.com\/it\/wp-json\/wp\/v2\/pages\/800","targetHints":{"allow":["GET"]}}],"collection":[{"href":"https:\/\/repagas.com\/it\/wp-json\/wp\/v2\/pages"}],"about":[{"href":"https:\/\/repagas.com\/it\/wp-json\/wp\/v2\/types\/page"}],"author":[{"embeddable":true,"href":"https:\/\/repagas.com\/it\/wp-json\/wp\/v2\/users\/1"}],"replies":[{"embeddable":true,"href":"https:\/\/repagas.com\/it\/wp-json\/wp\/v2\/comments?post=800"}],"version-history":[{"count":6,"href":"https:\/\/repagas.com\/it\/wp-json\/wp\/v2\/pages\/800\/revisions"}],"predecessor-version":[{"id":5799,"href":"https:\/\/repagas.com\/it\/wp-json\/wp\/v2\/pages\/800\/revisions\/5799"}],"wp:attachment":[{"href":"https:\/\/repagas.com\/it\/wp-json\/wp\/v2\/media?parent=800"}],"curies":[{"name":"wp","href":"https:\/\/api.w.org\/{rel}","templated":true}]}}