{"id":810,"date":"2017-05-08T16:23:26","date_gmt":"2017-05-08T16:23:26","guid":{"rendered":"https:\/\/repagas.com\/aviso-legal\/"},"modified":"2017-10-16T11:32:36","modified_gmt":"2017-10-16T11:32:36","slug":"avviso-legale","status":"publish","type":"page","link":"https:\/\/repagas.com\/it\/avviso-legale\/","title":{"rendered":"Avviso legale"},"content":{"rendered":"<p>REPAGAS, S.A.<\/p>\n<p><strong>1. Informazione legale e accettazione<\/strong><\/p>\n<p>Le presenti disposizioni regolano l&#8217;uso del servizio del portale di Internet (di seguito, il Portale) che Repagas SA (di seguito, Repagas) mette a disposizione degli utenti di Internet.<\/p>\n<p>REPAGAS, S.A con sede a Avenida de Fuenlabrada, 12-14 28970 Humanes de Madrid, Madrid con PI A28382687 iscritta nel Registro Mercantile di Madrid, Tomo 3792 generale, 3041 della sezione 3\u00aa del libro delle societ\u00e0, foglio 96, pagina 30040 iscrizione 1\u00aa.<\/p>\n<p>L&#8217;accesso al sito \u00e8 gratuito, fatta eccezione del costo della connessione attraverso la rete di telecomunicazioni somministrata dal fornitore di accesso contrattato dall&#8217;utente. Determinati servizi sono esclusivi per i nostri clienti e il loro acceso \u00e8 ridotto. Si possono stabilire condizioni particolari, regolamenti e istruzioni che, nel suo caso, sostituiscono, completano e\/o modificano il presente Avviso Legale e che dovranno essere accettate dall&#8217;Utente prima di iniziare la prestazione del servizio corrispondente.<\/p>\n<p>I servizi che fornisce Repagas avranno il prezzo che, nel suo caso, \u00e8 indicato in ognuna delle offerte commerciali che questa entit\u00e0 metta a disposizione dei suoi clienti e\/o potenziali clienti. L&#8217;utilizzo di questi servizi offerti agli Utenti attraverso il Portale si trova sottomesso a particolari condizioni (di seguito, le &#8220;Condizioni Particolari&#8221;) che, a seconda dei casi, sostituiscono, completano e\/o modificano il presente Avviso Legale. Per cui, anteriormente all&#8217;utilizzo di tali servizi, l&#8217;Utente deve leggere attentamente le corrispondenti Condizioni Particolari.<\/p>\n<p>L&#8217;utilizzo del Portale attribuisce la condizione di utente del Portale (di seguito, l&#8217;Utente) e implica l&#8217;accettazione di tutte le condizioni incluse in questo Avviso Legale. La prestazione del servizio del Portale ha una durata limitata al momento in cui l&#8217;Utente si trova connesso allo stesso o a qualcuno dei servizi forniti attraverso lo stesso. Per cui, l&#8217;Utente deve leggere attentamente il presente Avviso Legale in ognuna delle occasioni in cui si propone di utilizzare il Portale, dato che tale Avviso e le sue condizioni di uso possono subire modifiche.<\/p>\n<p><strong>2. Propriet\u00e0 intellettuale e industriale<\/strong><\/p>\n<p>Tutti i contenuti del Portale, comprendendo i testi, fotografie, grafici, immagini, icone, tecnologia, software, link e altri contenuti audiovisivi o sonori, cos\u00ec come la<\/p>\n<p>sua grafica e i codici sorgente (di seguito, i &#8220;Contenuti&#8221;), sono propriet\u00e0 intellettuale di Repagas o di terzi e non pu\u00f2 intendersi ceduto all&#8217;Utente nessuno dei diritti di sfruttamento riconosciuti dalla normativa vigente in materia di propriet\u00e0 intellettuale su questi, fatta eccezione per quelli che risultino strettamente necessari per l&#8217;utilizzo del Portale.<\/p>\n<p>I marchi, nomi commerciali o segni distintivi sono di propriet\u00e0 di Repagas o di terzi, e non \u00e8 da intendersi che l&#8217;accesso al Portale attribuisca alcun diritto sui marchi citati, nomi commerciali e\/o segni distintivi.<\/p>\n<p><strong>3. Condizioni d&#8217;uso del portale<\/strong><\/p>\n<p>3.1 Generale<\/p>\n<p>L&#8217;Utente \u00e8 obbligato a fare un uso corretto del Portale in conformit\u00e0 con la Legge e il presente Avviso Legale. L&#8217;Utente \u00e8 responsabile nei confronti di Repagas o nei confronti di terzi, di qualsiasi danno che possa causare in seguito all&#8217;inadempimento di tale obbligo.<\/p>\n<p>\u00c8 espressamente vietato l&#8217;uso del Portale con finalit\u00e0 che possano ledere i beni e gli interessi di Repagas o di terzi o che in qualsiasi altro modo sovraccarichino, danneggino o rendano impossibile l&#8217;uso di reti, server e altri strumenti informatici (hardware) o prodotti e applicazioni informatiche (software) di Repagas o di terzi.<\/p>\n<p>3.2 Contenuti<\/p>\n<p>L&#8217;Utente si impegna a utilizzare i Contenuti in conformit\u00e0 con la Legge e il presente Avviso Legale, cos\u00ec come le altre condizioni, regolamenti e istruzioni che possano essere applicate in conformit\u00e0 con quanto disposto nella clausola 1-condizioni particolari.<\/p>\n<p>Con carattere meramente dichiarativo, l&#8217;Utente d&#8217;accordo con la legislazione vigente dovr\u00e0 astenersi di:<\/p>\n<p>Riprodurre, copiare, distribuire, mettere a disposizione, comunicare pubblicamente, trasformare o modificare i Contenuti eccetto nei casi autorizzati dalla legge o espressamente concessi da Repagas o da chi possegga la titolarit\u00e0 dei diritti di sfruttamento.<\/p>\n<p>Riprodurre o copiare per uso privato i Contenuti che possano essere considerati come Software o Database in conformit\u00e0 con la legislazione vigente in materia di propriet\u00e0 intellettuale, cos\u00ec come la sua comunicazione pubblica o messa a disposizione di terzi quando questi atti implicano necessariamente la riproduzione da parte dell&#8217;Utente o di un terzo.<\/p>\n<p>Estrarre e\/o riutilizzare la totalit\u00e0 o una parte considerevole dei Contenuti appartenenti al Portale, cos\u00ec come il database che Repagas mette a disposizione degli Utenti.<\/p>\n<p>3.3 Introduzione di link al Portale<\/p>\n<p>L&#8217;utente di Internet che voglia introdurre link dai propri siti al Portale dovr\u00e0 compiere le condizioni dettagliate di seguito. La mancata conoscenza di tali condizioni non evita le responsabilit\u00e0 derivate dalla Legge:<\/p>\n<p>Il link collegher\u00e0 la home page o pagina principale del Portale ma non potr\u00e0 riprodurla in nessun modo (inline links, copia dei testi, grafici, ecc).<\/p>\n<p>Resta in ogni caso proibito, in conformit\u00e0 con la legislazione applicabile e vigente, in ogni momento, stabilire frame o sistemi di qualsiasi tipo che avvolgono il Portale o permettano la visualizzazione dei Contenuti attraverso indirizzi Internet diversi a quelli del Portale e, in qualsiasi caso, quando si visualizzano con contenuti estranei al Portale in modo che: (I) produca, o possa produrre, errore, confusione o inganno negli utenti sulla vera precedenza del servizio o Contenuti; (II) supponga un atto di paragone o imitazione sleale; (III) serva per approfittarsi della reputazione del marchio e prestigio di Repagas; o (IV) di qualsiasi altra forma risulti proibito dalla legislazione vigente.<\/p>\n<p>Non si realizzeranno dal sito che introduce il link nessun tipo di manifestazione falsa, inesatta o incorretta su Repagas, i suoi soci, impiegati, clienti o sulla qualit\u00e0 dei servizi che fornisce.<\/p>\n<p>In nessun caso si espresser\u00e0 nel sito dove \u00e8 ubicato il link che Repagas ha prestato il suo consenso per l&#8217;inserimento del link o che in altro modo patrocina, collabora, verifica o supervisiona i servizi del mittente.<\/p>\n<p>\u00c8 proibito l&#8217;utilizzo di qualsiasi marchio denominativo, grafico o misto o qualsiasi altro segnale distintivo di Repagas all&#8217;interno del sito del mittente eccetto nei casi permessi dalla legge o espressamente autorizzati da Repagas sempre che si permetta, in questi casi, un link diretto con il Portale nella forma stabilita da questa clausola.<\/p>\n<p>Il sito che stabilisce il link dovr\u00e0 rispettare fedelmente la legge e non potr\u00e0 in nessun caso disporre o collegare con contenuti propri o di terzi che: (I) siano illeciti, nocivi o contrari alla morale e alle buone maniere (pornografici, violenti, razzisti, ecc.); (II) inducano o possano indurre l&#8217;Utente all&#8217;equivoco che Repagas sottoscrive, sostiene, aderisce o appoggia , le idee, manifestazioni o espressioni, lecite o illecite, del mittente; (III) risultino inappropriati o non pertinenti con l&#8217;attivit\u00e0 di Repagas rispetto al luogo, contenuti e tematica del sito del mittente.<\/p>\n<p><strong>4. Esclusione di responsabilit\u00e0<\/strong><\/p>\n<p>4.1 Della qualit\u00e0 del servizio<\/p>\n<p>L&#8217;accesso al Portale non implica l&#8217;obbligo da parte di Repagas di controllare l&#8217;assenza di virus o qualsiasi altro elemento informatico dannoso. Corrisponde all&#8217;Utente, in ogni modo, la disponibilit\u00e0 di strumenti adeguati ad individuare e disinfettare programmi informatici dannosi.<\/p>\n<p>Repagas non \u00e8 responsabile dei danni prodotti negli strumenti informatici degli Utenti o di terzi durante la prestazione del servizio del Portale.<\/p>\n<p>4.2 Disponibilit\u00e0 del servizio<\/p>\n<p>L&#8217;accesso al Portale richiede servizi e somministri di terzi, incluso il trasporto attraverso reti di telecomunicazioni la cui affidabilit\u00e0, qualit\u00e0, continuit\u00e0 e funzionamento non corrisponde a Repagas. Di conseguenza, i servizi forniti attraverso il Portale possono essere sospesi, cancellati o risultare inaccessibili, con carattere previo o simultaneo alla prestazione del servizio del Portale.<\/p>\n<p>Repagas non \u00e8 responsabile dei danni di qualsiasi tipo prodotti all&#8217;Utente derivanti da guasti o interruzioni nelle reti di telecomunicazioni che producano la sospensione, cancellazione o interruzione del servizio del Portale durante la prestazione dello stesso o con carattere preliminare.<\/p>\n<p>4.3 Dei contenuti e servizi collegati attraverso il Portale<\/p>\n<p>Il servizio di accesso al Portale include dispositivi tecnici di collegamento, directory e strumenti di ricerca che permettono all&#8217;Utente di accedere ad altri siti e portali di Internet (di seguito, Siti Collegati). In questi casi, Repagas agisce come prestatore di servizi di intermediazione in conformit\u00e0 con l&#8217;articolo 17 della Legge 34\/2002, del 12 luglio, sui Servizi della Societ\u00e0 dell&#8217;Informazione e il Commercio Elettronico(LSSI) e solo sar\u00e0 responsabile dei contenuti e servizi somministrati nei Siti Collegati dal momento in cui abbia conoscenza effettiva dell&#8217;illegittimit\u00e0 e non abbia disattivato il link con la dovuta diligenza. Qualora l&#8217;Utente consideri che esiste un Sito Collegato con contenuti illeciti o inadeguati potr\u00e0 comunicarlo a Repagas d&#8217;accordo con il procedimento e gli effetti stabiliti nella clausola 5. Questa comunicazione non porta l&#8217;obbligo di ritirare il corrispondente link.<\/p>\n<p>In nessun caso, l&#8217;esistenza di Siti Collegati deve supporre l&#8217;esistenza di accordi con i responsabili o titolari degli stessi, n\u00e9 la raccomandazione, promozione o identificazione di Repagas con le manifestazioni, contenuti o servizi provvisti.<\/p>\n<p>Repagas non conosce i contenuti e servizi dei Siti Collegati e quindi non \u00e8 responsabile dei danni prodotti dall&#8217;illegittimit\u00e0, qualit\u00e0, mancato aggiornamento, indisponibilit\u00e0, errore e inutilit\u00e0 dei contenuti e\/o servizi dei Siti Collegati n\u00e9 per qualsiasi altro danno che non sia direttamente imputabile a Repagas.<\/p>\n<p><strong>5. Comunicazione di attivit\u00e0 di carattere illecito e inadeguato<\/strong><\/p>\n<p>Nel caso in cui l&#8217;Utente o qualsiasi altro utente di Internet fosse a conoscenza che i Siti Collegati rimandino a siti dai contenuti o dai servizi illeciti, nocivi, denigranti, violenti o contrari alla morale; o che l&#8217;informazione inclusa dagli stessi Utenti, attraverso i servizi offerti nel Portale, possano essere considerati alla pari di quelli descritti anteriormente, Lei potr\u00e0 mettersi in contatto con Repagas indicando i seguenti dati:<\/p>\n<p>\u2022Dati personali del comunicante: nome, indirizzo, numero di telefono e indirizzo di posta elettronica;<\/p>\n<p>\u2022Descrizione dei fatti che rivelano il carattere illecito o inadeguato del Sito Collegato;<\/p>\n<p>\u2022Nel caso di violazione dei diritti, come quello della propriet\u00e0 intellettuale industriale, i dati personali del titolare del diritto infranto qualora sia una persona diversa dal comunicante. Dovr\u00e0 fornire inoltre il titolo che attesti la legittimazione del titolare dei diritti e, nel suo caso, quello di rappresentazione per agire per conto del titolare quando sia una persona diversa dal comunicante.<\/p>\n<p>\u2022Esplicita dichiarazione in cui si attesta che l&#8217;informazione contenuta nel reclamo \u00e8 corretta.<\/p>\n<p>La ricezione da parte di Repagas della comunicazione prevista in questa clausola non implica, secondo quando indicato nella LSSI, la conoscenza effettiva delle attivit\u00e0 e\/o contenuti indicati dal comunicante.<\/p>\n<p>&nbsp;<\/p>\n<p>Dovr\u00e0 fornire inoltre il titolo che attesti la legittimazione del titolare dei diritti e, nel suo caso, quello di rappresentazione per agire per conto del titolare quando sia una persona diversa dal comunicante; Dichiarazione espressa che l&#8217;informazione contenuta nel reclamo \u00e8 corretta.<\/p>\n<p>La ricezione da parte di Repagas della comunicazione prevista in questa clausola non implica, secondo quanto indicato nella LSSI, la conoscenza effettiva delle attivit\u00e0 e\/o contenuti indicati dal comunicante.<\/p>\n<p><strong>6. Legislazione<\/strong><\/p>\n<p>Il presente Avviso Legale \u00e8 disciplinato dalla legge spagnola.<\/p>\n","protected":false},"excerpt":{"rendered":"<p>REPAGAS, S.A. 1. Informazione legale e accettazione Le presenti disposizioni regolano l&#8217;uso del servizio del portale di Internet (di seguito, il Portale) che Repagas SA (di seguito, Repagas) mette a disposizione degli utenti di Internet. REPAGAS, S.A con sede a Avenida de Fuenlabrada, 12-14 28970 Humanes de Madrid, Madrid con PI A28382687 iscritta nel Registro [&hellip;]<\/p>\n","protected":false},"author":1,"featured_media":0,"parent":0,"menu_order":11,"comment_status":"closed","ping_status":"closed","template":"fullwidth.php","meta":{"footnotes":""},"class_list":["post-810","page","type-page","status-publish","hentry"],"yoast_head":"<!-- This site is optimized with the Yoast SEO plugin v27.2 - https:\/\/yoast.com\/product\/yoast-seo-wordpress\/ -->\n<title>Avviso legale - Repagas<\/title>\n<meta name=\"robots\" content=\"index, follow, max-snippet:-1, max-image-preview:large, max-video-preview:-1\" \/>\n<link rel=\"canonical\" href=\"https:\/\/repagas.com\/avviso-legale\/\" \/>\n<meta property=\"og:locale\" content=\"it_IT\" \/>\n<meta property=\"og:type\" content=\"article\" \/>\n<meta property=\"og:title\" content=\"Avviso legale - Repagas\" \/>\n<meta property=\"og:description\" content=\"REPAGAS, S.A. 1. Informazione legale e accettazione Le presenti disposizioni regolano l&#8217;uso del servizio del portale di Internet (di seguito, il Portale) che Repagas SA (di seguito, Repagas) mette a disposizione degli utenti di Internet. REPAGAS, S.A con sede a Avenida de Fuenlabrada, 12-14 28970 Humanes de Madrid, Madrid con PI A28382687 iscritta nel Registro [&hellip;]\" \/>\n<meta property=\"og:url\" content=\"https:\/\/repagas.com\/avviso-legale\/\" \/>\n<meta property=\"og:site_name\" content=\"Repagas\" \/>\n<meta property=\"article:publisher\" content=\"https:\/\/www.facebook.com\/Repagas\/\" \/>\n<meta property=\"article:modified_time\" content=\"2017-10-16T11:32:36+00:00\" \/>\n<meta name=\"twitter:card\" content=\"summary_large_image\" \/>\n<meta name=\"twitter:site\" content=\"@Repagas\" \/>\n<meta name=\"twitter:label1\" content=\"Tempo di lettura stimato\" \/>\n\t<meta name=\"twitter:data1\" content=\"9 minuti\" \/>\n<script type=\"application\/ld+json\" class=\"yoast-schema-graph\">{\"@context\":\"https:\/\/schema.org\",\"@graph\":[{\"@type\":\"WebPage\",\"@id\":\"https:\/\/repagas.com\/avviso-legale\/\",\"url\":\"https:\/\/repagas.com\/avviso-legale\/\",\"name\":\"Avviso legale - Repagas\",\"isPartOf\":{\"@id\":\"https:\/\/repagas.com\/#website\"},\"datePublished\":\"2017-05-08T16:23:26+00:00\",\"dateModified\":\"2017-10-16T11:32:36+00:00\",\"breadcrumb\":{\"@id\":\"https:\/\/repagas.com\/avviso-legale\/#breadcrumb\"},\"inLanguage\":\"it-IT\",\"potentialAction\":[{\"@type\":\"ReadAction\",\"target\":[\"https:\/\/repagas.com\/avviso-legale\/\"]}]},{\"@type\":\"BreadcrumbList\",\"@id\":\"https:\/\/repagas.com\/avviso-legale\/#breadcrumb\",\"itemListElement\":[{\"@type\":\"ListItem\",\"position\":1,\"name\":\"Portada\",\"item\":\"https:\/\/repagas.com\/home\/\"},{\"@type\":\"ListItem\",\"position\":2,\"name\":\"Avviso legale\"}]},{\"@type\":\"WebSite\",\"@id\":\"https:\/\/repagas.com\/#website\",\"url\":\"https:\/\/repagas.com\/\",\"name\":\"Repagas\",\"description\":\"Equipamientos para Hosteler\u00eda, Cocinas industriales para restaurantes, hoteles, bares, cafeter\u00edas, Equipamiento industrial\",\"publisher\":{\"@id\":\"https:\/\/repagas.com\/#organization\"},\"potentialAction\":[{\"@type\":\"SearchAction\",\"target\":{\"@type\":\"EntryPoint\",\"urlTemplate\":\"https:\/\/repagas.com\/?s={search_term_string}\"},\"query-input\":{\"@type\":\"PropertyValueSpecification\",\"valueRequired\":true,\"valueName\":\"search_term_string\"}}],\"inLanguage\":\"it-IT\"},{\"@type\":\"Organization\",\"@id\":\"https:\/\/repagas.com\/#organization\",\"name\":\"REPAGAS\",\"url\":\"https:\/\/repagas.com\/\",\"logo\":{\"@type\":\"ImageObject\",\"inLanguage\":\"it-IT\",\"@id\":\"https:\/\/repagas.com\/#\/schema\/logo\/image\/\",\"url\":\"\",\"contentUrl\":\"\",\"caption\":\"REPAGAS\"},\"image\":{\"@id\":\"https:\/\/repagas.com\/#\/schema\/logo\/image\/\"},\"sameAs\":[\"https:\/\/www.facebook.com\/Repagas\/\",\"https:\/\/x.com\/Repagas\"]}]}<\/script>\n<!-- \/ Yoast SEO plugin. -->","yoast_head_json":{"title":"Avviso legale - Repagas","robots":{"index":"index","follow":"follow","max-snippet":"max-snippet:-1","max-image-preview":"max-image-preview:large","max-video-preview":"max-video-preview:-1"},"canonical":"https:\/\/repagas.com\/avviso-legale\/","og_locale":"it_IT","og_type":"article","og_title":"Avviso legale - Repagas","og_description":"REPAGAS, S.A. 1. Informazione legale e accettazione Le presenti disposizioni regolano l&#8217;uso del servizio del portale di Internet (di seguito, il Portale) che Repagas SA (di seguito, Repagas) mette a disposizione degli utenti di Internet. REPAGAS, S.A con sede a Avenida de Fuenlabrada, 12-14 28970 Humanes de Madrid, Madrid con PI A28382687 iscritta nel Registro [&hellip;]","og_url":"https:\/\/repagas.com\/avviso-legale\/","og_site_name":"Repagas","article_publisher":"https:\/\/www.facebook.com\/Repagas\/","article_modified_time":"2017-10-16T11:32:36+00:00","twitter_card":"summary_large_image","twitter_site":"@Repagas","twitter_misc":{"Tempo di lettura stimato":"9 minuti"},"schema":{"@context":"https:\/\/schema.org","@graph":[{"@type":"WebPage","@id":"https:\/\/repagas.com\/avviso-legale\/","url":"https:\/\/repagas.com\/avviso-legale\/","name":"Avviso legale - Repagas","isPartOf":{"@id":"https:\/\/repagas.com\/#website"},"datePublished":"2017-05-08T16:23:26+00:00","dateModified":"2017-10-16T11:32:36+00:00","breadcrumb":{"@id":"https:\/\/repagas.com\/avviso-legale\/#breadcrumb"},"inLanguage":"it-IT","potentialAction":[{"@type":"ReadAction","target":["https:\/\/repagas.com\/avviso-legale\/"]}]},{"@type":"BreadcrumbList","@id":"https:\/\/repagas.com\/avviso-legale\/#breadcrumb","itemListElement":[{"@type":"ListItem","position":1,"name":"Portada","item":"https:\/\/repagas.com\/home\/"},{"@type":"ListItem","position":2,"name":"Avviso legale"}]},{"@type":"WebSite","@id":"https:\/\/repagas.com\/#website","url":"https:\/\/repagas.com\/","name":"Repagas","description":"Equipamientos para Hosteler\u00eda, Cocinas industriales para restaurantes, hoteles, bares, cafeter\u00edas, Equipamiento industrial","publisher":{"@id":"https:\/\/repagas.com\/#organization"},"potentialAction":[{"@type":"SearchAction","target":{"@type":"EntryPoint","urlTemplate":"https:\/\/repagas.com\/?s={search_term_string}"},"query-input":{"@type":"PropertyValueSpecification","valueRequired":true,"valueName":"search_term_string"}}],"inLanguage":"it-IT"},{"@type":"Organization","@id":"https:\/\/repagas.com\/#organization","name":"REPAGAS","url":"https:\/\/repagas.com\/","logo":{"@type":"ImageObject","inLanguage":"it-IT","@id":"https:\/\/repagas.com\/#\/schema\/logo\/image\/","url":"","contentUrl":"","caption":"REPAGAS"},"image":{"@id":"https:\/\/repagas.com\/#\/schema\/logo\/image\/"},"sameAs":["https:\/\/www.facebook.com\/Repagas\/","https:\/\/x.com\/Repagas"]}]}},"_links":{"self":[{"href":"https:\/\/repagas.com\/it\/wp-json\/wp\/v2\/pages\/810","targetHints":{"allow":["GET"]}}],"collection":[{"href":"https:\/\/repagas.com\/it\/wp-json\/wp\/v2\/pages"}],"about":[{"href":"https:\/\/repagas.com\/it\/wp-json\/wp\/v2\/types\/page"}],"author":[{"embeddable":true,"href":"https:\/\/repagas.com\/it\/wp-json\/wp\/v2\/users\/1"}],"replies":[{"embeddable":true,"href":"https:\/\/repagas.com\/it\/wp-json\/wp\/v2\/comments?post=810"}],"version-history":[{"count":4,"href":"https:\/\/repagas.com\/it\/wp-json\/wp\/v2\/pages\/810\/revisions"}],"predecessor-version":[{"id":5738,"href":"https:\/\/repagas.com\/it\/wp-json\/wp\/v2\/pages\/810\/revisions\/5738"}],"wp:attachment":[{"href":"https:\/\/repagas.com\/it\/wp-json\/wp\/v2\/media?parent=810"}],"curies":[{"name":"wp","href":"https:\/\/api.w.org\/{rel}","templated":true}]}}