{"id":813,"date":"2017-05-11T08:38:56","date_gmt":"2017-05-11T08:38:56","guid":{"rendered":"https:\/\/repagas.com\/politica-de-cookies\/"},"modified":"2018-02-26T13:11:21","modified_gmt":"2018-02-26T13:11:21","slug":"politica-dei-cookie","status":"publish","type":"page","link":"https:\/\/repagas.com\/it\/politica-dei-cookie\/","title":{"rendered":"Politica dei cookie"},"content":{"rendered":"<p>Desideriamo informarla che il nostro sito utilizza cookie per analizzare la navigazione degli utenti.<\/p>\n<p>I cookie sono dei file che si installano nel computer da cui accede al nostro sito con le finalit\u00e0 che si descrivono in seguito:<\/p>\n<p>L&#8217;applicazione che utilizziamo per ottenere e analizzare l&#8217;informazione della navigazione \u00e8: <strong>Google Analytics<\/strong>: <a href=\"http:\/\/www.google.com\/analytics\/\">www.google.com\/analytics\/<\/a> y\u00a0<a href=\"https:\/\/www.google.com\/intl\/es\/policies\/privacy\/\">https:\/\/www.google.com\/intl\/es\/policies\/privacy\/\u00a0<\/a><\/p>\n<p>Questa applicazione \u00e8 stata sviluppata da Google, che ci fornisce il servizio di analisi degli utenti del nostro sito. Questa impresa pu\u00f2 utilizzare questi dati per migliorare i suoi propri servizi e per offrire servizi ad altre aziende. Pu\u00f2 conoscere gli altri utilizzi dai link indicati.<\/p>\n<p>Questo strumento non ottiene dati dei nomi o cognomi degli utenti, n\u00e9 l&#8217;indirizzo di posta elettronica da cui si collegano. L&#8217;informazione che ottiene riguarda, ad esempio, il numero di pagine visitate, la lingua, social network in cui vengono pubblicate le nostre notizie, la citt\u00e0 a cui \u00e8 assegnato l&#8217;indirizzo IP da cui accedono gli utenti, il numero di utenti che ci visita, la frequenza e ritorno delle visite, il tempo di visita, il navigatore che usano, l&#8217;operatore o tipo di terminale da cui si realizza la visita.<\/p>\n<p><strong>Questa informazione \u00e8 utilizzata per migliorare il nostro sito<\/strong>, individuare nuovi bisogni e valutare i miglioramenti da introdurre con lo scopo di fornire un servizio migliore agli utenti che ci visitano.<\/p>\n<p><strong>Per permettere, conoscere, bloccare o eliminare i cookie installati sul suo computer pu\u00f2 farlo attraverso la configurazione delle opzioni del browser installato sul suo PC.<\/strong><\/p>\n<p>Ad esempio, pu\u00f2 trovare l&#8217;informazione su come farlo nel caso in cui usi come browser:<\/p>\n<p>Firefox da qui: <a href=\"http:\/\/support.mozilla.org\/es\/products\/firefox\/cookies\">http:\/\/support.mozilla.org\/es\/products\/firefox\/cookies<\/a><\/p>\n<p>Chrome da qui: <a href=\"http:\/\/support.google.com\/chrome\/bin\/answer.py?hl=es&amp;answer=95647\">http:\/\/support.google.com\/chrome\/bin\/answer.py?hl=es&amp;answer=95647<\/a><\/p>\n<p>Explorer da qui: <a href=\"http:\/\/windows.microsoft.com\/es-es\/windows7\/how-to-manage-cookies-in-internet-explorer-9\">http:\/\/windows.microsoft.com\/es-es\/windows7\/how-to-manage-cookies-in-internet-explorer-9<\/a><\/p>\n<p>Safari da qui: <a href=\"http:\/\/support.apple.com\/kb\/ph5042\">http:\/\/support.apple.com\/kb\/ph5042<\/a><\/p>\n<p>Opera da qui:\u00a0<a href=\"http:\/\/help.opera.com\/Windows\/11.50\/es-ES\/cookies.html\">http:\/\/help.opera.com\/Windows\/11.50\/es-ES\/cookies.html<\/a><\/p>\n","protected":false},"excerpt":{"rendered":"<p>Desideriamo informarla che il nostro sito utilizza cookie per analizzare la navigazione degli utenti. I cookie sono dei file che si installano nel computer da cui accede al nostro sito con le finalit\u00e0 che si descrivono in seguito: L&#8217;applicazione che utilizziamo per ottenere e analizzare l&#8217;informazione della navigazione \u00e8: Google Analytics: www.google.com\/analytics\/ y\u00a0https:\/\/www.google.com\/intl\/es\/policies\/privacy\/\u00a0 Questa applicazione [&hellip;]<\/p>\n","protected":false},"author":1,"featured_media":0,"parent":0,"menu_order":0,"comment_status":"closed","ping_status":"closed","template":"","meta":{"footnotes":""},"class_list":["post-813","page","type-page","status-publish","hentry"],"yoast_head":"<!-- This site is optimized with the Yoast SEO plugin v27.2 - https:\/\/yoast.com\/product\/yoast-seo-wordpress\/ -->\n<title>Repagas. Politica dei cookie per analizzare la navigazione degli utenti.<\/title>\n<meta name=\"description\" content=\"Politica dei cookie. Desideriamo informarla che il nostro sito utilizza cookie per analizzare la navigazione degli utenti.\" \/>\n<meta name=\"robots\" content=\"index, follow, max-snippet:-1, max-image-preview:large, max-video-preview:-1\" \/>\n<link rel=\"canonical\" href=\"https:\/\/repagas.com\/politica-dei-cookie\/\" \/>\n<meta property=\"og:locale\" content=\"it_IT\" \/>\n<meta property=\"og:type\" content=\"article\" \/>\n<meta property=\"og:title\" content=\"Repagas. Politica dei cookie per analizzare la navigazione degli utenti.\" \/>\n<meta property=\"og:description\" content=\"Politica dei cookie. Desideriamo informarla che il nostro sito utilizza cookie per analizzare la navigazione degli utenti.\" \/>\n<meta property=\"og:url\" content=\"https:\/\/repagas.com\/politica-dei-cookie\/\" \/>\n<meta property=\"og:site_name\" content=\"Repagas\" \/>\n<meta property=\"article:publisher\" content=\"https:\/\/www.facebook.com\/Repagas\/\" \/>\n<meta property=\"article:modified_time\" content=\"2018-02-26T13:11:21+00:00\" \/>\n<meta name=\"twitter:card\" content=\"summary_large_image\" \/>\n<meta name=\"twitter:site\" content=\"@Repagas\" \/>\n<meta name=\"twitter:label1\" content=\"Tempo di lettura stimato\" \/>\n\t<meta name=\"twitter:data1\" content=\"2 minuti\" \/>\n<script type=\"application\/ld+json\" class=\"yoast-schema-graph\">{\"@context\":\"https:\/\/schema.org\",\"@graph\":[{\"@type\":\"WebPage\",\"@id\":\"https:\/\/repagas.com\/politica-dei-cookie\/\",\"url\":\"https:\/\/repagas.com\/politica-dei-cookie\/\",\"name\":\"Repagas. Politica dei cookie per analizzare la navigazione degli utenti.\",\"isPartOf\":{\"@id\":\"https:\/\/repagas.com\/#website\"},\"datePublished\":\"2017-05-11T08:38:56+00:00\",\"dateModified\":\"2018-02-26T13:11:21+00:00\",\"description\":\"Politica dei cookie. Desideriamo informarla che il nostro sito utilizza cookie per analizzare la navigazione degli utenti.\",\"breadcrumb\":{\"@id\":\"https:\/\/repagas.com\/politica-dei-cookie\/#breadcrumb\"},\"inLanguage\":\"it-IT\",\"potentialAction\":[{\"@type\":\"ReadAction\",\"target\":[\"https:\/\/repagas.com\/politica-dei-cookie\/\"]}]},{\"@type\":\"BreadcrumbList\",\"@id\":\"https:\/\/repagas.com\/politica-dei-cookie\/#breadcrumb\",\"itemListElement\":[{\"@type\":\"ListItem\",\"position\":1,\"name\":\"Portada\",\"item\":\"https:\/\/repagas.com\/home\/\"},{\"@type\":\"ListItem\",\"position\":2,\"name\":\"Politica dei cookie\"}]},{\"@type\":\"WebSite\",\"@id\":\"https:\/\/repagas.com\/#website\",\"url\":\"https:\/\/repagas.com\/\",\"name\":\"Repagas\",\"description\":\"Equipamientos para Hosteler\u00eda, Cocinas industriales para restaurantes, hoteles, bares, cafeter\u00edas, Equipamiento industrial\",\"publisher\":{\"@id\":\"https:\/\/repagas.com\/#organization\"},\"potentialAction\":[{\"@type\":\"SearchAction\",\"target\":{\"@type\":\"EntryPoint\",\"urlTemplate\":\"https:\/\/repagas.com\/?s={search_term_string}\"},\"query-input\":{\"@type\":\"PropertyValueSpecification\",\"valueRequired\":true,\"valueName\":\"search_term_string\"}}],\"inLanguage\":\"it-IT\"},{\"@type\":\"Organization\",\"@id\":\"https:\/\/repagas.com\/#organization\",\"name\":\"REPAGAS\",\"url\":\"https:\/\/repagas.com\/\",\"logo\":{\"@type\":\"ImageObject\",\"inLanguage\":\"it-IT\",\"@id\":\"https:\/\/repagas.com\/#\/schema\/logo\/image\/\",\"url\":\"\",\"contentUrl\":\"\",\"caption\":\"REPAGAS\"},\"image\":{\"@id\":\"https:\/\/repagas.com\/#\/schema\/logo\/image\/\"},\"sameAs\":[\"https:\/\/www.facebook.com\/Repagas\/\",\"https:\/\/x.com\/Repagas\"]}]}<\/script>\n<!-- \/ Yoast SEO plugin. -->","yoast_head_json":{"title":"Repagas. Politica dei cookie per analizzare la navigazione degli utenti.","description":"Politica dei cookie. Desideriamo informarla che il nostro sito utilizza cookie per analizzare la navigazione degli utenti.","robots":{"index":"index","follow":"follow","max-snippet":"max-snippet:-1","max-image-preview":"max-image-preview:large","max-video-preview":"max-video-preview:-1"},"canonical":"https:\/\/repagas.com\/politica-dei-cookie\/","og_locale":"it_IT","og_type":"article","og_title":"Repagas. Politica dei cookie per analizzare la navigazione degli utenti.","og_description":"Politica dei cookie. Desideriamo informarla che il nostro sito utilizza cookie per analizzare la navigazione degli utenti.","og_url":"https:\/\/repagas.com\/politica-dei-cookie\/","og_site_name":"Repagas","article_publisher":"https:\/\/www.facebook.com\/Repagas\/","article_modified_time":"2018-02-26T13:11:21+00:00","twitter_card":"summary_large_image","twitter_site":"@Repagas","twitter_misc":{"Tempo di lettura stimato":"2 minuti"},"schema":{"@context":"https:\/\/schema.org","@graph":[{"@type":"WebPage","@id":"https:\/\/repagas.com\/politica-dei-cookie\/","url":"https:\/\/repagas.com\/politica-dei-cookie\/","name":"Repagas. Politica dei cookie per analizzare la navigazione degli utenti.","isPartOf":{"@id":"https:\/\/repagas.com\/#website"},"datePublished":"2017-05-11T08:38:56+00:00","dateModified":"2018-02-26T13:11:21+00:00","description":"Politica dei cookie. Desideriamo informarla che il nostro sito utilizza cookie per analizzare la navigazione degli utenti.","breadcrumb":{"@id":"https:\/\/repagas.com\/politica-dei-cookie\/#breadcrumb"},"inLanguage":"it-IT","potentialAction":[{"@type":"ReadAction","target":["https:\/\/repagas.com\/politica-dei-cookie\/"]}]},{"@type":"BreadcrumbList","@id":"https:\/\/repagas.com\/politica-dei-cookie\/#breadcrumb","itemListElement":[{"@type":"ListItem","position":1,"name":"Portada","item":"https:\/\/repagas.com\/home\/"},{"@type":"ListItem","position":2,"name":"Politica dei cookie"}]},{"@type":"WebSite","@id":"https:\/\/repagas.com\/#website","url":"https:\/\/repagas.com\/","name":"Repagas","description":"Equipamientos para Hosteler\u00eda, Cocinas industriales para restaurantes, hoteles, bares, cafeter\u00edas, Equipamiento industrial","publisher":{"@id":"https:\/\/repagas.com\/#organization"},"potentialAction":[{"@type":"SearchAction","target":{"@type":"EntryPoint","urlTemplate":"https:\/\/repagas.com\/?s={search_term_string}"},"query-input":{"@type":"PropertyValueSpecification","valueRequired":true,"valueName":"search_term_string"}}],"inLanguage":"it-IT"},{"@type":"Organization","@id":"https:\/\/repagas.com\/#organization","name":"REPAGAS","url":"https:\/\/repagas.com\/","logo":{"@type":"ImageObject","inLanguage":"it-IT","@id":"https:\/\/repagas.com\/#\/schema\/logo\/image\/","url":"","contentUrl":"","caption":"REPAGAS"},"image":{"@id":"https:\/\/repagas.com\/#\/schema\/logo\/image\/"},"sameAs":["https:\/\/www.facebook.com\/Repagas\/","https:\/\/x.com\/Repagas"]}]}},"_links":{"self":[{"href":"https:\/\/repagas.com\/it\/wp-json\/wp\/v2\/pages\/813","targetHints":{"allow":["GET"]}}],"collection":[{"href":"https:\/\/repagas.com\/it\/wp-json\/wp\/v2\/pages"}],"about":[{"href":"https:\/\/repagas.com\/it\/wp-json\/wp\/v2\/types\/page"}],"author":[{"embeddable":true,"href":"https:\/\/repagas.com\/it\/wp-json\/wp\/v2\/users\/1"}],"replies":[{"embeddable":true,"href":"https:\/\/repagas.com\/it\/wp-json\/wp\/v2\/comments?post=813"}],"version-history":[{"count":6,"href":"https:\/\/repagas.com\/it\/wp-json\/wp\/v2\/pages\/813\/revisions"}],"predecessor-version":[{"id":8561,"href":"https:\/\/repagas.com\/it\/wp-json\/wp\/v2\/pages\/813\/revisions\/8561"}],"wp:attachment":[{"href":"https:\/\/repagas.com\/it\/wp-json\/wp\/v2\/media?parent=813"}],"curies":[{"name":"wp","href":"https:\/\/api.w.org\/{rel}","templated":true}]}}