{"id":820,"date":"2017-07-13T08:17:28","date_gmt":"2017-07-13T08:17:28","guid":{"rendered":"https:\/\/repagas.com\/politica-de-privacidad\/"},"modified":"2018-02-08T07:00:28","modified_gmt":"2018-02-08T07:00:28","slug":"informativa-sulla-privacy","status":"publish","type":"page","link":"https:\/\/repagas.com\/it\/informativa-sulla-privacy\/","title":{"rendered":"Informativa sulla Privacy"},"content":{"rendered":"<p>Ai sensi delle disposizioni della Legge Organica 15\/1999, del 13 dicembre, sulla Protezione dei Dati (\u201cLOPD\u201d) e la sua normativa di sviluppo, siamo lieti di informarla sul trattamento dei suoi dati di carattere personale (\u201cDati\u201d).<\/p>\n<p>I Dati che ci fornisce ora o nel futuro, in occasione della nostra relazione commerciale, saranno incorporati in un archivio di cui il responsabile \u00e8 REPAGAS, S.A. con sede in Avenida de Fuenlabrada, 12-Humanes de Madrid (di seguito, \u201cResponsabile\u201d).<\/p>\n<p>Tutti i Dati che le chiediamo hanno carattere obbligatorio, per cui l&#8217;inosservanza di alcuni di essi pu\u00f2 rendere impossibile la prestazione dei servizi che le offriamo.<\/p>\n<p>I suoi Dati saranno trattati dal Responsabile con lo scopo di mantenere, sviluppare e controllare la nostra relazione commerciale, includendo la risoluzione delle sue consultazioni o richieste di informazioni o documentazione, durante il loro inoltro, e con carattere posteriore, cos\u00ec come per inviarle l&#8217;informazione da Lei richiesta.<\/p>\n<p>I Dati che Lei ci fornisce devono essere corretti ed essere aggiornati nel momento in cui ci fornisce l&#8217;informazione, per cui Lei garantisce la loro autenticit\u00e0 e veridicit\u00e0. In aggiunta, le preghiamo di comunicarci qualsiasi modifica dei suoi Dati, in modo rapido e efficiente, con l&#8217;unico scopo di mantenere aggiornato costantemente il nostro data base e senza nessun tipo di errore rispetto ai suoi Dati.<\/p>\n<p>Autorizza espressamente che i suoi Dati possano essere trattati dal Responsabile per trasmetterle informazioni commerciali sui nostri prodotti e servizi, per via postale, posta elettronica, SMS, o qualsiasi altro mezzo di comunicazione elettronica equivalente, e che i suoi Dati possano essere trattati per realizzare segmentazioni e\/o elaborare profili con la stessa finalit\u00e0.<\/p>\n<p>Conservazione dei suoi dati di carattere personale<\/p>\n<p>I suoi Dati saranno conservati nei nostri database fino a quando si manterr\u00e0 vigente la nostra relazione commerciale e durante i termini legali o contrattuali previsti per l&#8217;esercizio di qualsiasi azione da parte Sua o del Responsabile. Una volta terminata la nostra relazione commerciale, i suoi Dati saranno opportunamente bloccati, conformemente a quanto previsto dalla normativa applicabile.<\/p>\n<p>Nonostante ci\u00f2, una volta terminata la nostra relazione, si potr\u00e0 continuare a far uso dei suoi Dati per finalit\u00e0 commerciali, nelle condizioni in cui si stabiliscono i concetti precedenti, fino a quando Lei non revochi il consenso che ci ha fornito.<\/p>\n<p>Accesso ai Dati da parte di terzi<\/p>\n<p>La informiamo che alcune imprese potrebbero accedere ai suoi Dati con lo scopo di prestare al Responsabile un servizio di trattamento, come agenzie di servizi, fornitori di servizi informatici, ecc. senza che in nessun caso tali prestatori di servizi possano utilizzare i suoi Dati per altre finalit\u00e0 o per interesse proprio. Queste aziende potrebbero avere sede in paesi che si trovano fuori dallo Spazio Economico Europeo e che non offrono un livello di protezione paragonabile a quello della LOPD (Agenzia Spagnola di Protezione dei Dati).<\/p>\n<p>Confidenzialit\u00e0 e misure di sicurezza<\/p>\n<p>Infine, vogliamo informarla che il Responsabile tratter\u00e0 in ogni momento i suoi Dati in modo assolutamente confidenziale e in conformit\u00e0 con gli usi e le finalit\u00e0 espressamente previste anteriormente. La informiamo inoltre che il Responsabile dispone delle misure di indole tecnica e organizzativa necessarie a garantire la sicurezza dei suoi Dati ed evitarne l&#8217;alterazione, perdita, trattamento o accesso non autorizzato, considerando lo stato della tecnologia, la natura dei dati archiviati e i rischi a cui sono esposti, tutto ci\u00f2 ai sensi del Titolo VIII del Real Decreto 1720\/2007, del 21 dicembre, recante modalit\u00e0 di applicazione della LOPD.<\/p>\n<p>Esercizio dei diritti<\/p>\n<p>Lei potr\u00e0 esercitare in ogni momento il suo diritto di accesso, rettifica, cancellazione e opposizione al trattamento dei suoi Dati, nei termini previsti dalla legge, rivolgendosi all&#8217;indirizzo postale del Responsabile precedentemente indicato, e aggiungendo una copia del suo documento d&#8217;identit\u00e0.<\/p>\n<p>Lei potr\u00e0 revocare in qualsiasi momento attraverso i mezzi indicati precedentemente, il consenso che le richiediamo in questa clausola, senza effetto retroattivo e nei termini previsti dalla legge.<\/p>\n","protected":false},"excerpt":{"rendered":"<p>Ai sensi delle disposizioni della Legge Organica 15\/1999, del 13 dicembre, sulla Protezione dei Dati (\u201cLOPD\u201d) e la sua normativa di sviluppo, siamo lieti di informarla sul trattamento dei suoi dati di carattere personale (\u201cDati\u201d). I Dati che ci fornisce ora o nel futuro, in occasione della nostra relazione commerciale, saranno incorporati in un archivio [&hellip;]<\/p>\n","protected":false},"author":1,"featured_media":0,"parent":0,"menu_order":0,"comment_status":"closed","ping_status":"closed","template":"","meta":{"footnotes":""},"class_list":["post-820","page","type-page","status-publish","hentry"],"yoast_head":"<!-- This site is optimized with the Yoast SEO plugin v27.2 - https:\/\/yoast.com\/product\/yoast-seo-wordpress\/ -->\n<title>Informativa sulla Privacy - Repagas - Conservazione dei suoi dati<\/title>\n<meta name=\"description\" content=\"I Dati che ci fornisce ora o nel futuro, in occasione della nostra relazione commerciale, saranno incorporati in un archivio di REPAGAS\" \/>\n<meta name=\"robots\" content=\"index, follow, max-snippet:-1, max-image-preview:large, max-video-preview:-1\" \/>\n<link rel=\"canonical\" href=\"https:\/\/repagas.com\/informativa-sulla-privacy\/\" \/>\n<meta property=\"og:locale\" content=\"it_IT\" \/>\n<meta property=\"og:type\" content=\"article\" \/>\n<meta property=\"og:title\" content=\"Informativa sulla Privacy - Repagas - Conservazione dei suoi dati\" \/>\n<meta property=\"og:description\" content=\"I Dati che ci fornisce ora o nel futuro, in occasione della nostra relazione commerciale, saranno incorporati in un archivio di REPAGAS\" \/>\n<meta property=\"og:url\" content=\"https:\/\/repagas.com\/informativa-sulla-privacy\/\" \/>\n<meta property=\"og:site_name\" content=\"Repagas\" \/>\n<meta property=\"article:publisher\" content=\"https:\/\/www.facebook.com\/Repagas\/\" \/>\n<meta property=\"article:modified_time\" content=\"2018-02-08T07:00:28+00:00\" \/>\n<meta name=\"twitter:card\" content=\"summary_large_image\" \/>\n<meta name=\"twitter:site\" content=\"@Repagas\" \/>\n<meta name=\"twitter:label1\" content=\"Tempo di lettura stimato\" \/>\n\t<meta name=\"twitter:data1\" content=\"3 minuti\" \/>\n<script type=\"application\/ld+json\" class=\"yoast-schema-graph\">{\"@context\":\"https:\/\/schema.org\",\"@graph\":[{\"@type\":\"WebPage\",\"@id\":\"https:\/\/repagas.com\/informativa-sulla-privacy\/\",\"url\":\"https:\/\/repagas.com\/informativa-sulla-privacy\/\",\"name\":\"Informativa sulla Privacy - Repagas - Conservazione dei suoi dati\",\"isPartOf\":{\"@id\":\"https:\/\/repagas.com\/#website\"},\"datePublished\":\"2017-07-13T08:17:28+00:00\",\"dateModified\":\"2018-02-08T07:00:28+00:00\",\"description\":\"I Dati che ci fornisce ora o nel futuro, in occasione della nostra relazione commerciale, saranno incorporati in un archivio di REPAGAS\",\"breadcrumb\":{\"@id\":\"https:\/\/repagas.com\/informativa-sulla-privacy\/#breadcrumb\"},\"inLanguage\":\"it-IT\",\"potentialAction\":[{\"@type\":\"ReadAction\",\"target\":[\"https:\/\/repagas.com\/informativa-sulla-privacy\/\"]}]},{\"@type\":\"BreadcrumbList\",\"@id\":\"https:\/\/repagas.com\/informativa-sulla-privacy\/#breadcrumb\",\"itemListElement\":[{\"@type\":\"ListItem\",\"position\":1,\"name\":\"Portada\",\"item\":\"https:\/\/repagas.com\/home\/\"},{\"@type\":\"ListItem\",\"position\":2,\"name\":\"Informativa sulla Privacy\"}]},{\"@type\":\"WebSite\",\"@id\":\"https:\/\/repagas.com\/#website\",\"url\":\"https:\/\/repagas.com\/\",\"name\":\"Repagas\",\"description\":\"Equipamientos para Hosteler\u00eda, Cocinas industriales para restaurantes, hoteles, bares, cafeter\u00edas, Equipamiento industrial\",\"publisher\":{\"@id\":\"https:\/\/repagas.com\/#organization\"},\"potentialAction\":[{\"@type\":\"SearchAction\",\"target\":{\"@type\":\"EntryPoint\",\"urlTemplate\":\"https:\/\/repagas.com\/?s={search_term_string}\"},\"query-input\":{\"@type\":\"PropertyValueSpecification\",\"valueRequired\":true,\"valueName\":\"search_term_string\"}}],\"inLanguage\":\"it-IT\"},{\"@type\":\"Organization\",\"@id\":\"https:\/\/repagas.com\/#organization\",\"name\":\"REPAGAS\",\"url\":\"https:\/\/repagas.com\/\",\"logo\":{\"@type\":\"ImageObject\",\"inLanguage\":\"it-IT\",\"@id\":\"https:\/\/repagas.com\/#\/schema\/logo\/image\/\",\"url\":\"\",\"contentUrl\":\"\",\"caption\":\"REPAGAS\"},\"image\":{\"@id\":\"https:\/\/repagas.com\/#\/schema\/logo\/image\/\"},\"sameAs\":[\"https:\/\/www.facebook.com\/Repagas\/\",\"https:\/\/x.com\/Repagas\"]}]}<\/script>\n<!-- \/ Yoast SEO plugin. -->","yoast_head_json":{"title":"Informativa sulla Privacy - Repagas - Conservazione dei suoi dati","description":"I Dati che ci fornisce ora o nel futuro, in occasione della nostra relazione commerciale, saranno incorporati in un archivio di REPAGAS","robots":{"index":"index","follow":"follow","max-snippet":"max-snippet:-1","max-image-preview":"max-image-preview:large","max-video-preview":"max-video-preview:-1"},"canonical":"https:\/\/repagas.com\/informativa-sulla-privacy\/","og_locale":"it_IT","og_type":"article","og_title":"Informativa sulla Privacy - Repagas - Conservazione dei suoi dati","og_description":"I Dati che ci fornisce ora o nel futuro, in occasione della nostra relazione commerciale, saranno incorporati in un archivio di REPAGAS","og_url":"https:\/\/repagas.com\/informativa-sulla-privacy\/","og_site_name":"Repagas","article_publisher":"https:\/\/www.facebook.com\/Repagas\/","article_modified_time":"2018-02-08T07:00:28+00:00","twitter_card":"summary_large_image","twitter_site":"@Repagas","twitter_misc":{"Tempo di lettura stimato":"3 minuti"},"schema":{"@context":"https:\/\/schema.org","@graph":[{"@type":"WebPage","@id":"https:\/\/repagas.com\/informativa-sulla-privacy\/","url":"https:\/\/repagas.com\/informativa-sulla-privacy\/","name":"Informativa sulla Privacy - Repagas - Conservazione dei suoi dati","isPartOf":{"@id":"https:\/\/repagas.com\/#website"},"datePublished":"2017-07-13T08:17:28+00:00","dateModified":"2018-02-08T07:00:28+00:00","description":"I Dati che ci fornisce ora o nel futuro, in occasione della nostra relazione commerciale, saranno incorporati in un archivio di REPAGAS","breadcrumb":{"@id":"https:\/\/repagas.com\/informativa-sulla-privacy\/#breadcrumb"},"inLanguage":"it-IT","potentialAction":[{"@type":"ReadAction","target":["https:\/\/repagas.com\/informativa-sulla-privacy\/"]}]},{"@type":"BreadcrumbList","@id":"https:\/\/repagas.com\/informativa-sulla-privacy\/#breadcrumb","itemListElement":[{"@type":"ListItem","position":1,"name":"Portada","item":"https:\/\/repagas.com\/home\/"},{"@type":"ListItem","position":2,"name":"Informativa sulla Privacy"}]},{"@type":"WebSite","@id":"https:\/\/repagas.com\/#website","url":"https:\/\/repagas.com\/","name":"Repagas","description":"Equipamientos para Hosteler\u00eda, Cocinas industriales para restaurantes, hoteles, bares, cafeter\u00edas, Equipamiento industrial","publisher":{"@id":"https:\/\/repagas.com\/#organization"},"potentialAction":[{"@type":"SearchAction","target":{"@type":"EntryPoint","urlTemplate":"https:\/\/repagas.com\/?s={search_term_string}"},"query-input":{"@type":"PropertyValueSpecification","valueRequired":true,"valueName":"search_term_string"}}],"inLanguage":"it-IT"},{"@type":"Organization","@id":"https:\/\/repagas.com\/#organization","name":"REPAGAS","url":"https:\/\/repagas.com\/","logo":{"@type":"ImageObject","inLanguage":"it-IT","@id":"https:\/\/repagas.com\/#\/schema\/logo\/image\/","url":"","contentUrl":"","caption":"REPAGAS"},"image":{"@id":"https:\/\/repagas.com\/#\/schema\/logo\/image\/"},"sameAs":["https:\/\/www.facebook.com\/Repagas\/","https:\/\/x.com\/Repagas"]}]}},"_links":{"self":[{"href":"https:\/\/repagas.com\/it\/wp-json\/wp\/v2\/pages\/820","targetHints":{"allow":["GET"]}}],"collection":[{"href":"https:\/\/repagas.com\/it\/wp-json\/wp\/v2\/pages"}],"about":[{"href":"https:\/\/repagas.com\/it\/wp-json\/wp\/v2\/types\/page"}],"author":[{"embeddable":true,"href":"https:\/\/repagas.com\/it\/wp-json\/wp\/v2\/users\/1"}],"replies":[{"embeddable":true,"href":"https:\/\/repagas.com\/it\/wp-json\/wp\/v2\/comments?post=820"}],"version-history":[{"count":7,"href":"https:\/\/repagas.com\/it\/wp-json\/wp\/v2\/pages\/820\/revisions"}],"predecessor-version":[{"id":5741,"href":"https:\/\/repagas.com\/it\/wp-json\/wp\/v2\/pages\/820\/revisions\/5741"}],"wp:attachment":[{"href":"https:\/\/repagas.com\/it\/wp-json\/wp\/v2\/media?parent=820"}],"curies":[{"name":"wp","href":"https:\/\/api.w.org\/{rel}","templated":true}]}}