{"id":839,"date":"2017-05-08T14:27:52","date_gmt":"2017-05-08T14:27:52","guid":{"rendered":"https:\/\/repagas.com\/cocinas-profesionales\/disenador-de-cocinas\/"},"modified":"2017-10-18T07:44:29","modified_gmt":"2017-10-18T07:44:29","slug":"designer-di-cucine","status":"publish","type":"page","link":"https:\/\/repagas.com\/it\/prodotti\/designer-di-cucine\/","title":{"rendered":"Designer di Cucine"},"content":{"rendered":"<p><span style=\"color: #e04c4c;\"><strong>Virtual Planner<\/strong><strong>\u00ae Repagas<\/strong><\/span><\/p>\n<p>Con Virtual Planner\u00ae Kitchen Edition potrai progettare la tua cucina Repagas Concept in modo semplice ed intuitivo. In questa applicazione troverai gli strumenti necessari per personalizzarla fin nei minimi particolari secondo le tue esigenze e, successivamente, effettuare una visita virtuale 3D della stessa.<\/p>\n<p>Creare la cucina perfetta \u00e8 molto facile grazie a Repagas, se disponi del disegno, l&#8217;applicazione ti permette di importarlo e di lavorare su di esso. Se non disponi del disegno, \u00e8 possibile realizzarne uno approssimativo che illustri lo spazio, aggiungere porte e finestre, modificare i colori e i materiali.<\/p>\n<p>La cosa pi\u00f9 importante: potrai aggiungere tutte le attrezzature che Repagas ti offre! Possibilit\u00e0 infinite che ti permetteranno di prendere la decisione migliore.<\/p>\n<p>Una volta realizzata, puoi salvarla e inviare una richiesta di offerta insieme alla configurazione desiderata; ti contatteremo per mettere a punto i dettagli.<\/p>\n<p style=\"text-align: center;\"><a href=\"http:\/\/repagas.virtualplanner.com\/Repagas\/BETA\/V3\/\">Vai a Designer di Cucine<\/a><\/p>\n","protected":false},"excerpt":{"rendered":"<p>Virtual Planner\u00ae Repagas Con Virtual Planner\u00ae Kitchen Edition potrai progettare la tua cucina Repagas Concept in modo semplice ed intuitivo. In questa applicazione troverai gli strumenti necessari per personalizzarla fin nei minimi particolari secondo le tue esigenze e, successivamente, effettuare una visita virtuale 3D della stessa. Creare la cucina perfetta \u00e8 molto facile grazie a [&hellip;]<\/p>\n","protected":false},"author":1,"featured_media":6538,"parent":836,"menu_order":3,"comment_status":"closed","ping_status":"closed","template":"page-disenadorCocinas.php","meta":{"footnotes":""},"class_list":["post-839","page","type-page","status-publish","has-post-thumbnail","hentry"],"yoast_head":"<!-- This site is optimized with the Yoast SEO plugin v27.2 - https:\/\/yoast.com\/product\/yoast-seo-wordpress\/ -->\n<title>Dise\u00f1ador de cocinas Repagas, haz realidad tu proyecto<\/title>\n<meta name=\"description\" content=\"Con nuestros Dise\u00f1ador de Cocinas Repagas Concept har\u00e1s realidad tu dise\u00f1o de una manera sencilla e intuitiva. \u00a1Comienza a dise\u00f1ar!\" \/>\n<meta name=\"robots\" content=\"index, follow, max-snippet:-1, max-image-preview:large, max-video-preview:-1\" \/>\n<link rel=\"canonical\" href=\"https:\/\/repagas.com\/prodotti\/designer-di-cucine\/\" \/>\n<meta property=\"og:locale\" content=\"it_IT\" \/>\n<meta property=\"og:type\" content=\"article\" \/>\n<meta property=\"og:title\" content=\"Dise\u00f1ador de cocinas Repagas, haz realidad tu proyecto\" \/>\n<meta property=\"og:description\" content=\"Con nuestros Dise\u00f1ador de Cocinas Repagas Concept har\u00e1s realidad tu dise\u00f1o de una manera sencilla e intuitiva. \u00a1Comienza a dise\u00f1ar!\" \/>\n<meta property=\"og:url\" content=\"https:\/\/repagas.com\/prodotti\/designer-di-cucine\/\" \/>\n<meta property=\"og:site_name\" content=\"Repagas\" \/>\n<meta property=\"article:publisher\" content=\"https:\/\/www.facebook.com\/Repagas\/\" \/>\n<meta property=\"article:modified_time\" content=\"2017-10-18T07:44:29+00:00\" \/>\n<meta property=\"og:image\" content=\"https:\/\/repagas.com\/wp-content\/uploads\/2017\/05\/VirtualPlannerRepagasIt.jpg\" \/>\n\t<meta property=\"og:image:width\" content=\"1400\" \/>\n\t<meta property=\"og:image:height\" content=\"900\" \/>\n\t<meta property=\"og:image:type\" content=\"image\/jpeg\" \/>\n<meta name=\"twitter:card\" content=\"summary_large_image\" \/>\n<meta name=\"twitter:site\" content=\"@Repagas\" \/>\n<meta name=\"twitter:label1\" content=\"Tempo di lettura stimato\" \/>\n\t<meta name=\"twitter:data1\" content=\"1 minuto\" \/>\n<script type=\"application\/ld+json\" class=\"yoast-schema-graph\">{\"@context\":\"https:\/\/schema.org\",\"@graph\":[{\"@type\":\"WebPage\",\"@id\":\"https:\/\/repagas.com\/prodotti\/designer-di-cucine\/\",\"url\":\"https:\/\/repagas.com\/prodotti\/designer-di-cucine\/\",\"name\":\"Dise\u00f1ador de cocinas Repagas, haz realidad tu proyecto\",\"isPartOf\":{\"@id\":\"https:\/\/repagas.com\/#website\"},\"primaryImageOfPage\":{\"@id\":\"https:\/\/repagas.com\/prodotti\/designer-di-cucine\/#primaryimage\"},\"image\":{\"@id\":\"https:\/\/repagas.com\/prodotti\/designer-di-cucine\/#primaryimage\"},\"thumbnailUrl\":\"https:\/\/repagas.com\/wp-content\/uploads\/2017\/05\/VirtualPlannerRepagasIt.jpg\",\"datePublished\":\"2017-05-08T14:27:52+00:00\",\"dateModified\":\"2017-10-18T07:44:29+00:00\",\"description\":\"Con nuestros Dise\u00f1ador de Cocinas Repagas Concept har\u00e1s realidad tu dise\u00f1o de una manera sencilla e intuitiva. \u00a1Comienza a dise\u00f1ar!\",\"breadcrumb\":{\"@id\":\"https:\/\/repagas.com\/prodotti\/designer-di-cucine\/#breadcrumb\"},\"inLanguage\":\"it-IT\",\"potentialAction\":[{\"@type\":\"ReadAction\",\"target\":[\"https:\/\/repagas.com\/prodotti\/designer-di-cucine\/\"]}]},{\"@type\":\"ImageObject\",\"inLanguage\":\"it-IT\",\"@id\":\"https:\/\/repagas.com\/prodotti\/designer-di-cucine\/#primaryimage\",\"url\":\"https:\/\/repagas.com\/wp-content\/uploads\/2017\/05\/VirtualPlannerRepagasIt.jpg\",\"contentUrl\":\"https:\/\/repagas.com\/wp-content\/uploads\/2017\/05\/VirtualPlannerRepagasIt.jpg\",\"width\":1400,\"height\":900},{\"@type\":\"BreadcrumbList\",\"@id\":\"https:\/\/repagas.com\/prodotti\/designer-di-cucine\/#breadcrumb\",\"itemListElement\":[{\"@type\":\"ListItem\",\"position\":1,\"name\":\"Portada\",\"item\":\"https:\/\/repagas.com\/home\/\"},{\"@type\":\"ListItem\",\"position\":2,\"name\":\"Prodotti\",\"item\":\"https:\/\/repagas.com\/prodotti\/\"},{\"@type\":\"ListItem\",\"position\":3,\"name\":\"Designer di Cucine\"}]},{\"@type\":\"WebSite\",\"@id\":\"https:\/\/repagas.com\/#website\",\"url\":\"https:\/\/repagas.com\/\",\"name\":\"Repagas\",\"description\":\"Equipamientos para Hosteler\u00eda, Cocinas industriales para restaurantes, hoteles, bares, cafeter\u00edas, Equipamiento industrial\",\"publisher\":{\"@id\":\"https:\/\/repagas.com\/#organization\"},\"potentialAction\":[{\"@type\":\"SearchAction\",\"target\":{\"@type\":\"EntryPoint\",\"urlTemplate\":\"https:\/\/repagas.com\/?s={search_term_string}\"},\"query-input\":{\"@type\":\"PropertyValueSpecification\",\"valueRequired\":true,\"valueName\":\"search_term_string\"}}],\"inLanguage\":\"it-IT\"},{\"@type\":\"Organization\",\"@id\":\"https:\/\/repagas.com\/#organization\",\"name\":\"REPAGAS\",\"url\":\"https:\/\/repagas.com\/\",\"logo\":{\"@type\":\"ImageObject\",\"inLanguage\":\"it-IT\",\"@id\":\"https:\/\/repagas.com\/#\/schema\/logo\/image\/\",\"url\":\"\",\"contentUrl\":\"\",\"caption\":\"REPAGAS\"},\"image\":{\"@id\":\"https:\/\/repagas.com\/#\/schema\/logo\/image\/\"},\"sameAs\":[\"https:\/\/www.facebook.com\/Repagas\/\",\"https:\/\/x.com\/Repagas\"]}]}<\/script>\n<!-- \/ Yoast SEO plugin. -->","yoast_head_json":{"title":"Dise\u00f1ador de cocinas Repagas, haz realidad tu proyecto","description":"Con nuestros Dise\u00f1ador de Cocinas Repagas Concept har\u00e1s realidad tu dise\u00f1o de una manera sencilla e intuitiva. \u00a1Comienza a dise\u00f1ar!","robots":{"index":"index","follow":"follow","max-snippet":"max-snippet:-1","max-image-preview":"max-image-preview:large","max-video-preview":"max-video-preview:-1"},"canonical":"https:\/\/repagas.com\/prodotti\/designer-di-cucine\/","og_locale":"it_IT","og_type":"article","og_title":"Dise\u00f1ador de cocinas Repagas, haz realidad tu proyecto","og_description":"Con nuestros Dise\u00f1ador de Cocinas Repagas Concept har\u00e1s realidad tu dise\u00f1o de una manera sencilla e intuitiva. \u00a1Comienza a dise\u00f1ar!","og_url":"https:\/\/repagas.com\/prodotti\/designer-di-cucine\/","og_site_name":"Repagas","article_publisher":"https:\/\/www.facebook.com\/Repagas\/","article_modified_time":"2017-10-18T07:44:29+00:00","og_image":[{"width":1400,"height":900,"url":"https:\/\/repagas.com\/wp-content\/uploads\/2017\/05\/VirtualPlannerRepagasIt.jpg","type":"image\/jpeg"}],"twitter_card":"summary_large_image","twitter_site":"@Repagas","twitter_misc":{"Tempo di lettura stimato":"1 minuto"},"schema":{"@context":"https:\/\/schema.org","@graph":[{"@type":"WebPage","@id":"https:\/\/repagas.com\/prodotti\/designer-di-cucine\/","url":"https:\/\/repagas.com\/prodotti\/designer-di-cucine\/","name":"Dise\u00f1ador de cocinas Repagas, haz realidad tu proyecto","isPartOf":{"@id":"https:\/\/repagas.com\/#website"},"primaryImageOfPage":{"@id":"https:\/\/repagas.com\/prodotti\/designer-di-cucine\/#primaryimage"},"image":{"@id":"https:\/\/repagas.com\/prodotti\/designer-di-cucine\/#primaryimage"},"thumbnailUrl":"https:\/\/repagas.com\/wp-content\/uploads\/2017\/05\/VirtualPlannerRepagasIt.jpg","datePublished":"2017-05-08T14:27:52+00:00","dateModified":"2017-10-18T07:44:29+00:00","description":"Con nuestros Dise\u00f1ador de Cocinas Repagas Concept har\u00e1s realidad tu dise\u00f1o de una manera sencilla e intuitiva. \u00a1Comienza a dise\u00f1ar!","breadcrumb":{"@id":"https:\/\/repagas.com\/prodotti\/designer-di-cucine\/#breadcrumb"},"inLanguage":"it-IT","potentialAction":[{"@type":"ReadAction","target":["https:\/\/repagas.com\/prodotti\/designer-di-cucine\/"]}]},{"@type":"ImageObject","inLanguage":"it-IT","@id":"https:\/\/repagas.com\/prodotti\/designer-di-cucine\/#primaryimage","url":"https:\/\/repagas.com\/wp-content\/uploads\/2017\/05\/VirtualPlannerRepagasIt.jpg","contentUrl":"https:\/\/repagas.com\/wp-content\/uploads\/2017\/05\/VirtualPlannerRepagasIt.jpg","width":1400,"height":900},{"@type":"BreadcrumbList","@id":"https:\/\/repagas.com\/prodotti\/designer-di-cucine\/#breadcrumb","itemListElement":[{"@type":"ListItem","position":1,"name":"Portada","item":"https:\/\/repagas.com\/home\/"},{"@type":"ListItem","position":2,"name":"Prodotti","item":"https:\/\/repagas.com\/prodotti\/"},{"@type":"ListItem","position":3,"name":"Designer di Cucine"}]},{"@type":"WebSite","@id":"https:\/\/repagas.com\/#website","url":"https:\/\/repagas.com\/","name":"Repagas","description":"Equipamientos para Hosteler\u00eda, Cocinas industriales para restaurantes, hoteles, bares, cafeter\u00edas, Equipamiento industrial","publisher":{"@id":"https:\/\/repagas.com\/#organization"},"potentialAction":[{"@type":"SearchAction","target":{"@type":"EntryPoint","urlTemplate":"https:\/\/repagas.com\/?s={search_term_string}"},"query-input":{"@type":"PropertyValueSpecification","valueRequired":true,"valueName":"search_term_string"}}],"inLanguage":"it-IT"},{"@type":"Organization","@id":"https:\/\/repagas.com\/#organization","name":"REPAGAS","url":"https:\/\/repagas.com\/","logo":{"@type":"ImageObject","inLanguage":"it-IT","@id":"https:\/\/repagas.com\/#\/schema\/logo\/image\/","url":"","contentUrl":"","caption":"REPAGAS"},"image":{"@id":"https:\/\/repagas.com\/#\/schema\/logo\/image\/"},"sameAs":["https:\/\/www.facebook.com\/Repagas\/","https:\/\/x.com\/Repagas"]}]}},"_links":{"self":[{"href":"https:\/\/repagas.com\/it\/wp-json\/wp\/v2\/pages\/839","targetHints":{"allow":["GET"]}}],"collection":[{"href":"https:\/\/repagas.com\/it\/wp-json\/wp\/v2\/pages"}],"about":[{"href":"https:\/\/repagas.com\/it\/wp-json\/wp\/v2\/types\/page"}],"author":[{"embeddable":true,"href":"https:\/\/repagas.com\/it\/wp-json\/wp\/v2\/users\/1"}],"replies":[{"embeddable":true,"href":"https:\/\/repagas.com\/it\/wp-json\/wp\/v2\/comments?post=839"}],"version-history":[{"count":0,"href":"https:\/\/repagas.com\/it\/wp-json\/wp\/v2\/pages\/839\/revisions"}],"up":[{"embeddable":true,"href":"https:\/\/repagas.com\/it\/wp-json\/wp\/v2\/pages\/836"}],"wp:featuredmedia":[{"embeddable":true,"href":"https:\/\/repagas.com\/it\/wp-json\/wp\/v2\/media\/6538"}],"wp:attachment":[{"href":"https:\/\/repagas.com\/it\/wp-json\/wp\/v2\/media?parent=839"}],"curies":[{"name":"wp","href":"https:\/\/api.w.org\/{rel}","templated":true}]}}