{"id":842,"date":"2017-05-09T15:40:53","date_gmt":"2017-05-09T15:40:53","guid":{"rendered":"https:\/\/repagas.com\/te-asesoramos\/"},"modified":"2017-10-16T11:29:06","modified_gmt":"2017-10-16T11:29:06","slug":"consulenza","status":"publish","type":"page","link":"https:\/\/repagas.com\/it\/consulenza\/","title":{"rendered":"Ti Forniamo Consulenza"},"content":{"rendered":"<h2><strong>Renderemo la tua attivit\u00e0 redditizia, attraente e realizzabile.<\/strong><\/h2>\n<p>Prima di sederti a disegnare i primi schizzi di come sar\u00e0 la tua cucina, dovrai sapere esattamente in che spazio dovrai muoverti: l\u2019offerta gastronomica, il tipo di servizio, la previsione di crescita e perfino il punto di accesso degli ingredienti&#8230; Si tratta di fattori determinanti nella progettazione di una cucina efficiente, ma questo percorso pu\u00f2 essere talvolta arduo e pieno di ostacoli. \u00c8 per questo che Repagas vuole camminare al tuo fianco e aiutarti a schivarli attraverso il nostro servizio <span style=\"color: #e04c4c;\"><strong>Repagas Concept e il nostro Chefconsulting.<\/strong><\/span><\/p>\n<p>Repagas ti accompagner\u00e0 in tutti gli aspetti del tuo modello di business, perch\u00e9 pi\u00f9 saranno progettati per interagire tra di loro, pi\u00f9 fattibile e monitorabile sar\u00e0 il processo di attuazione, di implementazione e di sviluppo. La combinazione di tutti questi fattori render\u00e0 il tuo business redditizio.<\/p>\n","protected":false},"excerpt":{"rendered":"<p>Renderemo la tua attivit\u00e0 redditizia, attraente e realizzabile. Prima di sederti a disegnare i primi schizzi di come sar\u00e0 la tua cucina, dovrai sapere esattamente in che spazio dovrai muoverti: l\u2019offerta gastronomica, il tipo di servizio, la previsione di crescita e perfino il punto di accesso degli ingredienti&#8230; Si tratta di fattori determinanti nella progettazione [&hellip;]<\/p>\n","protected":false},"author":1,"featured_media":201,"parent":0,"menu_order":4,"comment_status":"closed","ping_status":"closed","template":"page-asesoramiento.php","meta":{"footnotes":""},"class_list":["post-842","page","type-page","status-publish","has-post-thumbnail","hentry"],"yoast_head":"<!-- This site is optimized with the Yoast SEO plugin v27.2 - https:\/\/yoast.com\/product\/yoast-seo-wordpress\/ -->\n<title>Repagas, la cucina \u00e8 tutto. Vogliamo consigliarvi.<\/title>\n<meta name=\"description\" content=\"Repagas ti accompagner\u00e0 in tutti gli aspetti del tuo modello di busines. La combinazione di tutti questi fattori render\u00e0 il tuo business redditizio.\" \/>\n<meta name=\"robots\" content=\"index, follow, max-snippet:-1, max-image-preview:large, max-video-preview:-1\" \/>\n<link rel=\"canonical\" href=\"https:\/\/repagas.com\/consulenza\/\" \/>\n<meta property=\"og:locale\" content=\"it_IT\" \/>\n<meta property=\"og:type\" content=\"article\" \/>\n<meta property=\"og:title\" content=\"Repagas, la cucina \u00e8 tutto. Vogliamo consigliarvi.\" \/>\n<meta property=\"og:description\" content=\"Repagas ti accompagner\u00e0 in tutti gli aspetti del tuo modello di busines. La combinazione di tutti questi fattori render\u00e0 il tuo business redditizio.\" \/>\n<meta property=\"og:url\" content=\"https:\/\/repagas.com\/consulenza\/\" \/>\n<meta property=\"og:site_name\" content=\"Repagas\" \/>\n<meta property=\"article:publisher\" content=\"https:\/\/www.facebook.com\/Repagas\/\" \/>\n<meta property=\"article:modified_time\" content=\"2017-10-16T11:29:06+00:00\" \/>\n<meta property=\"og:image\" content=\"https:\/\/repagas.com\/wp-content\/uploads\/2017\/05\/infogra.jpg\" \/>\n\t<meta property=\"og:image:width\" content=\"1060\" \/>\n\t<meta property=\"og:image:height\" content=\"495\" \/>\n\t<meta property=\"og:image:type\" content=\"image\/jpeg\" \/>\n<meta name=\"twitter:card\" content=\"summary_large_image\" \/>\n<meta name=\"twitter:site\" content=\"@Repagas\" \/>\n<meta name=\"twitter:label1\" content=\"Tempo di lettura stimato\" \/>\n\t<meta name=\"twitter:data1\" content=\"1 minuto\" \/>\n<script type=\"application\/ld+json\" class=\"yoast-schema-graph\">{\"@context\":\"https:\/\/schema.org\",\"@graph\":[{\"@type\":\"WebPage\",\"@id\":\"https:\/\/repagas.com\/consulenza\/\",\"url\":\"https:\/\/repagas.com\/consulenza\/\",\"name\":\"Repagas, la cucina \u00e8 tutto. Vogliamo consigliarvi.\",\"isPartOf\":{\"@id\":\"https:\/\/repagas.com\/#website\"},\"primaryImageOfPage\":{\"@id\":\"https:\/\/repagas.com\/consulenza\/#primaryimage\"},\"image\":{\"@id\":\"https:\/\/repagas.com\/consulenza\/#primaryimage\"},\"thumbnailUrl\":\"https:\/\/repagas.com\/wp-content\/uploads\/2017\/05\/infogra.jpg\",\"datePublished\":\"2017-05-09T15:40:53+00:00\",\"dateModified\":\"2017-10-16T11:29:06+00:00\",\"description\":\"Repagas ti accompagner\u00e0 in tutti gli aspetti del tuo modello di busines. La combinazione di tutti questi fattori render\u00e0 il tuo business redditizio.\",\"breadcrumb\":{\"@id\":\"https:\/\/repagas.com\/consulenza\/#breadcrumb\"},\"inLanguage\":\"it-IT\",\"potentialAction\":[{\"@type\":\"ReadAction\",\"target\":[\"https:\/\/repagas.com\/consulenza\/\"]}]},{\"@type\":\"ImageObject\",\"inLanguage\":\"it-IT\",\"@id\":\"https:\/\/repagas.com\/consulenza\/#primaryimage\",\"url\":\"https:\/\/repagas.com\/wp-content\/uploads\/2017\/05\/infogra.jpg\",\"contentUrl\":\"https:\/\/repagas.com\/wp-content\/uploads\/2017\/05\/infogra.jpg\",\"width\":1060,\"height\":495},{\"@type\":\"BreadcrumbList\",\"@id\":\"https:\/\/repagas.com\/consulenza\/#breadcrumb\",\"itemListElement\":[{\"@type\":\"ListItem\",\"position\":1,\"name\":\"Portada\",\"item\":\"https:\/\/repagas.com\/home\/\"},{\"@type\":\"ListItem\",\"position\":2,\"name\":\"Ti Forniamo Consulenza\"}]},{\"@type\":\"WebSite\",\"@id\":\"https:\/\/repagas.com\/#website\",\"url\":\"https:\/\/repagas.com\/\",\"name\":\"Repagas\",\"description\":\"Equipamientos para Hosteler\u00eda, Cocinas industriales para restaurantes, hoteles, bares, cafeter\u00edas, Equipamiento industrial\",\"publisher\":{\"@id\":\"https:\/\/repagas.com\/#organization\"},\"potentialAction\":[{\"@type\":\"SearchAction\",\"target\":{\"@type\":\"EntryPoint\",\"urlTemplate\":\"https:\/\/repagas.com\/?s={search_term_string}\"},\"query-input\":{\"@type\":\"PropertyValueSpecification\",\"valueRequired\":true,\"valueName\":\"search_term_string\"}}],\"inLanguage\":\"it-IT\"},{\"@type\":\"Organization\",\"@id\":\"https:\/\/repagas.com\/#organization\",\"name\":\"REPAGAS\",\"url\":\"https:\/\/repagas.com\/\",\"logo\":{\"@type\":\"ImageObject\",\"inLanguage\":\"it-IT\",\"@id\":\"https:\/\/repagas.com\/#\/schema\/logo\/image\/\",\"url\":\"\",\"contentUrl\":\"\",\"caption\":\"REPAGAS\"},\"image\":{\"@id\":\"https:\/\/repagas.com\/#\/schema\/logo\/image\/\"},\"sameAs\":[\"https:\/\/www.facebook.com\/Repagas\/\",\"https:\/\/x.com\/Repagas\"]}]}<\/script>\n<!-- \/ Yoast SEO plugin. -->","yoast_head_json":{"title":"Repagas, la cucina \u00e8 tutto. Vogliamo consigliarvi.","description":"Repagas ti accompagner\u00e0 in tutti gli aspetti del tuo modello di busines. La combinazione di tutti questi fattori render\u00e0 il tuo business redditizio.","robots":{"index":"index","follow":"follow","max-snippet":"max-snippet:-1","max-image-preview":"max-image-preview:large","max-video-preview":"max-video-preview:-1"},"canonical":"https:\/\/repagas.com\/consulenza\/","og_locale":"it_IT","og_type":"article","og_title":"Repagas, la cucina \u00e8 tutto. Vogliamo consigliarvi.","og_description":"Repagas ti accompagner\u00e0 in tutti gli aspetti del tuo modello di busines. La combinazione di tutti questi fattori render\u00e0 il tuo business redditizio.","og_url":"https:\/\/repagas.com\/consulenza\/","og_site_name":"Repagas","article_publisher":"https:\/\/www.facebook.com\/Repagas\/","article_modified_time":"2017-10-16T11:29:06+00:00","og_image":[{"width":1060,"height":495,"url":"https:\/\/repagas.com\/wp-content\/uploads\/2017\/05\/infogra.jpg","type":"image\/jpeg"}],"twitter_card":"summary_large_image","twitter_site":"@Repagas","twitter_misc":{"Tempo di lettura stimato":"1 minuto"},"schema":{"@context":"https:\/\/schema.org","@graph":[{"@type":"WebPage","@id":"https:\/\/repagas.com\/consulenza\/","url":"https:\/\/repagas.com\/consulenza\/","name":"Repagas, la cucina \u00e8 tutto. Vogliamo consigliarvi.","isPartOf":{"@id":"https:\/\/repagas.com\/#website"},"primaryImageOfPage":{"@id":"https:\/\/repagas.com\/consulenza\/#primaryimage"},"image":{"@id":"https:\/\/repagas.com\/consulenza\/#primaryimage"},"thumbnailUrl":"https:\/\/repagas.com\/wp-content\/uploads\/2017\/05\/infogra.jpg","datePublished":"2017-05-09T15:40:53+00:00","dateModified":"2017-10-16T11:29:06+00:00","description":"Repagas ti accompagner\u00e0 in tutti gli aspetti del tuo modello di busines. La combinazione di tutti questi fattori render\u00e0 il tuo business redditizio.","breadcrumb":{"@id":"https:\/\/repagas.com\/consulenza\/#breadcrumb"},"inLanguage":"it-IT","potentialAction":[{"@type":"ReadAction","target":["https:\/\/repagas.com\/consulenza\/"]}]},{"@type":"ImageObject","inLanguage":"it-IT","@id":"https:\/\/repagas.com\/consulenza\/#primaryimage","url":"https:\/\/repagas.com\/wp-content\/uploads\/2017\/05\/infogra.jpg","contentUrl":"https:\/\/repagas.com\/wp-content\/uploads\/2017\/05\/infogra.jpg","width":1060,"height":495},{"@type":"BreadcrumbList","@id":"https:\/\/repagas.com\/consulenza\/#breadcrumb","itemListElement":[{"@type":"ListItem","position":1,"name":"Portada","item":"https:\/\/repagas.com\/home\/"},{"@type":"ListItem","position":2,"name":"Ti Forniamo Consulenza"}]},{"@type":"WebSite","@id":"https:\/\/repagas.com\/#website","url":"https:\/\/repagas.com\/","name":"Repagas","description":"Equipamientos para Hosteler\u00eda, Cocinas industriales para restaurantes, hoteles, bares, cafeter\u00edas, Equipamiento industrial","publisher":{"@id":"https:\/\/repagas.com\/#organization"},"potentialAction":[{"@type":"SearchAction","target":{"@type":"EntryPoint","urlTemplate":"https:\/\/repagas.com\/?s={search_term_string}"},"query-input":{"@type":"PropertyValueSpecification","valueRequired":true,"valueName":"search_term_string"}}],"inLanguage":"it-IT"},{"@type":"Organization","@id":"https:\/\/repagas.com\/#organization","name":"REPAGAS","url":"https:\/\/repagas.com\/","logo":{"@type":"ImageObject","inLanguage":"it-IT","@id":"https:\/\/repagas.com\/#\/schema\/logo\/image\/","url":"","contentUrl":"","caption":"REPAGAS"},"image":{"@id":"https:\/\/repagas.com\/#\/schema\/logo\/image\/"},"sameAs":["https:\/\/www.facebook.com\/Repagas\/","https:\/\/x.com\/Repagas"]}]}},"_links":{"self":[{"href":"https:\/\/repagas.com\/it\/wp-json\/wp\/v2\/pages\/842","targetHints":{"allow":["GET"]}}],"collection":[{"href":"https:\/\/repagas.com\/it\/wp-json\/wp\/v2\/pages"}],"about":[{"href":"https:\/\/repagas.com\/it\/wp-json\/wp\/v2\/types\/page"}],"author":[{"embeddable":true,"href":"https:\/\/repagas.com\/it\/wp-json\/wp\/v2\/users\/1"}],"replies":[{"embeddable":true,"href":"https:\/\/repagas.com\/it\/wp-json\/wp\/v2\/comments?post=842"}],"version-history":[{"count":31,"href":"https:\/\/repagas.com\/it\/wp-json\/wp\/v2\/pages\/842\/revisions"}],"predecessor-version":[{"id":5736,"href":"https:\/\/repagas.com\/it\/wp-json\/wp\/v2\/pages\/842\/revisions\/5736"}],"wp:featuredmedia":[{"embeddable":true,"href":"https:\/\/repagas.com\/it\/wp-json\/wp\/v2\/media\/201"}],"wp:attachment":[{"href":"https:\/\/repagas.com\/it\/wp-json\/wp\/v2\/media?parent=842"}],"curies":[{"name":"wp","href":"https:\/\/api.w.org\/{rel}","templated":true}]}}