{"id":844,"date":"2017-05-10T07:38:47","date_gmt":"2017-05-10T07:38:47","guid":{"rendered":"https:\/\/repagas.com\/repagas-contigo\/"},"modified":"2018-07-23T10:03:08","modified_gmt":"2018-07-23T10:03:08","slug":"chefconsulting","status":"publish","type":"page","link":"https:\/\/repagas.com\/it\/chefconsulting\/","title":{"rendered":"Chefconsulting"},"content":{"rendered":"<p>In questa sezione il nostro Chef aziendale di Repagas, Pablo Mart\u00ednez, cercher\u00e0 di aiutarti rispondendo ad alcune delle domande pi\u00f9 frequenti che possono sorgere quando si utilizza qualsiasi attrezzatura Repagas per facilitare il lavoro in cucina.<\/p>\n<p>&nbsp;<\/p>\n","protected":false},"excerpt":{"rendered":"<p>In questa sezione il nostro Chef aziendale di Repagas, Pablo Mart\u00ednez, cercher\u00e0 di aiutarti rispondendo ad alcune delle domande pi\u00f9 frequenti che possono sorgere quando si utilizza qualsiasi attrezzatura Repagas per facilitare il lavoro in cucina. &nbsp;<\/p>\n","protected":false},"author":1,"featured_media":0,"parent":0,"menu_order":5,"comment_status":"closed","ping_status":"closed","template":"page-faq.php","meta":{"footnotes":""},"class_list":["post-844","page","type-page","status-publish","hentry"],"yoast_head":"<!-- This site is optimized with the Yoast SEO plugin v27.2 - https:\/\/yoast.com\/product\/yoast-seo-wordpress\/ -->\n<title>Chefconsulting, domande frequenti della attrezzature Repagas<\/title>\n<meta name=\"description\" content=\"In questa sezione il nostro Chef aziendale di Repagas, Pablo Mart\u00ednez, cercher\u00e0 di aiutarti rispondendo ad alcune delle domande pi\u00f9 frequenti\" \/>\n<meta name=\"robots\" content=\"index, follow, max-snippet:-1, max-image-preview:large, max-video-preview:-1\" \/>\n<link rel=\"canonical\" href=\"https:\/\/repagas.com\/chefconsulting\/\" \/>\n<meta property=\"og:locale\" content=\"it_IT\" \/>\n<meta property=\"og:type\" content=\"article\" \/>\n<meta property=\"og:title\" content=\"Chefconsulting, domande frequenti della attrezzature Repagas\" \/>\n<meta property=\"og:description\" content=\"In questa sezione il nostro Chef aziendale di Repagas, Pablo Mart\u00ednez, cercher\u00e0 di aiutarti rispondendo ad alcune delle domande pi\u00f9 frequenti\" \/>\n<meta property=\"og:url\" content=\"https:\/\/repagas.com\/chefconsulting\/\" \/>\n<meta property=\"og:site_name\" content=\"Repagas\" \/>\n<meta property=\"article:publisher\" content=\"https:\/\/www.facebook.com\/Repagas\/\" \/>\n<meta property=\"article:modified_time\" content=\"2018-07-23T10:03:08+00:00\" \/>\n<meta name=\"twitter:card\" content=\"summary_large_image\" \/>\n<meta name=\"twitter:site\" content=\"@Repagas\" \/>\n<script type=\"application\/ld+json\" class=\"yoast-schema-graph\">{\"@context\":\"https:\/\/schema.org\",\"@graph\":[{\"@type\":\"WebPage\",\"@id\":\"https:\/\/repagas.com\/chefconsulting\/\",\"url\":\"https:\/\/repagas.com\/chefconsulting\/\",\"name\":\"Chefconsulting, domande frequenti della attrezzature Repagas\",\"isPartOf\":{\"@id\":\"https:\/\/repagas.com\/#website\"},\"datePublished\":\"2017-05-10T07:38:47+00:00\",\"dateModified\":\"2018-07-23T10:03:08+00:00\",\"description\":\"In questa sezione il nostro Chef aziendale di Repagas, Pablo Mart\u00ednez, cercher\u00e0 di aiutarti rispondendo ad alcune delle domande pi\u00f9 frequenti\",\"breadcrumb\":{\"@id\":\"https:\/\/repagas.com\/chefconsulting\/#breadcrumb\"},\"inLanguage\":\"it-IT\",\"potentialAction\":[{\"@type\":\"ReadAction\",\"target\":[\"https:\/\/repagas.com\/chefconsulting\/\"]}]},{\"@type\":\"BreadcrumbList\",\"@id\":\"https:\/\/repagas.com\/chefconsulting\/#breadcrumb\",\"itemListElement\":[{\"@type\":\"ListItem\",\"position\":1,\"name\":\"Portada\",\"item\":\"https:\/\/repagas.com\/home\/\"},{\"@type\":\"ListItem\",\"position\":2,\"name\":\"Chefconsulting\"}]},{\"@type\":\"WebSite\",\"@id\":\"https:\/\/repagas.com\/#website\",\"url\":\"https:\/\/repagas.com\/\",\"name\":\"Repagas\",\"description\":\"Equipamientos para Hosteler\u00eda, Cocinas industriales para restaurantes, hoteles, bares, cafeter\u00edas, Equipamiento industrial\",\"publisher\":{\"@id\":\"https:\/\/repagas.com\/#organization\"},\"potentialAction\":[{\"@type\":\"SearchAction\",\"target\":{\"@type\":\"EntryPoint\",\"urlTemplate\":\"https:\/\/repagas.com\/?s={search_term_string}\"},\"query-input\":{\"@type\":\"PropertyValueSpecification\",\"valueRequired\":true,\"valueName\":\"search_term_string\"}}],\"inLanguage\":\"it-IT\"},{\"@type\":\"Organization\",\"@id\":\"https:\/\/repagas.com\/#organization\",\"name\":\"REPAGAS\",\"url\":\"https:\/\/repagas.com\/\",\"logo\":{\"@type\":\"ImageObject\",\"inLanguage\":\"it-IT\",\"@id\":\"https:\/\/repagas.com\/#\/schema\/logo\/image\/\",\"url\":\"\",\"contentUrl\":\"\",\"caption\":\"REPAGAS\"},\"image\":{\"@id\":\"https:\/\/repagas.com\/#\/schema\/logo\/image\/\"},\"sameAs\":[\"https:\/\/www.facebook.com\/Repagas\/\",\"https:\/\/x.com\/Repagas\"]}]}<\/script>\n<!-- \/ Yoast SEO plugin. -->","yoast_head_json":{"title":"Chefconsulting, domande frequenti della attrezzature Repagas","description":"In questa sezione il nostro Chef aziendale di Repagas, Pablo Mart\u00ednez, cercher\u00e0 di aiutarti rispondendo ad alcune delle domande pi\u00f9 frequenti","robots":{"index":"index","follow":"follow","max-snippet":"max-snippet:-1","max-image-preview":"max-image-preview:large","max-video-preview":"max-video-preview:-1"},"canonical":"https:\/\/repagas.com\/chefconsulting\/","og_locale":"it_IT","og_type":"article","og_title":"Chefconsulting, domande frequenti della attrezzature Repagas","og_description":"In questa sezione il nostro Chef aziendale di Repagas, Pablo Mart\u00ednez, cercher\u00e0 di aiutarti rispondendo ad alcune delle domande pi\u00f9 frequenti","og_url":"https:\/\/repagas.com\/chefconsulting\/","og_site_name":"Repagas","article_publisher":"https:\/\/www.facebook.com\/Repagas\/","article_modified_time":"2018-07-23T10:03:08+00:00","twitter_card":"summary_large_image","twitter_site":"@Repagas","schema":{"@context":"https:\/\/schema.org","@graph":[{"@type":"WebPage","@id":"https:\/\/repagas.com\/chefconsulting\/","url":"https:\/\/repagas.com\/chefconsulting\/","name":"Chefconsulting, domande frequenti della attrezzature Repagas","isPartOf":{"@id":"https:\/\/repagas.com\/#website"},"datePublished":"2017-05-10T07:38:47+00:00","dateModified":"2018-07-23T10:03:08+00:00","description":"In questa sezione il nostro Chef aziendale di Repagas, Pablo Mart\u00ednez, cercher\u00e0 di aiutarti rispondendo ad alcune delle domande pi\u00f9 frequenti","breadcrumb":{"@id":"https:\/\/repagas.com\/chefconsulting\/#breadcrumb"},"inLanguage":"it-IT","potentialAction":[{"@type":"ReadAction","target":["https:\/\/repagas.com\/chefconsulting\/"]}]},{"@type":"BreadcrumbList","@id":"https:\/\/repagas.com\/chefconsulting\/#breadcrumb","itemListElement":[{"@type":"ListItem","position":1,"name":"Portada","item":"https:\/\/repagas.com\/home\/"},{"@type":"ListItem","position":2,"name":"Chefconsulting"}]},{"@type":"WebSite","@id":"https:\/\/repagas.com\/#website","url":"https:\/\/repagas.com\/","name":"Repagas","description":"Equipamientos para Hosteler\u00eda, Cocinas industriales para restaurantes, hoteles, bares, cafeter\u00edas, Equipamiento industrial","publisher":{"@id":"https:\/\/repagas.com\/#organization"},"potentialAction":[{"@type":"SearchAction","target":{"@type":"EntryPoint","urlTemplate":"https:\/\/repagas.com\/?s={search_term_string}"},"query-input":{"@type":"PropertyValueSpecification","valueRequired":true,"valueName":"search_term_string"}}],"inLanguage":"it-IT"},{"@type":"Organization","@id":"https:\/\/repagas.com\/#organization","name":"REPAGAS","url":"https:\/\/repagas.com\/","logo":{"@type":"ImageObject","inLanguage":"it-IT","@id":"https:\/\/repagas.com\/#\/schema\/logo\/image\/","url":"","contentUrl":"","caption":"REPAGAS"},"image":{"@id":"https:\/\/repagas.com\/#\/schema\/logo\/image\/"},"sameAs":["https:\/\/www.facebook.com\/Repagas\/","https:\/\/x.com\/Repagas"]}]}},"_links":{"self":[{"href":"https:\/\/repagas.com\/it\/wp-json\/wp\/v2\/pages\/844","targetHints":{"allow":["GET"]}}],"collection":[{"href":"https:\/\/repagas.com\/it\/wp-json\/wp\/v2\/pages"}],"about":[{"href":"https:\/\/repagas.com\/it\/wp-json\/wp\/v2\/types\/page"}],"author":[{"embeddable":true,"href":"https:\/\/repagas.com\/it\/wp-json\/wp\/v2\/users\/1"}],"replies":[{"embeddable":true,"href":"https:\/\/repagas.com\/it\/wp-json\/wp\/v2\/comments?post=844"}],"version-history":[{"count":16,"href":"https:\/\/repagas.com\/it\/wp-json\/wp\/v2\/pages\/844\/revisions"}],"predecessor-version":[{"id":9337,"href":"https:\/\/repagas.com\/it\/wp-json\/wp\/v2\/pages\/844\/revisions\/9337"}],"wp:attachment":[{"href":"https:\/\/repagas.com\/it\/wp-json\/wp\/v2\/media?parent=844"}],"curies":[{"name":"wp","href":"https:\/\/api.w.org\/{rel}","templated":true}]}}